{"id":14114,"date":"2021-02-15T20:12:49","date_gmt":"2021-02-15T20:12:49","guid":{"rendered":"https:\/\/hangar.com.pt\/online\/?page_id=14114"},"modified":"2021-02-18T20:57:31","modified_gmt":"2021-02-18T20:57:31","slug":"art-decolonial-education-as-a-practice-of-freedom-art-and-life-art-as-a-form-of-activism-in-a-decolonial-education","status":"publish","type":"page","link":"https:\/\/hangar.com.pt\/online\/media-library\/art-decolonial-education-as-a-practice-of-freedom-art-and-life-art-as-a-form-of-activism-in-a-decolonial-education\/","title":{"rendered":"Art \/ Decolonial Education as a Practice of Freedom &#8211; Art and life \u2013 art as a form of activism in a decolonial education"},"content":{"rendered":"<div class=\"wpb-content-wrapper\"><p>[vc_row][vc_column width=&#8221;2\/6&#8243;][vc_empty_space height=&#8221;10px&#8221;][vc_single_image image=&#8221;11491&#8243; img_size=&#8221;80&#215;80&#8243; onclick=&#8221;custom_link&#8221; link=&#8221;https:\/\/hangar.com.pt\/online\/&#8221;][\/vc_column][vc_column width=&#8221;4\/6&#8243;][vc_wp_custommenu nav_menu=&#8221;6564&#8243; el_class=&#8221;my-awesome-widget&#8221;][\/vc_column][\/vc_row][vc_row][vc_column][vc_custom_heading text=&#8221;Talks&#8221; use_theme_fonts=&#8221;yes&#8221;][vc_separator][\/vc_column][\/vc_row][vc_row][vc_column width=&#8221;2\/6&#8243;][vc_wp_custommenu nav_menu=&#8221;6568&#8243;][\/vc_column][vc_column width=&#8221;4\/6&#8243;][vc_column_text]<\/p>\n<h4>Cycle: Art \/ Decolonial Education as a Practice of Freedom, 2020<\/h4>\n<p>[\/vc_column_text][vc_single_image image=&#8221;12054&#8243; img_size=&#8221;full&#8221; alignment=&#8221;center&#8221;][vc_separator][vc_column_text]<strong>Talk 3 \u2013 May 25th \u2013 6 pm \u2013 Rui Estrela and Raquel Lima \u2013 Art and life \u2013 art as a form of activism in a decolonial education<\/strong><\/p>\n<p>Education through art from a space of disobedience. How can art change the way of educating? What is the place of the children of the African Diaspora who are part of this territory? What education can we have in times when Global Citizenship is advocated? Can art design a future in order to guide what can be built in the present?<\/p>\n<p>Project coordinated by M\u00f3nica de Miranda as part of the research group Post-Archive at CEC with support of FCT.[\/vc_column_text][vc_separator][vc_column_text]<strong>Raquel Lima<\/strong>\u00a0(Lisboa, 1983) is a poet, performer, art educator and a PhD Candidate in the program Post-Colonialisms and Global Citizenship of the Centre for Social Studies in the University of Coimbra, with her research focused on orature, slavery and afrodiasporic movements. She co-founded the cultural association Pantalassa (2011) and was the General Coordinator and Artistic Director of PortugalSLAM \u2013 International Festival for Poetry and Performance (2012-2017). She has a ten-year journey of oral poetry, a movement that has taken her to over a dozen countries in Europe, South America and Africa. During this period, she presented her work in literature, oral narration, poetry slam, spokenword, performance and music events, namely FLIP \u2013 Festa Liter\u00e1ria Internacional de Paraty, FLUP Rio \u2013 Festival Liter\u00e1rio das Periferias, FOLIO \u2013 Festival Liter\u00e1rio Internacional de \u00d3bidos, Festival Sil\u00eancio, Palavras Andarilhas, among others. She published her poetry in several languages and, besides the performances, she have been organizing poetry workshops, highlighting the \u2018Workshop Poetry and Gender: for an intersectional poetic writing\u2019, She is now collaborating with the research project Post-Archive: Politics of Memory, Place and Identity, from the School of Arts and Humanities of the University of Lisbon. She published her first book and audiobook of poetry in October 2019, entitled Ingenuidade Inoc\u00eancia Ignor\u00e2ncia, by the editors BOCA and Animal Sentimental. She is part of the Anti-Racist Nucleus of Coimbra (NAC).<\/p>\n<p><b>Rui Estrela\u00a0<\/b>is a militant\u00a0 and community organizer that has been working political thought and practices from a decolonial point of view, using mutual aid and popular education as tools to achieve social transformation. Rui holds a diploma in Political Science and International Relations from the Lusophone University of Humanities and Technologies and is studying Social and Solidarity Economics in the ISCTE University Institute of Lisbon.\u00a0 working solidarity responses in spaces of diminished democracy as forms of combat against the violence of Institutional Racism, based on the experience of the Plataforma Gueto movement.[\/vc_column_text][vc_column_text]See also:<\/p>\n<p><a href=\"https:\/\/hangar.com.pt\/online\/cycle-art-decolonial-education-as-a-practice-of-freedom\/\" target=\"_blank\" rel=\"noopener noreferrer\">https:\/\/hangar.com.pt\/online\/cycle-art-decolonial-education-as-a-practice-of-freedom\/<\/a><\/p>\n<p>[\/vc_column_text][\/vc_column][\/vc_row]<\/p>\n<\/div>","protected":false},"excerpt":{"rendered":"<p>[vc_row][vc_column width=&#8221;2\/6&#8243;][vc_empty_space height=&#8221;10px&#8221;][vc_single_image image=&#8221;11491&#8243; img_size=&#8221;80&#215;80&#8243; onclick=&#8221;custom_link&#8221; link=&#8221;https:\/\/hangar.com.pt\/online\/&#8221;][\/vc_column][vc_column width=&#8221;4\/6&#8243;][vc_wp_custommenu nav_menu=&#8221;6564&#8243; el_class=&#8221;my-awesome-widget&#8221;][\/vc_column][\/vc_row][vc_row][vc_column][vc_custom_heading text=&#8221;Talks&#8221; use_theme_fonts=&#8221;yes&#8221;][vc_separator][\/vc_column][\/vc_row][vc_row][vc_column width=&#8221;2\/6&#8243;][vc_wp_custommenu nav_menu=&#8221;6568&#8243;][\/vc_column][vc_column width=&#8221;4\/6&#8243;][vc_column_text] Cycle: Art \/ Decolonial Education as a Practice of Freedom, 2020 [\/vc_column_text][vc_single_image image=&#8221;12054&#8243; img_size=&#8221;full&#8221; alignment=&#8221;center&#8221;][vc_separator][vc_column_text]Talk 3 \u2013 May 25th \u2013 6 pm \u2013 Rui Estrela &hellip; <\/p>\n","protected":false},"author":1,"featured_media":0,"parent":12862,"menu_order":0,"comment_status":"closed","ping_status":"closed","template":"page-templates\/blank-page.php","meta":{"_bbp_topic_count":0,"_bbp_reply_count":0,"_bbp_total_topic_count":0,"_bbp_total_reply_count":0,"_bbp_voice_count":0,"_bbp_anonymous_reply_count":0,"_bbp_topic_count_hidden":0,"_bbp_reply_count_hidden":0,"_bbp_forum_subforum_count":0,"pmpro_default_level":0,"footnotes":""},"class_list":["post-14114","page","type-page","status-publish","hentry","pmpro-has-access"],"_links":{"self":[{"href":"https:\/\/hangar.com.pt\/online\/wp-json\/wp\/v2\/pages\/14114","targetHints":{"allow":["GET"]}}],"collection":[{"href":"https:\/\/hangar.com.pt\/online\/wp-json\/wp\/v2\/pages"}],"about":[{"href":"https:\/\/hangar.com.pt\/online\/wp-json\/wp\/v2\/types\/page"}],"author":[{"embeddable":true,"href":"https:\/\/hangar.com.pt\/online\/wp-json\/wp\/v2\/users\/1"}],"replies":[{"embeddable":true,"href":"https:\/\/hangar.com.pt\/online\/wp-json\/wp\/v2\/comments?post=14114"}],"version-history":[{"count":3,"href":"https:\/\/hangar.com.pt\/online\/wp-json\/wp\/v2\/pages\/14114\/revisions"}],"predecessor-version":[{"id":14134,"href":"https:\/\/hangar.com.pt\/online\/wp-json\/wp\/v2\/pages\/14114\/revisions\/14134"}],"up":[{"embeddable":true,"href":"https:\/\/hangar.com.pt\/online\/wp-json\/wp\/v2\/pages\/12862"}],"wp:attachment":[{"href":"https:\/\/hangar.com.pt\/online\/wp-json\/wp\/v2\/media?parent=14114"}],"curies":[{"name":"wp","href":"https:\/\/api.w.org\/{rel}","templated":true}]}}