{"id":14086,"date":"2021-02-15T17:52:32","date_gmt":"2021-02-15T17:52:32","guid":{"rendered":"https:\/\/hangar.com.pt\/online\/?page_id=14086"},"modified":"2021-02-18T19:59:42","modified_gmt":"2021-02-18T19:59:42","slug":"atlantica-talks-1","status":"publish","type":"page","link":"https:\/\/hangar.com.pt\/online\/media-library\/atlantica-talks-1\/","title":{"rendered":"Atlantica Talks &#8211; Curating in Angola"},"content":{"rendered":"<div class=\"wpb-content-wrapper\"><p>[vc_row][vc_column width=&#8221;2\/6&#8243;][vc_empty_space height=&#8221;10px&#8221;][vc_single_image image=&#8221;11491&#8243; img_size=&#8221;80&#215;80&#8243; onclick=&#8221;custom_link&#8221; link=&#8221;https:\/\/hangar.com.pt\/online\/&#8221;][\/vc_column][vc_column width=&#8221;4\/6&#8243;][vc_wp_custommenu nav_menu=&#8221;6564&#8243; el_class=&#8221;my-awesome-widget&#8221;][\/vc_column][\/vc_row][vc_row][vc_column][vc_custom_heading text=&#8221;Talks&#8221; use_theme_fonts=&#8221;yes&#8221;][vc_separator][\/vc_column][\/vc_row][vc_row][vc_column width=&#8221;2\/6&#8243;][vc_wp_custommenu nav_menu=&#8221;6568&#8243;][\/vc_column][vc_column width=&#8221;4\/6&#8243;][vc_column_text]<\/p>\n<h4>Atlantica Talks, 2020<\/h4>\n<p>[\/vc_column_text][vc_column_text]<\/p>\n<!--[if lt IE 9]><script>document.createElement('audio');<\/script><![endif]-->\n<audio class=\"wp-audio-shortcode\" id=\"audio-14086-1\" preload=\"none\" style=\"width: 100%;\" controls=\"controls\"><source type=\"audio\/mpeg\" src=\"https:\/\/hangar.com.pt\/online\/wp-content\/uploads\/2021\/01\/HANGAR-ATLANTICA-TALK-1_30062022_v2.mp3?_=1\" \/><a href=\"https:\/\/hangar.com.pt\/online\/wp-content\/uploads\/2021\/01\/HANGAR-ATLANTICA-TALK-1_30062022_v2.mp3\">https:\/\/hangar.com.pt\/online\/wp-content\/uploads\/2021\/01\/HANGAR-ATLANTICA-TALK-1_30062022_v2.mp3<\/a><\/audio>\n<p>[\/vc_column_text][vc_single_image image=&#8221;11853&#8243; img_size=&#8221;full&#8221; alignment=&#8221;center&#8221;][vc_column_text]\u00a9Spigelia marilandia, 2018. Collage, 14.7 x 9.6 cm copyright: Alida Rodrigues[\/vc_column_text][vc_column_text]<strong>\u201cContemporary art in Angola\u201d<\/strong><\/p>\n<p>Atlantica is a book about contemporary art from Angola and its diaspora, conceived and developed by artists in tandem with theorists, curators and scholars to consider the art production of the new millennium in Angola. The book brings together artists born after Independence, with distinct personal histories, perspectives, and artistic visions. Art practices that have emerged in, or engaged with this region, are in themselves tools of resistance and rebellion, and are, as such, central to the decolonisation strategies that artists have used to understand, analyse and resist the socio-economic impact of everyday events and their own personal realities. Atlantica Talks discusses some of the central themes of the book.<\/p>\n<p><strong>Talk 1 \u2013 Curating in Angola \u2013 May 30th \u2013 6 pm<\/strong><\/p>\n<p>A talk between Andr\u00e9 Cunha and Paula Nascimento, moderated by Marissa Moorman.<\/p>\n<p>What are the issues around the recent emergence of curating in Angola, both at home and abroad? From the perspective of two prominent figures among the new generation of Angolan curators, Paula Nascimento and Andr\u00e9 Cunha, we understand the context of curatorial practices that have emerged in Angola and in the diaspora.[\/vc_column_text][vc_separator][vc_column_text]<strong>Andr\u00e9 Cunha<\/strong>\u00a0(1987) lives and works between Luanda and Lisbon. He has received an MA in Curatorial Studies from Lisbon Fine Arts University and Caloust Gulbenkian Foundation. He has worked for institutions such as Carpe Diem Art and Research in exhibitions presenting the work of ngela Ferreira, Alejandro Somaschini and Jos\u00e9 Bechara and at CAM-Gulbenkian Foundation in presenting the work of Javier Tellez. His independent curatorial works include Pesquisa de 70 e Novas Superf\u00edcies, Ant\u00f3nio Ole at UNAP Luanda, the collectives Al\u00e9m-Margen(s), with Eust\u00e1quio Neves, D\u00e9lio Jasse, Francisco Vidal, Kiluanji Kia Henda, Mauro Pinto and M\u00f3nica de Miranda at Plataforma Rev\u00f3lver, Lisboa and Luanda 02_14: Respostas? ao (Des)envolvimento, with Francisco Vidal, Ihosvanny Cisneros and Nelo Teixeira at BAI Centro Cultural, Luanda. He has been a curator, producer and collaborator of Fuckin\u2019 Globo! He has an ongoing project about Laborat\u00f3rio Nacional de Cinema of Televis\u00e3o P\u00fablica de Angola. Currently he is curator of the Carnival Trilogy.<\/p>\n<p><strong>Marissa Moorman<\/strong>\u00a0is an Associate Professor of African History and of Cinema and Media Studies at Indiana University-Bloomington. She is the author of Intonations: a Social History of Music and Nation in Luanda, Angola, 1945-Recent Times (Ohio University Press, 2008) and Powerful Frequencies: Radio, State Power, and the Cold War in Angola, 1931-2002 (Ohio University Press, 2019). Moorman has published on music, fashion, film, radio, and urban space. She is on the editorial board of Africa is a Country, the blog that is not about Bono, famine or Obama, where she is also a regular contributor. Moorman is also an editor of The Journal of African History and on the editorial collective of The Radical History Review.<\/p>\n<p><strong>Paula Nascimento<\/strong>\u00a0(Director of Beyond Entropy Africa) was born in Luanda in 1981.. She studied at Southbank University and at the Architectural Association School of Architecture in London. She works for \u00c1lvaro Siza Architects and RDA. At the moment, Paula Nascimento lives and works in Luanda and is a consultant for COCA Consultants of Energy and Environment. She is also the director of Beyond Entropy Africa. Since 2013 she has served as a member of the Inter-ministerial committee of the Republic of Angola for the Expo Milano in 2015. Also in 2013, she became curator of the Luanda exhibition Cidade Enciclop\u00e9dia (City Encyclopedia) with Stefano Rabli Pansera. The project was awarded the Le\u00e3o de Ouro in Bienal de Veneza.[\/vc_column_text][vc_separator][vc_column_text]See also:<\/p>\n<p><a href=\"https:\/\/hangar.com.pt\/online\/atlantica-talks\/\" target=\"_blank\" rel=\"noopener noreferrer\">https:\/\/hangar.com.pt\/online\/atlantica-talks\/<\/a>[\/vc_column_text][\/vc_column][\/vc_row]<\/p>\n<\/div>","protected":false},"excerpt":{"rendered":"<p>[vc_row][vc_column width=&#8221;2\/6&#8243;][vc_empty_space height=&#8221;10px&#8221;][vc_single_image image=&#8221;11491&#8243; img_size=&#8221;80&#215;80&#8243; onclick=&#8221;custom_link&#8221; link=&#8221;https:\/\/hangar.com.pt\/online\/&#8221;][\/vc_column][vc_column width=&#8221;4\/6&#8243;][vc_wp_custommenu nav_menu=&#8221;6564&#8243; el_class=&#8221;my-awesome-widget&#8221;][\/vc_column][\/vc_row][vc_row][vc_column][vc_custom_heading text=&#8221;Talks&#8221; use_theme_fonts=&#8221;yes&#8221;][vc_separator][\/vc_column][\/vc_row][vc_row][vc_column width=&#8221;2\/6&#8243;][vc_wp_custommenu nav_menu=&#8221;6568&#8243;][\/vc_column][vc_column width=&#8221;4\/6&#8243;][vc_column_text] Atlantica Talks, 2020 [\/vc_column_text][vc_column_text] [\/vc_column_text][vc_single_image image=&#8221;11853&#8243; img_size=&#8221;full&#8221; alignment=&#8221;center&#8221;][vc_column_text]\u00a9Spigelia marilandia, 2018. Collage, 14.7 x 9.6 cm copyright: Alida Rodrigues[\/vc_column_text][vc_column_text]\u201cContemporary art in Angola\u201d Atlantica is a book &hellip; <\/p>\n","protected":false},"author":1,"featured_media":0,"parent":12862,"menu_order":0,"comment_status":"closed","ping_status":"closed","template":"page-templates\/blank-page.php","meta":{"_bbp_topic_count":0,"_bbp_reply_count":0,"_bbp_total_topic_count":0,"_bbp_total_reply_count":0,"_bbp_voice_count":0,"_bbp_anonymous_reply_count":0,"_bbp_topic_count_hidden":0,"_bbp_reply_count_hidden":0,"_bbp_forum_subforum_count":0,"pmpro_default_level":0,"footnotes":""},"class_list":["post-14086","page","type-page","status-publish","hentry","pmpro-has-access"],"_links":{"self":[{"href":"https:\/\/hangar.com.pt\/online\/wp-json\/wp\/v2\/pages\/14086","targetHints":{"allow":["GET"]}}],"collection":[{"href":"https:\/\/hangar.com.pt\/online\/wp-json\/wp\/v2\/pages"}],"about":[{"href":"https:\/\/hangar.com.pt\/online\/wp-json\/wp\/v2\/types\/page"}],"author":[{"embeddable":true,"href":"https:\/\/hangar.com.pt\/online\/wp-json\/wp\/v2\/users\/1"}],"replies":[{"embeddable":true,"href":"https:\/\/hangar.com.pt\/online\/wp-json\/wp\/v2\/comments?post=14086"}],"version-history":[{"count":5,"href":"https:\/\/hangar.com.pt\/online\/wp-json\/wp\/v2\/pages\/14086\/revisions"}],"predecessor-version":[{"id":14128,"href":"https:\/\/hangar.com.pt\/online\/wp-json\/wp\/v2\/pages\/14086\/revisions\/14128"}],"up":[{"embeddable":true,"href":"https:\/\/hangar.com.pt\/online\/wp-json\/wp\/v2\/pages\/12862"}],"wp:attachment":[{"href":"https:\/\/hangar.com.pt\/online\/wp-json\/wp\/v2\/media?parent=14086"}],"curies":[{"name":"wp","href":"https:\/\/api.w.org\/{rel}","templated":true}]}}