{"id":13055,"date":"2020-09-05T17:25:14","date_gmt":"2020-09-05T17:25:14","guid":{"rendered":"https:\/\/hangar.com.pt\/online\/?page_id=13055"},"modified":"2021-01-25T19:08:07","modified_gmt":"2021-01-25T19:08:07","slug":"rene-tavares","status":"publish","type":"page","link":"https:\/\/hangar.com.pt\/online\/media-library\/rene-tavares\/","title":{"rendered":"Ren\u00e9 Tavares"},"content":{"rendered":"<div class=\"wpb-content-wrapper\"><p>[vc_row][vc_column width=&#8221;2\/6&#8243;][vc_empty_space height=&#8221;10px&#8221;][vc_single_image image=&#8221;11491&#8243; img_size=&#8221;80&#215;80&#8243; onclick=&#8221;custom_link&#8221; link=&#8221;https:\/\/hangar.com.pt\/online\/&#8221;][\/vc_column][vc_column width=&#8221;4\/6&#8243;][vc_wp_custommenu nav_menu=&#8221;6564&#8243; el_class=&#8221;my-awesome-widget&#8221;][\/vc_column][\/vc_row][vc_row][vc_column][vc_custom_heading text=&#8221;Artists&#8221; use_theme_fonts=&#8221;yes&#8221;][vc_separator][\/vc_column][\/vc_row][vc_row][vc_column width=&#8221;2\/6&#8243;][vc_wp_custommenu nav_menu=&#8221;6563&#8243;][\/vc_column][vc_column width=&#8221;4\/6&#8243;][vc_column_text]<strong>Ren\u00e9 Tavares<\/strong> (S\u00e3o Tom\u00e9, S\u00e3o Tom\u00e9 and Pr\u00edncipe, 1983) translates into traces, lines and stains a personal synthesis of his own identity, always in (unfinished) process, positioning himself in constant movement between present and older references. He is interested in deepening the permeability of the frontiers between stories, languages and techniques whilst sharing that exploratory path. Ren\u00e9\u2019s an artist that reflects in his own works, one\u2019s own experience of contemporary displacement and relocation between the various areas of post-colonial contact. In much of his works, its noticeable what the artist calls as \u201cl\u2019imagerie comun\u201d, a simple representation of an object or common form that is part of a pictorial space of pure abstraction and that allows the treatment of lines as a technique of drawing and painting, in which, various references appear out of context, mixed and ambiguous, such as a transposition of memory. Lately, his work has assumed a political\/cultural reality and through which the artist calls attention for the everyday reality, bringing memorable references of identity for a contemporary context. Impartially intervenes on the development of social and political mentality, not by means of a desire for political discourse, but due to politics being a necessary regime in the everyday reality. Graduated at the School of Fine Arts in Dakar, Senegal. In 2008\/09 won a scholarship at the \u00c9cole de Beaux Arts de Rennes (France) for the development of its own visual arts research in Rennes (France), and integrated in parallel the course of photography of ARC\/Rennes project. In 2011, attends the master\u2019s degree in arts and Heritage Sciences, at the Faculty of Fine Arts at the University of Lisbon. Has exhibited in Saint Tom\u00e9, Lisbon, Paris, Brussels, Amsterdam, Luanda, Johannesburg and New York. Participated in 2008 at the collective exhibition \u201cAfrica Now\u201d in Washington, organized by the World Bank and in 2015 integrated the International Exhibition Lumi\u00e8res d\u2019Afrique, at the Palais Chaillot in Paris, France. More recently, was nominated for the \u201cAfrica\u2019s Most Influential New Artist Talent | FNB\u201d, Joburg Art Fair 2018. Currently, living and working between Saint Tom\u00e9 and Lisbon, Portugal.[\/vc_column_text][vc_separator][vc_column_text]<\/p>\n<h2><span style=\"color: #0000ff;\"><strong>Works<\/strong><\/span><\/h2>\n<p>[\/vc_column_text][vc_column_text]<strong>Mionga House, 2014<\/strong>[\/vc_column_text][vc_column_text]<\/p>\n\r\n\r\n<div style=\"max-width:px; margin:0px auto;\" >\r\n<video playsinline class=\"player11965\" preload=\"auto\" \r\nposter=\"https:\/\/hangar.com.pt\/courses\/wp-content\/uploads\/2020\/06\/Rene2.jpg\" \r\n \r\n \r\n\r\n>\r\n\r\n<source src=\"https:\/\/hangar.com.pt\/courses\/wp-content\/uploads\/2020\/06\/Mionga2.mp4\"  type=\"video\/mp4\" size=\"720\" \/>\r\n \r\n\t  Your browser does not support the video tag. <a href=\"https:\/\/hangar.com.pt\/courses\/wp-content\/uploads\/2020\/06\/Mionga2.mp4\" download>Download Video<\/a>\r\n  \r\n<\/video>\r\n<style>\r\n.plyr__control[data-plyr=\"play\"]{\r\n  background:  !important;\r\n  color: #ffffff !important;\r\n}\r\n.plyr--full-ui input[type=range]{\r\n  color:  !important;\r\n}\r\n.plyr__control{\r\n  color: !important;\r\n}\r\n\r\n.plyr__time, .plyr__time--duration{\r\n color: !important;\r\n}\r\n\r\n.plyr__tooltip{color: !important;\r\n}\r\n\r\n\/*Secondery*\/\r\n\r\nbutton.plyr__control:hover{\r\n  background: !important; }\r\n\r\n\r\n.plyr--audio .plyr__control[aria-expanded=true] {\r\nbackground: !important;}\r\n\r\n.plyr--video .plyr__control[aria-expanded=true] {\r\nbackground: !important;}\r\n\r\n.plyr__control--overlaid:hover {\r\nbackground: !important;}\r\n\r\n.plyr__menu__container .plyr__control[role=menuitemradio][aria-checked=true]::before {\r\n    background: !important; }\r\n.plyr--full-ui input[type=range] {\r\ncolor: !important;}\r\n\r\n.plyr--audio .plyr__control[aria-expanded=true] {\r\nbackground: !important;}\r\n\r\n.plyr--video .plyr__control[aria-expanded=true] {\r\nbackground: !important;}\r\n\r\n.plyr__control--overlaid:hover {\r\n   !important;}\r\n.plyr__menu__container .plyr__control[role=menuitemradio][aria-checked=true]::before {\r\n    !important;}\r\n\r\n<\/style>\r\n\r\n<script type=\"text\/javascript\">\r\n\r\n\r\n\r\n\r\n\r\nconst players11965 = Plyr.setup('.player11965', {\r\n\thideControls:false,\t\r\n\tsettings:['captions', 'quality', 'speed', 'loop'],\r\n\tquality: { default: 720, options: [4320, 2880, 2160, 1440, 1080, 720, 576, 480, 360, 240] },\r\n\tcontrols: [\r\n\t'play-large',\t'restart',\t\r\n\t'rewind',\t\r\n\t'play',\t\r\n\t'fast-forward',\t\t\r\n\t'progress',\t'current-time',\t\r\n\t'duration',\t 'mute',\t'captions',\r\n\t'volume',\t\t\t\t\t\t\t\t\r\n\t'settings', \t\t\t\t\t\t\t\t\t\r\n\t'pip',\t\t\r\n\t'airplay',\t\t\r\n\t'fullscreen',\t\r\n\t\t\t\t\t\t\t\r\n\t],\r\n\ti18n: {\t\t\r\n\trestart:'Restart' ,\r\n    rewind: 'Rewind {seektime}s' ,\r\n    play: 'Play',\r\n    pause:'Pause',\r\n    fastForward: 'Forward {seektime}s',\r\n    seek: 'Seek',\r\n    seekLabel: '{currentTime} of {duration}',\r\n    played:'Played',\r\n    buffered: 'Buffered',\r\n    currentTime: 'Current time',\r\n    duration: 'Duration',\r\n    volume:'Volume',\r\n    mute: 'Mute',\r\n    unmute:'Unmute',\r\n    enableCaptions:'Enable captions',\r\n    disableCaptions:'Disable captions',\r\n    download:'Download',\r\n    enterFullscreen:'Enter fullscreen',\r\n    exitFullscreen:'Exit fullscreen',\r\n    frameTitle:'Player for {title}',\r\n    captions: 'Captions',\r\n    settings: 'Settings',\r\n    pip:'PIP',\r\n    menuBack: 'Go back to previous menu',\r\n    speed: 'Speed',\r\n    normal:'Normal' ,\r\n    quality:'Quality',\r\n    loop:'Loop',\r\n    start:'Start',\r\n    end:'End',\r\n    all:'All',\r\n    reset: 'Reset',\r\n    disabled:'Disabled',\r\n    enabled: 'Enabled',\r\n    advertisement:'Ad',\r\n    qualityBadge: {\r\n      2160: '4K',\r\n      1440: 'HD',\r\n      1080: 'HD',\r\n      720: 'HD',\r\n      576: 'SD',\r\n      480: 'SD',\r\n    },\r\n  },\r\n});\r\n<\/script>\r\n<\/div>\r\n\n<p>[\/vc_column_text][vc_column_text]Mionga House, Ren\u00e9 Tavares &amp; Kwame Sousa, HD video, colour, sound, 9\u2032 7\u201d, 2014[\/vc_column_text][vc_column_text]The project is conceived in a traditional perspective, researching the relationship between the communities of the Island of\u00a0Sao Tome, its history, its way of life and the individual features that define the building space and the surrounding space.<\/p>\n<p>The definition of modern architecture passes fundamentally through a plastic association of the materials inserted and adopted in a space where the living experience is defined by the passage of the history that in a very singular form identifies the culture\u00a0 of a people.<\/p>\n<p>The angular community is derived from a group of slaves who arrived at the south of the island of\u00a0Sao Tome\u00a0after a shipwreck, and there they settled, according to the story, even before the arrival of the Portugese.<\/p>\n<p>They made of the sea their great source of wealth and from the sea they arrived at other parts of the island. They have their\u00a0<em>palafitas<\/em>\u00b9\u00a0as almost disposable items, completely adequate to their needs. The Angolares reinvented, with few resources and information, a type of architecture that has persisted throughout time by using only local materials.<\/p>\n<p>For this project, we were inspired by the way in which the natural resources are used and the form as the involving space is also part of the house space, with all its materials, which make us think of a kind of rejection of historical styles of modern architecture.<\/p>\n<p>There is, however, a conscientious use in these materials, mainly wood, and the rationalization of the offer of the resources mentioned, taking advantage of the abundance of the surrounding nature.<\/p>\n<p>The film tends to explore the details of the architectural design of the community and to highlight the ordinary plastic elements that characterize popular culture in the heart of the\u00a0Sao Tome\u00a0community. In a historical perspective it also interests us, through this video, to question the creation of the Angular society and its rejection, in almost a dismissal of everything that didn\u2019t connect it to its origins of \u2018departure\u2019 and \u2018arrival\u2019, where the sea has a fundamental presence.<\/p>\n<p>\u00b9 <em>Palafitas\u00a0<\/em>[houses built on stilts][\/vc_column_text][\/vc_column][\/vc_row]<\/p>\n<\/div>","protected":false},"excerpt":{"rendered":"<p>[vc_row][vc_column width=&#8221;2\/6&#8243;][vc_empty_space height=&#8221;10px&#8221;][vc_single_image image=&#8221;11491&#8243; img_size=&#8221;80&#215;80&#8243; onclick=&#8221;custom_link&#8221; link=&#8221;https:\/\/hangar.com.pt\/online\/&#8221;][\/vc_column][vc_column width=&#8221;4\/6&#8243;][vc_wp_custommenu nav_menu=&#8221;6564&#8243; el_class=&#8221;my-awesome-widget&#8221;][\/vc_column][\/vc_row][vc_row][vc_column][vc_custom_heading text=&#8221;Artists&#8221; use_theme_fonts=&#8221;yes&#8221;][vc_separator][\/vc_column][\/vc_row][vc_row][vc_column width=&#8221;2\/6&#8243;][vc_wp_custommenu nav_menu=&#8221;6563&#8243;][\/vc_column][vc_column width=&#8221;4\/6&#8243;][vc_column_text]Ren\u00e9 Tavares (S\u00e3o Tom\u00e9, S\u00e3o Tom\u00e9 and Pr\u00edncipe, 1983) translates into traces, lines and stains a personal synthesis of his own identity, always in (unfinished) process, &hellip; <\/p>\n","protected":false},"author":1,"featured_media":0,"parent":12862,"menu_order":0,"comment_status":"closed","ping_status":"closed","template":"page-templates\/blank-page.php","meta":{"_bbp_topic_count":0,"_bbp_reply_count":0,"_bbp_total_topic_count":0,"_bbp_total_reply_count":0,"_bbp_voice_count":0,"_bbp_anonymous_reply_count":0,"_bbp_topic_count_hidden":0,"_bbp_reply_count_hidden":0,"_bbp_forum_subforum_count":0,"pmpro_default_level":0,"footnotes":""},"class_list":["post-13055","page","type-page","status-publish","hentry","pmpro-has-access"],"_links":{"self":[{"href":"https:\/\/hangar.com.pt\/online\/wp-json\/wp\/v2\/pages\/13055","targetHints":{"allow":["GET"]}}],"collection":[{"href":"https:\/\/hangar.com.pt\/online\/wp-json\/wp\/v2\/pages"}],"about":[{"href":"https:\/\/hangar.com.pt\/online\/wp-json\/wp\/v2\/types\/page"}],"author":[{"embeddable":true,"href":"https:\/\/hangar.com.pt\/online\/wp-json\/wp\/v2\/users\/1"}],"replies":[{"embeddable":true,"href":"https:\/\/hangar.com.pt\/online\/wp-json\/wp\/v2\/comments?post=13055"}],"version-history":[{"count":6,"href":"https:\/\/hangar.com.pt\/online\/wp-json\/wp\/v2\/pages\/13055\/revisions"}],"predecessor-version":[{"id":14038,"href":"https:\/\/hangar.com.pt\/online\/wp-json\/wp\/v2\/pages\/13055\/revisions\/14038"}],"up":[{"embeddable":true,"href":"https:\/\/hangar.com.pt\/online\/wp-json\/wp\/v2\/pages\/12862"}],"wp:attachment":[{"href":"https:\/\/hangar.com.pt\/online\/wp-json\/wp\/v2\/media?parent=13055"}],"curies":[{"name":"wp","href":"https:\/\/api.w.org\/{rel}","templated":true}]}}