{"id":12864,"date":"2020-07-12T07:41:12","date_gmt":"2020-07-12T07:41:12","guid":{"rendered":"https:\/\/hangar.com.pt\/online\/?page_id=12864"},"modified":"2021-01-25T18:03:10","modified_gmt":"2021-01-25T18:03:10","slug":"monica-miranda","status":"publish","type":"page","link":"https:\/\/hangar.com.pt\/online\/media-library\/monica-miranda\/","title":{"rendered":"M\u00f3nica de Miranda"},"content":{"rendered":"<div class=\"wpb-content-wrapper\"><p>[vc_row][vc_column width=&#8221;2\/6&#8243;][vc_empty_space height=&#8221;10px&#8221;][vc_single_image image=&#8221;11491&#8243; img_size=&#8221;80&#215;80&#8243; onclick=&#8221;custom_link&#8221; link=&#8221;https:\/\/hangar.com.pt\/online\/&#8221;][\/vc_column][vc_column width=&#8221;4\/6&#8243;][vc_wp_custommenu nav_menu=&#8221;6564&#8243; el_class=&#8221;my-awesome-widget&#8221;][\/vc_column][\/vc_row][vc_row][vc_column][vc_custom_heading text=&#8221;Artists&#8221; use_theme_fonts=&#8221;yes&#8221;][vc_separator][\/vc_column][\/vc_row][vc_row][vc_column width=&#8221;2\/6&#8243;][vc_wp_custommenu nav_menu=&#8221;6563&#8243;][\/vc_column][vc_column width=&#8221;4\/6&#8243;][vc_column_text]<strong>M\u00f3nica de Miranda<\/strong>\u00a0is an artist and researcher. She works and lives in between Lisbon and Luanda. Born in Porto (Portugal) with Angolan background. Her work is based on themes of urban archaeology and personal geographies. She works in an interdisciplinary way with drawing, installation, photography, film and sound, in its expanded forms and on the boundaries between fiction and documentary. She holds a Visual Arts Degree from the Camberwell College of Arts, a Master\u2019s Degree in Art and Education from the Institute of Education London and a PhD in Visual Art from the University of Middlesex. M\u00f3nica is also one of the founders of the artistic residences project Triangle Network in Portugal and she founded in 2014 the project Hangar Center for Artistic Research, in Lisbon. She exhibits regularly and internationally since 2004. Her work is present in many private and public collections like the Funda\u00e7ao Calouste Gulbekian, MAAT, FAS, MNAC, PLMJ, AML e Centro Cultural de lago , Collection Fernando Figueirido Ribeiro. Her solo exhibitions include: Geografia Dormente (Galeria Municipal de Arte, Almada, Portugal, 2019); Tomorrow is another day (Carlos Carvalho Gallery, Lisbon, 2018); Panorama, Banco Econ\u00f3mico (Luanda, 2019); Atlantic. A Journey to the center of the earth (Galer\u00eda Sabrina Amrani, Madrid, Spain, 2017). Panorama (Tyburn Gallery. London, UK, 2017) Arrivals and departures (Pal\u00e1cio D. Manuel, \u00c9vora, 2016), Hotel Globo (Museu Nacional de arte contempor\u00e2nea do Chiado, Lisbon, 2015) Arquip\u00e9lago (Galeria Carlos Carvalho , Lisbon, 2014), Erosion (Appleton Square, Lisbon, 2013), An Ocean Between Us(Plataforma Rev\u00f3lver, Lisbon, 2012); Novas Geografias (198 Gallery, London \/ Plataforma Rev\u00f3lver, Lisbon \/ Imagem HF, Amsterdam, 2008). Her exhibitions include: African Cosmologies- Foto fest, (Houston, USA 2020), South circular, Maat (Lisbon, 2019), Utopia and Dystopia in Contemporary Landscapes at Bienar du Sur, MAAC ( +Guayaquil, Ecuador,2020 ); Taxidermy of the future, Biennale Lubumbashi (Congo, 2019); Architecture and Manufacturing, at MAAT in Lisbon (2019); Doublethink:Doublevision (Pera Museum, Istanbul, Turkey, 2017) ,Daqui Pra Frente (CAIXA Cultural. Rio de Janeiro, Brazil, 2017), Le jour qui vient (Galerie des Galeries. Paris, France, 2017),Bienal de Fotografia Vila Franca de Xira (Vila Franca de Xira, Portugal,2017), Contemporary African Art and Aesthetics of Translations (Dakar biennial, Dakar, 2016);Telling Time at the Rencontres de Bamako Biennale Africaine de la Photographie 10\u00e9me edition (Mali, 2015); Ilha de S\u00e3o Jorge at the 14th Biennial of Architecture of Venezia (Italy, 2014); Do you hear me at the Funda\u00e7\u00e3o Calouste Gulbenkian (Portugal, 2008) and United Nations at the Singapore Fringe Festival (Singapore, 2007).<\/p>\n<p>M\u00f3nica de Miranda has participated in various residencies in institutions such as the Tate Britain, French Institute, British Council\/Iniva, Instituto Cam\u00f5es[\/vc_column_text][vc_separator][vc_column_text]<\/p>\n<h2><span style=\"color: #0000ff;\"><strong>Works<\/strong><\/span><\/h2>\n<p>[\/vc_column_text][vc_column_text]<\/p>\n<h4>Hotel Globo, 2014<\/h4>\n<p>[\/vc_column_text][vc_column_text]<\/p>\n\r\n\r\n<div style=\"max-width:px; margin:0px auto;\" >\r\n<video playsinline class=\"player11968\" preload=\"auto\" \r\nposter=\"https:\/\/hangar.com.pt\/courses\/wp-content\/uploads\/2020\/06\/hotel-Globo5.jpg\" \r\n \r\n \r\n\r\n>\r\n\r\n<source src=\"https:\/\/hangar.com.pt\/courses\/wp-content\/uploads\/2020\/06\/hotelglobo_-2.mp4\"  type=\"video\/mp4\" size=\"720\" \/>\r\n \r\n\t  Your browser does not support the video tag. <a href=\"https:\/\/hangar.com.pt\/courses\/wp-content\/uploads\/2020\/06\/hotelglobo_-2.mp4\" download>Download Video<\/a>\r\n  \r\n<\/video>\r\n<style>\r\n.plyr__control[data-plyr=\"play\"]{\r\n  background:  !important;\r\n  color: #ffffff !important;\r\n}\r\n.plyr--full-ui input[type=range]{\r\n  color:  !important;\r\n}\r\n.plyr__control{\r\n  color: !important;\r\n}\r\n\r\n.plyr__time, .plyr__time--duration{\r\n color: !important;\r\n}\r\n\r\n.plyr__tooltip{color: !important;\r\n}\r\n\r\n\/*Secondery*\/\r\n\r\nbutton.plyr__control:hover{\r\n  background: !important; }\r\n\r\n\r\n.plyr--audio .plyr__control[aria-expanded=true] {\r\nbackground: !important;}\r\n\r\n.plyr--video .plyr__control[aria-expanded=true] {\r\nbackground: !important;}\r\n\r\n.plyr__control--overlaid:hover {\r\nbackground: !important;}\r\n\r\n.plyr__menu__container .plyr__control[role=menuitemradio][aria-checked=true]::before {\r\n    background: !important; }\r\n.plyr--full-ui input[type=range] {\r\ncolor: !important;}\r\n\r\n.plyr--audio .plyr__control[aria-expanded=true] {\r\nbackground: !important;}\r\n\r\n.plyr--video .plyr__control[aria-expanded=true] {\r\nbackground: !important;}\r\n\r\n.plyr__control--overlaid:hover {\r\n   !important;}\r\n.plyr__menu__container .plyr__control[role=menuitemradio][aria-checked=true]::before {\r\n    !important;}\r\n\r\n<\/style>\r\n\r\n<script type=\"text\/javascript\">\r\n\r\n\r\n\r\n\r\n\r\nconst players11968 = Plyr.setup('.player11968', {\r\n\thideControls:false,\t\r\n\tsettings:['captions', 'quality', 'speed', 'loop'],\r\n\tquality: { default: 720, options: [4320, 2880, 2160, 1440, 1080, 720, 576, 480, 360, 240] },\r\n\tcontrols: [\r\n\t'play-large',\t'restart',\t\r\n\t'rewind',\t\r\n\t'play',\t\r\n\t'fast-forward',\t\t\r\n\t'progress',\t'current-time',\t\r\n\t'duration',\t 'mute',\t'captions',\r\n\t'volume',\t\t\t\t\t\t\t\t\r\n\t'settings', \t\t\t\t\t\t\t\t\t\r\n\t'pip',\t\t\r\n\t'airplay',\t\t\r\n\t'fullscreen',\t\r\n\t\t\t\t\t\t\t\r\n\t],\r\n\ti18n: {\t\t\r\n\trestart:'Restart' ,\r\n    rewind: 'Rewind {seektime}s' ,\r\n    play: 'Play',\r\n    pause:'Pause',\r\n    fastForward: 'Forward {seektime}s',\r\n    seek: 'Seek',\r\n    seekLabel: '{currentTime} of {duration}',\r\n    played:'Played',\r\n    buffered: 'Buffered',\r\n    currentTime: 'Current time',\r\n    duration: 'Duration',\r\n    volume:'Volume',\r\n    mute: 'Mute',\r\n    unmute:'Unmute',\r\n    enableCaptions:'Enable captions',\r\n    disableCaptions:'Disable captions',\r\n    download:'Download',\r\n    enterFullscreen:'Enter fullscreen',\r\n    exitFullscreen:'Exit fullscreen',\r\n    frameTitle:'Player for {title}',\r\n    captions: 'Captions',\r\n    settings: 'Settings',\r\n    pip:'PIP',\r\n    menuBack: 'Go back to previous menu',\r\n    speed: 'Speed',\r\n    normal:'Normal' ,\r\n    quality:'Quality',\r\n    loop:'Loop',\r\n    start:'Start',\r\n    end:'End',\r\n    all:'All',\r\n    reset: 'Reset',\r\n    disabled:'Disabled',\r\n    enabled: 'Enabled',\r\n    advertisement:'Ad',\r\n    qualityBadge: {\r\n      2160: '4K',\r\n      1440: 'HD',\r\n      1080: 'HD',\r\n      720: 'HD',\r\n      576: 'SD',\r\n      480: 'SD',\r\n    },\r\n  },\r\n});\r\n<\/script>\r\n<\/div>\r\n\n<p>[\/vc_column_text][vc_column_text]Hotel Globo, M\u00f3nica de Miranda, HD video, colour, sound, 9\u203227\u00b4\u00b4, 2014[\/vc_column_text][vc_column_text]Miranda\u2019s\u00a0<i>Hotel Globo\u00a0<\/i>is also, or even mostly, about that passage, intimately connected to the spatial and architectural, the temporal and historic, the identity-based and diasporic: the bodies\u2019 performative passage through the affective and mnemonic, personal and political spaces of architecture and landscape. In their meditative and transitory dislocation, without possession or property, these bodies nonetheless re- appropriate space in a manner which is passive only in appearance; they undertake an active reinvention, even when languid, of dwelling. In this, they replicate the constant reinventions which the passage of several generations of guests through the Hotel Globo inscribed on the skin of its walls, on the skeleton of its doors and staircases, corridors and elevators, verandas and windows, and in the content of some of its rooms, abandoned by guests. From best hotel of the 1950s colonial Luanda and meeting point for businessmen coming from the provinces, to accommodation space for Soviet pilots managed by the estate company Anghotel in the post- independence period (marked by the beginning of the civil war in a Cold War context), and secret shelter of UNITA refugees in the beginning of the 1990s, the Globo was never really a touristic inn. Besides its foreign guests, it always received, for the most part, Angolans coming from the interior or the diaspora, like, for example, the anthropologist, writer, film-maker \/ image-maker\u00a0 and painter Ruy Duarte de Carvalho (1941-2010) after his move to Namibia in his last years, passages he recorded in watercolour. The protagonist couple of\u00a0<i>Hotel Globo<\/i>\u2019s video \u2013 the artist herself and a friend collaborator and curator Andr\u00e9 Cunha \u2013 evokes vaguely the couple behind the building\u2019s construction. Their bodies do not cross paths inside the 1950s modernist architecture \u2013 neither in each of the projections that make up the video diptych, nor in the visual encounter that the double projection could prompt on the gallery wall \u2013 except for a moment in the beginning of the video when the female face, on one side, and the male body, on the other, emerge simultaneously but no less isolated, phantasmatically reflected\u00a0 on window panes . Just like the Globo itself, bodies still waiting or already apart. Witnesses to Luanda\u2019s contrasts, alien and frozen in time (to use the phrase with which Almeida describes the Globo in his account), these guests of history and memory become loose characters of actional narrative, resistantly horizontal visitors even when they move vertically, who try to map in vain the contradictions of an almost unrecognizable city through the modernist lenses of the Globo\u2019s verandas and windows. They cartograph Luanda\u2019s urban landscape with their gaze, but always from the very activity of mapping with their own bodies the interior architecture of the hotel, slowly walked across and inhabited, from dawn to dusk, from the intimacy of the room to the panoramic view of the veranda on the upper door. The resulting map or cartography makes up a rhythmic collection of visual and auditory fragments shown in a diptych format.[\/vc_column_text][\/vc_column][\/vc_row]<\/p>\n<\/div>","protected":false},"excerpt":{"rendered":"<p>[vc_row][vc_column width=&#8221;2\/6&#8243;][vc_empty_space height=&#8221;10px&#8221;][vc_single_image image=&#8221;11491&#8243; img_size=&#8221;80&#215;80&#8243; onclick=&#8221;custom_link&#8221; link=&#8221;https:\/\/hangar.com.pt\/online\/&#8221;][\/vc_column][vc_column width=&#8221;4\/6&#8243;][vc_wp_custommenu nav_menu=&#8221;6564&#8243; el_class=&#8221;my-awesome-widget&#8221;][\/vc_column][\/vc_row][vc_row][vc_column][vc_custom_heading text=&#8221;Artists&#8221; use_theme_fonts=&#8221;yes&#8221;][vc_separator][\/vc_column][\/vc_row][vc_row][vc_column width=&#8221;2\/6&#8243;][vc_wp_custommenu nav_menu=&#8221;6563&#8243;][\/vc_column][vc_column width=&#8221;4\/6&#8243;][vc_column_text]M\u00f3nica de Miranda\u00a0is an artist and researcher. She works and lives in between Lisbon and Luanda. Born in Porto (Portugal) with Angolan background. Her work is &hellip; <\/p>\n","protected":false},"author":1,"featured_media":0,"parent":12862,"menu_order":0,"comment_status":"closed","ping_status":"closed","template":"page-templates\/blank-page.php","meta":{"_bbp_topic_count":0,"_bbp_reply_count":0,"_bbp_total_topic_count":0,"_bbp_total_reply_count":0,"_bbp_voice_count":0,"_bbp_anonymous_reply_count":0,"_bbp_topic_count_hidden":0,"_bbp_reply_count_hidden":0,"_bbp_forum_subforum_count":0,"pmpro_default_level":0,"footnotes":""},"class_list":["post-12864","page","type-page","status-publish","hentry","pmpro-has-access"],"_links":{"self":[{"href":"https:\/\/hangar.com.pt\/online\/wp-json\/wp\/v2\/pages\/12864","targetHints":{"allow":["GET"]}}],"collection":[{"href":"https:\/\/hangar.com.pt\/online\/wp-json\/wp\/v2\/pages"}],"about":[{"href":"https:\/\/hangar.com.pt\/online\/wp-json\/wp\/v2\/types\/page"}],"author":[{"embeddable":true,"href":"https:\/\/hangar.com.pt\/online\/wp-json\/wp\/v2\/users\/1"}],"replies":[{"embeddable":true,"href":"https:\/\/hangar.com.pt\/online\/wp-json\/wp\/v2\/comments?post=12864"}],"version-history":[{"count":22,"href":"https:\/\/hangar.com.pt\/online\/wp-json\/wp\/v2\/pages\/12864\/revisions"}],"predecessor-version":[{"id":14014,"href":"https:\/\/hangar.com.pt\/online\/wp-json\/wp\/v2\/pages\/12864\/revisions\/14014"}],"up":[{"embeddable":true,"href":"https:\/\/hangar.com.pt\/online\/wp-json\/wp\/v2\/pages\/12862"}],"wp:attachment":[{"href":"https:\/\/hangar.com.pt\/online\/wp-json\/wp\/v2\/media?parent=12864"}],"curies":[{"name":"wp","href":"https:\/\/api.w.org\/{rel}","templated":true}]}}