{"id":12444,"date":"2020-06-19T16:36:59","date_gmt":"2020-06-19T16:36:59","guid":{"rendered":"https:\/\/hangar.com.pt\/online\/?page_id=12444"},"modified":"2020-06-19T16:36:59","modified_gmt":"2020-06-19T16:36:59","slug":"formularios-membership","status":"publish","type":"page","link":"https:\/\/hangar.com.pt\/online\/formularios\/formularios-membership\/","title":{"rendered":"Formularios Membership"},"content":{"rendered":"<div class=\"wpb-content-wrapper\"><p>[vc_row][vc_column width=&#8221;1\/2&#8243;]\n<div class=\"wpcf7 no-js\" id=\"wpcf7-f12442-o1\" lang=\"en-US\" dir=\"ltr\" data-wpcf7-id=\"12442\">\n<div class=\"screen-reader-response\"><p role=\"status\" aria-live=\"polite\" aria-atomic=\"true\"><\/p> <ul><\/ul><\/div>\n<form action=\"\/online\/wp-json\/wp\/v2\/pages\/12444#wpcf7-f12442-o1\" method=\"post\" class=\"wpcf7-form init\" aria-label=\"Contact form\" novalidate=\"novalidate\" data-status=\"init\">\n<div style=\"display: none;\">\n<input type=\"hidden\" name=\"_wpcf7\" value=\"12442\" \/>\n<input type=\"hidden\" name=\"_wpcf7_version\" value=\"6.0\" \/>\n<input type=\"hidden\" name=\"_wpcf7_locale\" value=\"en_US\" \/>\n<input type=\"hidden\" name=\"_wpcf7_unit_tag\" value=\"wpcf7-f12442-o1\" \/>\n<input type=\"hidden\" name=\"_wpcf7_container_post\" value=\"0\" \/>\n<input type=\"hidden\" name=\"_wpcf7_posted_data_hash\" value=\"\" \/>\n<\/div>\n<p><label> Full Name* \/ Nome Completo* (mandatory)<br \/>\n<span class=\"wpcf7-form-control-wrap\" data-name=\"your-name\"><input size=\"40\" maxlength=\"400\" class=\"wpcf7-form-control wpcf7-text wpcf7-validates-as-required\" aria-required=\"true\" aria-invalid=\"false\" value=\"\" type=\"text\" name=\"your-name\" \/><\/span> <\/label>\n<\/p>\n<p><label> Address\/ Morada<br \/>\n<span class=\"wpcf7-form-control-wrap\" data-name=\"text-65\"><input size=\"40\" maxlength=\"400\" class=\"wpcf7-form-control wpcf7-text\" aria-invalid=\"false\" value=\"\" type=\"text\" name=\"text-65\" \/><\/span><\/label>\n<\/p>\n<p><label> Phone \/ Telefone<br \/>\n<span class=\"wpcf7-form-control-wrap\" data-name=\"text-67\"><input size=\"40\" maxlength=\"400\" class=\"wpcf7-form-control wpcf7-text\" aria-invalid=\"false\" value=\"\" type=\"text\" name=\"text-67\" \/><\/span><\/label>\n<\/p>\n<p><label> Email* (mandatory)<br \/>\n<span class=\"wpcf7-form-control-wrap\" data-name=\"your-email\"><input size=\"40\" maxlength=\"400\" class=\"wpcf7-form-control wpcf7-email wpcf7-validates-as-required wpcf7-text wpcf7-validates-as-email\" aria-required=\"true\" aria-invalid=\"false\" value=\"\" type=\"email\" name=\"your-email\" \/><\/span> <\/label>\n<\/p>\n<p><label> NIF<br \/>\n<span class=\"wpcf7-form-control-wrap\" data-name=\"text-66\"><input size=\"40\" maxlength=\"400\" class=\"wpcf7-form-control wpcf7-text\" aria-invalid=\"false\" value=\"\" type=\"text\" name=\"text-66\" \/><\/span><\/label>\n<\/p>\n<p><label> If you are already a member, please enter your number here \/ Se j\u00e1 \u00e9 membro, insira o seu n\u00famero aqui<br \/>\n<span class=\"wpcf7-form-control-wrap\" data-name=\"text-68\"><input size=\"40\" maxlength=\"400\" class=\"wpcf7-form-control wpcf7-text\" aria-invalid=\"false\" value=\"\" type=\"text\" name=\"text-68\" \/><\/span><\/label>\n<\/p>\n<p><label> Message \/ Mensagem<br \/>\n<span class=\"wpcf7-form-control-wrap\" data-name=\"your-message\"><textarea cols=\"40\" rows=\"10\" maxlength=\"2000\" class=\"wpcf7-form-control wpcf7-textarea\" aria-invalid=\"false\" name=\"your-message\"><\/textarea><\/span> <\/label>\n<\/p>\n<p><input class=\"wpcf7-form-control wpcf7-submit has-spinner\" type=\"submit\" value=\"Send \/ Enviar\" \/>\n<\/p><div class=\"wpcf7-response-output\" aria-hidden=\"true\"><\/div>\n<\/form>\n<\/div>\n[\/vc_column][vc_column width=&#8221;1\/2&#8243;][\/vc_column][\/vc_row]<\/p>\n<\/div>","protected":false},"excerpt":{"rendered":"<p>[vc_row][vc_column width=&#8221;1\/2&#8243;][\/vc_column][vc_column width=&#8221;1\/2&#8243;][\/vc_column][\/vc_row]<\/p>\n","protected":false},"author":1,"featured_media":0,"parent":11864,"menu_order":0,"comment_status":"closed","ping_status":"closed","template":"","meta":{"_bbp_topic_count":0,"_bbp_reply_count":0,"_bbp_total_topic_count":0,"_bbp_total_reply_count":0,"_bbp_voice_count":0,"_bbp_anonymous_reply_count":0,"_bbp_topic_count_hidden":0,"_bbp_reply_count_hidden":0,"_bbp_forum_subforum_count":0,"pmpro_default_level":0,"footnotes":""},"class_list":["post-12444","page","type-page","status-publish","hentry","pmpro-has-access"],"_links":{"self":[{"href":"https:\/\/hangar.com.pt\/online\/wp-json\/wp\/v2\/pages\/12444","targetHints":{"allow":["GET"]}}],"collection":[{"href":"https:\/\/hangar.com.pt\/online\/wp-json\/wp\/v2\/pages"}],"about":[{"href":"https:\/\/hangar.com.pt\/online\/wp-json\/wp\/v2\/types\/page"}],"author":[{"embeddable":true,"href":"https:\/\/hangar.com.pt\/online\/wp-json\/wp\/v2\/users\/1"}],"replies":[{"embeddable":true,"href":"https:\/\/hangar.com.pt\/online\/wp-json\/wp\/v2\/comments?post=12444"}],"version-history":[{"count":1,"href":"https:\/\/hangar.com.pt\/online\/wp-json\/wp\/v2\/pages\/12444\/revisions"}],"predecessor-version":[{"id":12445,"href":"https:\/\/hangar.com.pt\/online\/wp-json\/wp\/v2\/pages\/12444\/revisions\/12445"}],"up":[{"embeddable":true,"href":"https:\/\/hangar.com.pt\/online\/wp-json\/wp\/v2\/pages\/11864"}],"wp:attachment":[{"href":"https:\/\/hangar.com.pt\/online\/wp-json\/wp\/v2\/media?parent=12444"}],"curies":[{"name":"wp","href":"https:\/\/api.w.org\/{rel}","templated":true}]}}