{"id":5626,"date":"2021-04-13T10:02:52","date_gmt":"2021-04-13T10:02:52","guid":{"rendered":"https:\/\/hangar.com.pt\/online\/radio\/?page_id=5626"},"modified":"2021-09-14T21:03:54","modified_gmt":"2021-09-14T21:03:54","slug":"workshop-raca-representacao-fotografia","status":"publish","type":"page","link":"https:\/\/hangar.com.pt\/online\/radio\/workshops\/workshop-raca-representacao-fotografia\/","title":{"rendered":"Workshop | Ra\u00e7a, Representa\u00e7\u00e3o e Fotografia"},"content":{"rendered":"\t\t<div data-elementor-type=\"wp-post\" data-elementor-id=\"5626\" class=\"elementor elementor-5626\" data-elementor-settings=\"[]\">\n\t\t\t\t\t\t<div class=\"elementor-inner\">\n\t\t\t\t\t\t\t<div class=\"elementor-section-wrap\">\n\t\t\t\t\t\t\t<section class=\"elementor-section elementor-top-section elementor-element elementor-element-521fdec elementor-section-stretched elementor-section-full_width elementor-section-height-default elementor-section-height-default\" data-id=\"521fdec\" data-element_type=\"section\" data-settings=\"{&quot;stretch_section&quot;:&quot;section-stretched&quot;}\">\n\t\t\t\t\t\t<div class=\"elementor-container elementor-column-gap-no\">\n\t\t\t\t\t\t\t<div class=\"elementor-row\">\n\t\t\t\t\t<div class=\"elementor-column elementor-col-100 elementor-top-column elementor-element elementor-element-7cc216a sc_inner_width_none sc_content_align_inherit sc_layouts_column_icons_position_left\" data-id=\"7cc216a\" data-element_type=\"column\">\n\t\t\t<div class=\"elementor-column-wrap\">\n\t\t\t\t\t\t\t<div class=\"elementor-widget-wrap\">\n\t\t\t\t\t\t\t\t<\/div>\n\t\t\t\t\t<\/div>\n\t\t<\/div>\n\t\t\t\t\t\t\t\t<\/div>\n\t\t\t\t\t<\/div>\n\t\t<\/section>\n\t\t\t\t<section class=\"elementor-section elementor-top-section elementor-element elementor-element-60b87e4 elementor-section-boxed elementor-section-height-default elementor-section-height-default\" data-id=\"60b87e4\" data-element_type=\"section\">\n\t\t\t\t\t\t<div class=\"elementor-container elementor-column-gap-extended\">\n\t\t\t\t\t\t\t<div class=\"elementor-row\">\n\t\t\t\t\t<div class=\"elementor-column elementor-col-100 elementor-top-column elementor-element elementor-element-eef506d sc_inner_width_none sc_content_align_inherit sc_layouts_column_icons_position_left\" data-id=\"eef506d\" data-element_type=\"column\">\n\t\t\t<div class=\"elementor-column-wrap elementor-element-populated\">\n\t\t\t\t\t\t\t<div class=\"elementor-widget-wrap\">\n\t\t\t\t\t\t<div class=\"elementor-element elementor-element-654177d sc_fly_static elementor-widget elementor-widget-spacer\" data-id=\"654177d\" data-element_type=\"widget\" data-widget_type=\"spacer.default\">\n\t\t\t\t<div class=\"elementor-widget-container\">\n\t\t\t\t\t<div class=\"elementor-spacer\">\n\t\t\t<div class=\"elementor-spacer-inner\"><\/div>\n\t\t<\/div>\n\t\t\t\t<\/div>\n\t\t\t\t<\/div>\n\t\t\t\t<div class=\"elementor-element elementor-element-40bb679 sc_fly_static elementor-widget elementor-widget-trx_sc_title\" data-id=\"40bb679\" data-element_type=\"widget\" data-widget_type=\"trx_sc_title.default\">\n\t\t\t\t<div class=\"elementor-widget-container\">\n\t\t\t<div id=\"trx_sc_title_979574744\"\n\t\tclass=\"sc_title sc_title_default\"><span class=\"sc_item_subtitle sc_title_subtitle sc_align_left sc_item_subtitle_above sc_item_title_style_default\">Workshop<\/span><h2 class=\"sc_item_title sc_title_title sc_align_left sc_item_title_style_default sc_item_title_tag\"><span class=\"sc_item_title_text\">Ra\u00e7a, Representa\u00e7\u00e3o e Fotografia<\/span><\/h2><\/div><!-- \/.sc_title -->\t\t<\/div>\n\t\t\t\t<\/div>\n\t\t\t\t<div class=\"elementor-element elementor-element-2e325e1 sc_fly_static elementor-widget elementor-widget-spacer\" data-id=\"2e325e1\" data-element_type=\"widget\" data-widget_type=\"spacer.default\">\n\t\t\t\t<div class=\"elementor-widget-container\">\n\t\t\t\t\t<div class=\"elementor-spacer\">\n\t\t\t<div class=\"elementor-spacer-inner\"><\/div>\n\t\t<\/div>\n\t\t\t\t<\/div>\n\t\t\t\t<\/div>\n\t\t\t\t\t\t<\/div>\n\t\t\t\t\t<\/div>\n\t\t<\/div>\n\t\t\t\t\t\t\t\t<\/div>\n\t\t\t\t\t<\/div>\n\t\t<\/section>\n\t\t\t\t<section class=\"elementor-section elementor-top-section elementor-element elementor-element-a30b664 elementor-section-boxed elementor-section-height-default elementor-section-height-default\" data-id=\"a30b664\" data-element_type=\"section\">\n\t\t\t\t\t\t<div class=\"elementor-container elementor-column-gap-extended\">\n\t\t\t\t\t\t\t<div class=\"elementor-row\">\n\t\t\t\t\t<div class=\"elementor-column elementor-col-50 elementor-top-column elementor-element elementor-element-a945f7a sc_inner_width_none sc_content_align_inherit sc_layouts_column_icons_position_left\" data-id=\"a945f7a\" data-element_type=\"column\">\n\t\t\t<div class=\"elementor-column-wrap elementor-element-populated\">\n\t\t\t\t\t\t\t<div class=\"elementor-widget-wrap\">\n\t\t\t\t\t\t<div class=\"elementor-element elementor-element-d456917 sc_fly_static elementor-widget elementor-widget-image\" data-id=\"d456917\" data-element_type=\"widget\" data-widget_type=\"image.default\">\n\t\t\t\t<div class=\"elementor-widget-container\">\n\t\t\t\t\t\t\t\t<div class=\"elementor-image\">\n\t\t\t\t\t\t\t\t\t\t\t\t<img loading=\"lazy\" decoding=\"async\" width=\"1341\" height=\"1080\" src=\"https:\/\/hangar.com.pt\/online\/radio\/wp-content\/uploads\/2021\/04\/Juan-Orrantia.jpeg\" class=\"attachment-full size-full\" alt=\"\" srcset=\"https:\/\/hangar.com.pt\/online\/radio\/wp-content\/uploads\/2021\/04\/Juan-Orrantia.jpeg 1341w, https:\/\/hangar.com.pt\/online\/radio\/wp-content\/uploads\/2021\/04\/Juan-Orrantia-300x242.jpeg 300w, https:\/\/hangar.com.pt\/online\/radio\/wp-content\/uploads\/2021\/04\/Juan-Orrantia-1024x825.jpeg 1024w, https:\/\/hangar.com.pt\/online\/radio\/wp-content\/uploads\/2021\/04\/Juan-Orrantia-768x619.jpeg 768w, https:\/\/hangar.com.pt\/online\/radio\/wp-content\/uploads\/2021\/04\/Juan-Orrantia-370x298.jpeg 370w, https:\/\/hangar.com.pt\/online\/radio\/wp-content\/uploads\/2021\/04\/Juan-Orrantia-760x612.jpeg 760w\" sizes=\"auto, (max-width: 1341px) 100vw, 1341px\" \/>\t\t\t\t\t\t\t\t\t\t\t\t\t\t<\/div>\n\t\t\t\t\t\t<\/div>\n\t\t\t\t<\/div>\n\t\t\t\t<div class=\"elementor-element elementor-element-8e33fa1 sc_fly_static elementor-widget elementor-widget-text-editor\" data-id=\"8e33fa1\" data-element_type=\"widget\" data-widget_type=\"text-editor.default\">\n\t\t\t\t<div class=\"elementor-widget-container\">\n\t\t\t\t\t\t\t\t<div class=\"elementor-text-editor elementor-clearfix\">\n\t\t\t\t\t<p class=\"western\">\u00a9 Juan Orrantia<\/p>\t\t\t\t\t<\/div>\n\t\t\t\t\t\t<\/div>\n\t\t\t\t<\/div>\n\t\t\t\t\t\t<\/div>\n\t\t\t\t\t<\/div>\n\t\t<\/div>\n\t\t\t\t<div class=\"elementor-column elementor-col-50 elementor-top-column elementor-element elementor-element-34a031a sc_inner_width_none sc_content_align_inherit sc_layouts_column_icons_position_left\" data-id=\"34a031a\" data-element_type=\"column\">\n\t\t\t<div class=\"elementor-column-wrap elementor-element-populated\">\n\t\t\t\t\t\t\t<div class=\"elementor-widget-wrap\">\n\t\t\t\t\t\t<div class=\"elementor-element elementor-element-471a619 sc_fly_static elementor-widget elementor-widget-text-editor\" data-id=\"471a619\" data-element_type=\"widget\" data-widget_type=\"text-editor.default\">\n\t\t\t\t<div class=\"elementor-widget-container\">\n\t\t\t\t\t\t\t\t<div class=\"elementor-text-editor elementor-clearfix\">\n\t\t\t\t\t<p class=\"western\"><strong>T\u00edtulo:<\/strong>\u00a0Ra\u00e7a, Representa\u00e7\u00e3o e Fotografia<\/p><p class=\"western\"><strong>Artista \/ Educador:<\/strong>\u00a0Juan Orrantia<\/p><p style=\"font-family: Syne, sans-serif; font-size: 18px; font-weight: 400; font-style: normal;\"><strong style=\"font-family: Syne, sans-serif; font-size: 18px; font-style: normal;\">Data:<\/strong><span style=\"font-family: Syne, sans-serif; font-size: 18px; font-weight: 400; font-style: normal;\">\u00a05, 6 e 7 de Abril de 2021<\/span><\/p><p style=\"font-family: Syne, sans-serif; font-size: 18px; font-weight: 400; font-style: normal;\"><strong style=\"font-family: Syne, sans-serif; font-size: 18px; font-style: normal;\">Hor\u00e1rio:<\/strong><span style=\"font-family: Syne, sans-serif; font-size: 18px; font-weight: 400; font-style: normal;\">\u00a014h \u00e0s 17h (Lisboa)\u00a0<\/span><\/p>\t\t\t\t\t<\/div>\n\t\t\t\t\t\t<\/div>\n\t\t\t\t<\/div>\n\t\t\t\t<div class=\"elementor-element elementor-element-448e341 sc_fly_static elementor-widget elementor-widget-spacer\" data-id=\"448e341\" data-element_type=\"widget\" data-widget_type=\"spacer.default\">\n\t\t\t\t<div class=\"elementor-widget-container\">\n\t\t\t\t\t<div class=\"elementor-spacer\">\n\t\t\t<div class=\"elementor-spacer-inner\"><\/div>\n\t\t<\/div>\n\t\t\t\t<\/div>\n\t\t\t\t<\/div>\n\t\t\t\t<div class=\"elementor-element elementor-element-ab314e9 sc_fly_static elementor-widget elementor-widget-text-editor\" data-id=\"ab314e9\" data-element_type=\"widget\" data-widget_type=\"text-editor.default\">\n\t\t\t\t<div class=\"elementor-widget-container\">\n\t\t\t\t\t\t\t\t<div class=\"elementor-text-editor elementor-clearfix\">\n\t\t\t\t\t<p class=\"western\">Um semin\u00e1rio\/workshop de tr\u00eas dias sobre como a ra\u00e7a e o racismo t\u00eam sido parte integrante do meio da fotografia e das estrat\u00e9gias art\u00edsticas utilizadas para desvendar, corromper, e reconhecer esta hist\u00f3ria. Juntos, construiremos um vocabul\u00e1rio com o qual poderemos envolver esta hist\u00f3ria, o seu presente e examinar conceitos e abordagens cr\u00edticas ao pensamento atrav\u00e9s de quest\u00f5es de ra\u00e7a, representa\u00e7\u00f5es, e imagens visuais. Confiaremos em estudos de caso de artistas que tenham colocado um olhar cr\u00edtico sobre esta quest\u00e3o, bem como de outros que tenham estado envolvidos em controv\u00e9rsias por causa dela.<\/p>\n\t\t\t\t\t<\/div>\n\t\t\t\t\t\t<\/div>\n\t\t\t\t<\/div>\n\t\t\t\t\t\t<\/div>\n\t\t\t\t\t<\/div>\n\t\t<\/div>\n\t\t\t\t\t\t\t\t<\/div>\n\t\t\t\t\t<\/div>\n\t\t<\/section>\n\t\t\t\t<section class=\"elementor-section elementor-top-section elementor-element elementor-element-1f59d3b elementor-section-boxed elementor-section-height-default elementor-section-height-default\" data-id=\"1f59d3b\" data-element_type=\"section\">\n\t\t\t\t\t\t<div class=\"elementor-container elementor-column-gap-extended\">\n\t\t\t\t\t\t\t<div class=\"elementor-row\">\n\t\t\t\t\t<div class=\"elementor-column elementor-col-100 elementor-top-column elementor-element elementor-element-6c39563 sc_inner_width_none sc_content_align_inherit sc_layouts_column_icons_position_left\" data-id=\"6c39563\" data-element_type=\"column\">\n\t\t\t<div class=\"elementor-column-wrap elementor-element-populated\">\n\t\t\t\t\t\t\t<div class=\"elementor-widget-wrap\">\n\t\t\t\t\t\t<div class=\"elementor-element elementor-element-fe2f474 sc_fly_static elementor-widget elementor-widget-spacer\" data-id=\"fe2f474\" data-element_type=\"widget\" data-widget_type=\"spacer.default\">\n\t\t\t\t<div class=\"elementor-widget-container\">\n\t\t\t\t\t<div class=\"elementor-spacer\">\n\t\t\t<div class=\"elementor-spacer-inner\"><\/div>\n\t\t<\/div>\n\t\t\t\t<\/div>\n\t\t\t\t<\/div>\n\t\t\t\t<div class=\"elementor-element elementor-element-eef19d3 sc_fly_static elementor-widget elementor-widget-text-editor\" data-id=\"eef19d3\" data-element_type=\"widget\" data-widget_type=\"text-editor.default\">\n\t\t\t\t<div class=\"elementor-widget-container\">\n\t\t\t\t\t\t\t\t<div class=\"elementor-text-editor elementor-clearfix\">\n\t\t\t\t\t<p><strong>Dia 1 (3 horas). Abordagem conceptual e obras. A primeira sess\u00e3o enquadrar\u00e1 a discuss\u00e3o em torno de ideias e hist\u00f3rias de representa\u00e7\u00e3o na fotografia.<\/strong><br \/><br \/>1. Falhas de vis\u00e3o e de representa\u00e7\u00e3o. Quais s\u00e3o os limites da Fotografia? (Discuss\u00e3o em torno das impossibilidades e falhas da fotografia e das imagens mec\u00e2nicas)<br \/>2. Exemplos e discuss\u00f5es<br \/>2.1. Racismo anal\u00f3gico Sarah Lewis (discutir leitura). (Fotografar os Detalhes de um Cavalo Negro em Luz Baixa, Broomberg e Chanarin)<br \/>2.2. Quem representa quem? (ou o que raio \u00e9 colabora\u00e7\u00e3o?) Stanley Wolukau-Wanambwa em Jan Hoek, e Viviane Sassen<br \/>3. Ra\u00edzes no Ar: Como os espa\u00e7os e territ\u00f3rios s\u00e3o constru\u00eddos. (Aveek Sen, em aula)<br \/>4. Ag\u00eancia, falando de volta: Santu Mofokeng&#8217;s The Black Photo Album, Malik Sidibe \/ Ahlam Shibli \/ Dayanita Singh (trabalhos a cores)<br \/>5. Digitopia (a promessa do digital &#8211; John Akomfrah);<\/p>\t\t\t\t\t<\/div>\n\t\t\t\t\t\t<\/div>\n\t\t\t\t<\/div>\n\t\t\t\t<div class=\"elementor-element elementor-element-4a28e60 sc_fly_static elementor-widget elementor-widget-spacer\" data-id=\"4a28e60\" data-element_type=\"widget\" data-widget_type=\"spacer.default\">\n\t\t\t\t<div class=\"elementor-widget-container\">\n\t\t\t\t\t<div class=\"elementor-spacer\">\n\t\t\t<div class=\"elementor-spacer-inner\"><\/div>\n\t\t<\/div>\n\t\t\t\t<\/div>\n\t\t\t\t<\/div>\n\t\t\t\t<div class=\"elementor-element elementor-element-b4fda26 sc_fly_static elementor-widget elementor-widget-text-editor\" data-id=\"b4fda26\" data-element_type=\"widget\" data-widget_type=\"text-editor.default\">\n\t\t\t\t<div class=\"elementor-widget-container\">\n\t\t\t\t\t\t\t\t<div class=\"elementor-text-editor elementor-clearfix\">\n\t\t\t\t\t<strong>Dia 2.<span style=\"font-size: 18px;\"> Os fracassos da fotografia e outras possibilidades art\u00edsticas<\/strong><br><br>\n\n1. A blackness como cr\u00edtica: Muholi<br>\n2. Interven\u00e7\u00f5es e altera\u00e7\u00f5es &#8211; Estrat\u00e9gias. As fun\u00e7\u00f5es representacionais das imagens. Michael Subotzky (disrupting whiteness) \/ Bruno Boudjelal (di\u00e1rios e di\u00e1spora) \/ David Benjamin Sherry (queering straight photography).<br>\n3. Redefinindo o arquivo, reprodu\u00e7\u00e3o a baixo custo. 2075 Civil Press Nepali Archive (Rohan Thapa e Julian Baron)\t\t\t\t\t<\/div>\n\t\t\t\t\t\t<\/div>\n\t\t\t\t<\/div>\n\t\t\t\t<div class=\"elementor-element elementor-element-c50f626 sc_fly_static elementor-widget elementor-widget-spacer\" data-id=\"c50f626\" data-element_type=\"widget\" data-widget_type=\"spacer.default\">\n\t\t\t\t<div class=\"elementor-widget-container\">\n\t\t\t\t\t<div class=\"elementor-spacer\">\n\t\t\t<div class=\"elementor-spacer-inner\"><\/div>\n\t\t<\/div>\n\t\t\t\t<\/div>\n\t\t\t\t<\/div>\n\t\t\t\t<div class=\"elementor-element elementor-element-97fc809 sc_fly_static elementor-widget elementor-widget-text-editor\" data-id=\"97fc809\" data-element_type=\"widget\" data-widget_type=\"text-editor.default\">\n\t\t\t\t<div class=\"elementor-widget-container\">\n\t\t\t\t\t\t\t\t<div class=\"elementor-text-editor elementor-clearfix\">\n\t\t\t\t\t<strong>Terceiro dia<\/strong><br><br>\n\nSess\u00e3o de cr\u00edtica com o trabalho dos participantes\t\t\t\t\t<\/div>\n\t\t\t\t\t\t<\/div>\n\t\t\t\t<\/div>\n\t\t\t\t<div class=\"elementor-element elementor-element-06368b3 sc_fly_static elementor-widget elementor-widget-spacer\" data-id=\"06368b3\" data-element_type=\"widget\" data-widget_type=\"spacer.default\">\n\t\t\t\t<div class=\"elementor-widget-container\">\n\t\t\t\t\t<div class=\"elementor-spacer\">\n\t\t\t<div class=\"elementor-spacer-inner\"><\/div>\n\t\t<\/div>\n\t\t\t\t<\/div>\n\t\t\t\t<\/div>\n\t\t\t\t<div class=\"elementor-element elementor-element-256dd47 elementor-widget-divider--view-line sc_fly_static elementor-widget elementor-widget-divider\" data-id=\"256dd47\" data-element_type=\"widget\" data-widget_type=\"divider.default\">\n\t\t\t\t<div class=\"elementor-widget-container\">\n\t\t\t\t\t<div class=\"elementor-divider\">\n\t\t\t<span class=\"elementor-divider-separator\">\n\t\t\t\t\t\t<\/span>\n\t\t<\/div>\n\t\t\t\t<\/div>\n\t\t\t\t<\/div>\n\t\t\t\t<div class=\"elementor-element elementor-element-939312d sc_fly_static elementor-widget elementor-widget-spacer\" data-id=\"939312d\" data-element_type=\"widget\" data-widget_type=\"spacer.default\">\n\t\t\t\t<div class=\"elementor-widget-container\">\n\t\t\t\t\t<div class=\"elementor-spacer\">\n\t\t\t<div class=\"elementor-spacer-inner\"><\/div>\n\t\t<\/div>\n\t\t\t\t<\/div>\n\t\t\t\t<\/div>\n\t\t\t\t<div class=\"elementor-element elementor-element-537cfd7 sc_fly_static elementor-widget elementor-widget-text-editor\" data-id=\"537cfd7\" data-element_type=\"widget\" data-widget_type=\"text-editor.default\">\n\t\t\t\t<div class=\"elementor-widget-container\">\n\t\t\t\t\t\t\t\t<div class=\"elementor-text-editor elementor-clearfix\">\n\t\t\t\t\t<p><strong>Juan Orrantia<\/strong> faz trabalhos fotogr\u00e1ficos relacionados com quest\u00f5es de representa\u00e7\u00e3o, percep\u00e7\u00e3o, e hist\u00f3ria. Fundamentado na intimidade, banalidade e reflexividade, ele explora diferentes modos de interac\u00e7\u00e3o fotogr\u00e1fica com a cor, interven\u00e7\u00f5es, arquivos e o \u00e1lbum fotogr\u00e1fico. O seu livro Like Stains of Red Dirt (Dalpine) recebeu o pr\u00e9mio Fiebre Dummy, o pr\u00f3ximo VerdeRojo recebeu o primeiro pr\u00e9mio Latin American Photobook Centro de Fotografia de Montevideo, e os livros auto-publicados est\u00e3o em colec\u00e7\u00f5es como o Museu Smithsonian da Biblioteca de Arte Africana, Biblioteca de Arte Funda\u00e7\u00e3o Calouste Gulbenkian e The Tierney Foundation. Juan nasceu na Col\u00f4mbia e vive em Joanesburgo, \u00c1frica do Sul, e leccionou em universidades e institui\u00e7\u00f5es fotogr\u00e1ficas. Tem um Mestrado em Fotografia da Escola de Arte de Hartford e um doutoramento em antropologia visual.<\/p>\t\t\t\t\t<\/div>\n\t\t\t\t\t\t<\/div>\n\t\t\t\t<\/div>\n\t\t\t\t<div class=\"elementor-element elementor-element-97c0001 sc_fly_static elementor-widget elementor-widget-spacer\" data-id=\"97c0001\" data-element_type=\"widget\" data-widget_type=\"spacer.default\">\n\t\t\t\t<div class=\"elementor-widget-container\">\n\t\t\t\t\t<div class=\"elementor-spacer\">\n\t\t\t<div class=\"elementor-spacer-inner\"><\/div>\n\t\t<\/div>\n\t\t\t\t<\/div>\n\t\t\t\t<\/div>\n\t\t\t\t\t\t<\/div>\n\t\t\t\t\t<\/div>\n\t\t<\/div>\n\t\t\t\t\t\t\t\t<\/div>\n\t\t\t\t\t<\/div>\n\t\t<\/section>\n\t\t\t\t\t\t<\/div>\n\t\t\t\t\t\t<\/div>\n\t\t\t\t\t<\/div>\n\t\t","protected":false},"excerpt":{"rendered":"<p>Workshop Ra\u00e7a, Representa\u00e7\u00e3o e Fotografia \u00a9 Juan Orrantia T\u00edtulo:\u00a0Ra\u00e7a, Representa\u00e7\u00e3o e Fotografia Artista \/ Educador:\u00a0Juan Orrantia Data:\u00a05, 6 e 7 de Abril de 2021 Hor\u00e1rio:\u00a014h \u00e0s 17h (Lisboa)\u00a0 Um semin\u00e1rio\/workshop de tr\u00eas dias sobre como a ra\u00e7a e o racismo t\u00eam sido parte&hellip;<\/p>\n","protected":false},"author":990006,"featured_media":0,"parent":4308,"menu_order":0,"comment_status":"closed","ping_status":"closed","template":"","meta":{"footnotes":""},"class_list":["post-5626","page","type-page","status-publish","hentry"],"_links":{"self":[{"href":"https:\/\/hangar.com.pt\/online\/radio\/wp-json\/wp\/v2\/pages\/5626","targetHints":{"allow":["GET"]}}],"collection":[{"href":"https:\/\/hangar.com.pt\/online\/radio\/wp-json\/wp\/v2\/pages"}],"about":[{"href":"https:\/\/hangar.com.pt\/online\/radio\/wp-json\/wp\/v2\/types\/page"}],"author":[{"embeddable":true,"href":"https:\/\/hangar.com.pt\/online\/radio\/wp-json\/wp\/v2\/users\/990006"}],"replies":[{"embeddable":true,"href":"https:\/\/hangar.com.pt\/online\/radio\/wp-json\/wp\/v2\/comments?post=5626"}],"version-history":[{"count":24,"href":"https:\/\/hangar.com.pt\/online\/radio\/wp-json\/wp\/v2\/pages\/5626\/revisions"}],"predecessor-version":[{"id":5886,"href":"https:\/\/hangar.com.pt\/online\/radio\/wp-json\/wp\/v2\/pages\/5626\/revisions\/5886"}],"up":[{"embeddable":true,"href":"https:\/\/hangar.com.pt\/online\/radio\/wp-json\/wp\/v2\/pages\/4308"}],"wp:attachment":[{"href":"https:\/\/hangar.com.pt\/online\/radio\/wp-json\/wp\/v2\/media?parent=5626"}],"curies":[{"name":"wp","href":"https:\/\/api.w.org\/{rel}","templated":true}]}}