{"id":4236,"date":"2021-02-24T11:52:55","date_gmt":"2021-02-24T11:52:55","guid":{"rendered":"https:\/\/hangar.com.pt\/online\/radio\/?page_id=4236"},"modified":"2021-12-02T17:30:18","modified_gmt":"2021-12-02T17:30:18","slug":"mukaji","status":"publish","type":"page","link":"https:\/\/hangar.com.pt\/online\/radio\/mukaji\/","title":{"rendered":"Mukaji"},"content":{"rendered":"\t\t<div data-elementor-type=\"wp-post\" data-elementor-id=\"4236\" class=\"elementor elementor-4236\" data-elementor-settings=\"[]\">\n\t\t\t\t\t\t<div class=\"elementor-inner\">\n\t\t\t\t\t\t\t<div class=\"elementor-section-wrap\">\n\t\t\t\t\t\t\t<section class=\"elementor-section elementor-top-section elementor-element elementor-element-521fdec elementor-section-stretched elementor-section-full_width elementor-section-height-default elementor-section-height-default\" data-id=\"521fdec\" data-element_type=\"section\" data-settings=\"{&quot;stretch_section&quot;:&quot;section-stretched&quot;}\">\n\t\t\t\t\t\t<div class=\"elementor-container elementor-column-gap-no\">\n\t\t\t\t\t\t\t<div class=\"elementor-row\">\n\t\t\t\t\t<div class=\"elementor-column elementor-col-50 elementor-top-column elementor-element elementor-element-332085b sc_inner_width_none sc_content_align_inherit sc_layouts_column_icons_position_left\" data-id=\"332085b\" data-element_type=\"column\" data-settings=\"{&quot;background_background&quot;:&quot;classic&quot;}\">\n\t\t\t<div class=\"elementor-column-wrap elementor-element-populated\">\n\t\t\t\t\t<div class=\"elementor-background-overlay\"><\/div>\n\t\t\t\t\t\t\t<div class=\"elementor-widget-wrap\">\n\t\t\t\t\t\t<div class=\"elementor-element elementor-element-63ae94a sc_fly_static elementor-widget elementor-widget-spacer\" data-id=\"63ae94a\" data-element_type=\"widget\" data-widget_type=\"spacer.default\">\n\t\t\t\t<div class=\"elementor-widget-container\">\n\t\t\t\t\t<div class=\"elementor-spacer\">\n\t\t\t<div class=\"elementor-spacer-inner\"><\/div>\n\t\t<\/div>\n\t\t\t\t<\/div>\n\t\t\t\t<\/div>\n\t\t\t\t<div class=\"elementor-element elementor-element-49334b2 scheme_dark sc_layouts_hide_on_tablet sc_layouts_hide_on_mobile sc_fly_static elementor-widget elementor-widget-trx_sc_title\" data-id=\"49334b2\" data-element_type=\"widget\" data-widget_type=\"trx_sc_title.default\">\n\t\t\t\t<div class=\"elementor-widget-container\">\n\t\t\t<div id=\"trx_sc_title_1055898953\"\n\t\tclass=\"sc_title scheme_dark sc_title_accent\"><h1 class=\"sc_item_title sc_title_title sc_item_title_style_accent sc_item_title_tag\"><span class=\"sc_item_title_text\"><b>MUKAJI<\/b><\/span><\/h1><\/div><!-- \/.sc_title -->\t\t<\/div>\n\t\t\t\t<\/div>\n\t\t\t\t<div class=\"elementor-element elementor-element-02cc860 scheme_dark sc_fly_static elementor-widget elementor-widget-trx_sc_title\" data-id=\"02cc860\" data-element_type=\"widget\" data-widget_type=\"trx_sc_title.default\">\n\t\t\t\t<div class=\"elementor-widget-container\">\n\t\t\t<div id=\"trx_sc_title_735291919\"\n\t\tclass=\"sc_title scheme_dark sc_title_default\"><h6 class=\"sc_item_title sc_title_title sc_item_title_style_default sc_item_title_tag\"><span class=\"sc_item_title_text\">Num formato de 4 epis\u00f3dios, Mukaji explora e reflete sobre quest\u00f5es de cidadania e mobiliza\u00e7\u00e3o social da mulher em \u00c1frica e na di\u00e1spora.   Em cada um dos epis\u00f3dios a curadora Yara Monteiro e convidada abordam o passado, presente e futuro das lutas feministas; explorando as suas estrat\u00e9gias de resist\u00eancia, luta e sonho.<\/span><\/h6><\/div><!-- \/.sc_title -->\t\t<\/div>\n\t\t\t\t<\/div>\n\t\t\t\t<div class=\"elementor-element elementor-element-4bcf21f sc_fly_static elementor-widget elementor-widget-spacer\" data-id=\"4bcf21f\" data-element_type=\"widget\" data-widget_type=\"spacer.default\">\n\t\t\t\t<div class=\"elementor-widget-container\">\n\t\t\t\t\t<div class=\"elementor-spacer\">\n\t\t\t<div class=\"elementor-spacer-inner\"><\/div>\n\t\t<\/div>\n\t\t\t\t<\/div>\n\t\t\t\t<\/div>\n\t\t\t\t\t\t<\/div>\n\t\t\t\t\t<\/div>\n\t\t<\/div>\n\t\t\t\t<div class=\"elementor-column elementor-col-50 elementor-top-column elementor-element elementor-element-3e72702 sc_inner_width_none sc_content_align_inherit sc_layouts_column_icons_position_left\" data-id=\"3e72702\" data-element_type=\"column\" data-settings=\"{&quot;background_background&quot;:&quot;classic&quot;}\">\n\t\t\t<div class=\"elementor-column-wrap elementor-element-populated\">\n\t\t\t\t\t\t\t<div class=\"elementor-widget-wrap\">\n\t\t\t\t\t\t<div class=\"elementor-element elementor-element-90977f7 sc_fly_static elementor-widget elementor-widget-text-editor\" data-id=\"90977f7\" data-element_type=\"widget\" data-widget_type=\"text-editor.default\">\n\t\t\t\t<div class=\"elementor-widget-container\">\n\t\t\t\t\t\t\t\t<div class=\"elementor-text-editor elementor-clearfix\">\n\t\t\t\t\t<p><div class=\"wp-playlist wp-audio-playlist wp-playlist-light\">\n\t\t\t<div class=\"wp-playlist-current-item\"><\/div>\n\t\t<audio controls=\"controls\" preload=\"none\" width=\"1208\"\n\t\t\t><\/audio>\n\t<div class=\"wp-playlist-next\"><\/div>\n\t<div class=\"wp-playlist-prev\"><\/div>\n\t<noscript>\n\t<ol>\n\t\t<li><a href='https:\/\/hangar.com.pt\/online\/radio\/wp-content\/uploads\/2021\/11\/EP1-Historias-e-Memorias-de-Mulheres-de-Cabo-Verde-em-Portugal.mp3'>Hist\u00f3rias e Mem\u00f3rias de Mulheres de Cabo Verde em Portugal<\/a><\/li><li><a href='https:\/\/hangar.com.pt\/online\/radio\/wp-content\/uploads\/2021\/11\/EP2-CRIAR-UM-FUTURO-FEMINISTA-E-ANTI-RACISTA.mp3'>Criar um Futuro Feminista e Anti-Racista<\/a><\/li><li><a href='https:\/\/hangar.com.pt\/online\/radio\/wp-content\/uploads\/2021\/11\/EP3-\u2013-AUTOCUIDADO-COMO-ATO-DE-RESISTENCIA-PARA-A-MULHER.mp3'>Autocuidado como Ato de Resist\u00eancia para a Mulher<\/a><\/li><li><a href='https:\/\/hangar.com.pt\/online\/radio\/wp-content\/uploads\/2021\/11\/EP4-\u2013-A-IMPORTANCIA-DA-DANCA-AFRICANA-PARA-O-EMPODERAMENTO-DAS-MULHERES-AFRODESCENDENTES-NA-DIASPORA.mp3'>A Import\u00e2ncia da Dan\u00e7a Africana para o Empoderamento das Mulheres Afrodescendentes na Di\u00e1spora<\/a><\/li>\t<\/ol>\n\t<\/noscript>\n\t<script type=\"application\/json\" class=\"wp-playlist-script\">{\"type\":\"audio\",\"tracklist\":true,\"tracknumbers\":true,\"images\":true,\"artists\":true,\"tracks\":[{\"src\":\"https:\/\/hangar.com.pt\/online\/radio\/wp-content\/uploads\/2021\/11\/EP1-Historias-e-Memorias-de-Mulheres-de-Cabo-Verde-em-Portugal.mp3\",\"type\":\"audio\/mpeg\",\"title\":\"Hist\\u00f3rias e Mem\\u00f3rias de Mulheres de Cabo Verde em Portugal\",\"caption\":\"\",\"description\":\"\\\"Yara Ep.1 Fim.1\\\". Released: 2021. Track 1.\",\"meta\":{\"artist\":\"Yara Nakahanda Monteiro, Ana Josefa Cardoso, Teresa Sales\",\"album\":\"Mukaji\",\"year\":\"2021\",\"length_formatted\":\"57:12\"},\"image\":{\"src\":\"https:\/\/hangar.com.pt\/online\/radio\/wp-includes\/images\/media\/audio.svg\",\"width\":48,\"height\":64},\"thumb\":{\"src\":\"https:\/\/hangar.com.pt\/online\/radio\/wp-includes\/images\/media\/audio.svg\",\"width\":48,\"height\":64}},{\"src\":\"https:\/\/hangar.com.pt\/online\/radio\/wp-content\/uploads\/2021\/11\/EP2-CRIAR-UM-FUTURO-FEMINISTA-E-ANTI-RACISTA.mp3\",\"type\":\"audio\/mpeg\",\"title\":\"Criar um Futuro Feminista e Anti-Racista\",\"caption\":\"\",\"description\":\"\\\"Ep. 2.1\\\". Released: 2021. Track 1.\",\"meta\":{\"artist\":\"Yara Nakahanda Monteiro, Ariana Furtado\",\"album\":\"Mukaji\",\"year\":\"2021\",\"length_formatted\":\"58:07\"},\"image\":{\"src\":\"https:\/\/hangar.com.pt\/online\/radio\/wp-includes\/images\/media\/audio.svg\",\"width\":48,\"height\":64},\"thumb\":{\"src\":\"https:\/\/hangar.com.pt\/online\/radio\/wp-includes\/images\/media\/audio.svg\",\"width\":48,\"height\":64}},{\"src\":\"https:\/\/hangar.com.pt\/online\/radio\/wp-content\/uploads\/2021\/11\/EP3-\\u2013-AUTOCUIDADO-COMO-ATO-DE-RESISTENCIA-PARA-A-MULHER.mp3\",\"type\":\"audio\/mpeg\",\"title\":\"Autocuidado como Ato de Resist\\u00eancia para a Mulher\",\"caption\":\"\",\"description\":\"\\\"Yara 3 Final.1B\\\". Released: 2021. Track 1.\",\"meta\":{\"artist\":\"Yara Nakahanda Monteiro, Sofia Araujo\",\"album\":\"Mukaji\",\"year\":\"2021\",\"length_formatted\":\"50:41\"},\"image\":{\"src\":\"https:\/\/hangar.com.pt\/online\/radio\/wp-includes\/images\/media\/audio.svg\",\"width\":48,\"height\":64},\"thumb\":{\"src\":\"https:\/\/hangar.com.pt\/online\/radio\/wp-includes\/images\/media\/audio.svg\",\"width\":48,\"height\":64}},{\"src\":\"https:\/\/hangar.com.pt\/online\/radio\/wp-content\/uploads\/2021\/11\/EP4-\\u2013-A-IMPORTANCIA-DA-DANCA-AFRICANA-PARA-O-EMPODERAMENTO-DAS-MULHERES-AFRODESCENDENTES-NA-DIASPORA.mp3\",\"type\":\"audio\/mpeg\",\"title\":\"A Import\\u00e2ncia da Dan\\u00e7a Africana para o Empoderamento das Mulheres Afrodescendentes na Di\\u00e1spora\",\"caption\":\"\",\"description\":\"\\\"Yara 4.1\\\". Released: 2021. Track 1.\",\"meta\":{\"artist\":\"Yara Nakahanda Monteiro, Irina Leite Velho\",\"album\":\"Mukaji\",\"year\":\"2021\",\"length_formatted\":\"39:37\"},\"image\":{\"src\":\"https:\/\/hangar.com.pt\/online\/radio\/wp-includes\/images\/media\/audio.svg\",\"width\":48,\"height\":64},\"thumb\":{\"src\":\"https:\/\/hangar.com.pt\/online\/radio\/wp-includes\/images\/media\/audio.svg\",\"width\":48,\"height\":64}}]}<\/script>\n<\/div>\n\t<\/p>\t\t\t\t\t<\/div>\n\t\t\t\t\t\t<\/div>\n\t\t\t\t<\/div>\n\t\t\t\t\t\t<\/div>\n\t\t\t\t\t<\/div>\n\t\t<\/div>\n\t\t\t\t\t\t\t\t<\/div>\n\t\t\t\t\t<\/div>\n\t\t<\/section>\n\t\t\t\t<section class=\"elementor-section elementor-top-section elementor-element elementor-element-298c685 elementor-section-full_width elementor-section-stretched elementor-section-height-default elementor-section-height-default\" data-id=\"298c685\" data-element_type=\"section\" data-settings=\"{&quot;stretch_section&quot;:&quot;section-stretched&quot;}\">\n\t\t\t\t\t\t<div class=\"elementor-container elementor-column-gap-extended\">\n\t\t\t\t\t\t\t<div class=\"elementor-row\">\n\t\t\t\t\t<div class=\"elementor-column elementor-col-50 elementor-top-column elementor-element elementor-element-e10785e sc_inner_width_none sc_content_align_inherit sc_layouts_column_icons_position_left\" data-id=\"e10785e\" data-element_type=\"column\">\n\t\t\t<div class=\"elementor-column-wrap elementor-element-populated\">\n\t\t\t\t\t\t\t<div class=\"elementor-widget-wrap\">\n\t\t\t\t\t\t<div class=\"elementor-element elementor-element-f6dbc9d sc_fly_static elementor-widget elementor-widget-text-editor\" data-id=\"f6dbc9d\" data-element_type=\"widget\" data-widget_type=\"text-editor.default\">\n\t\t\t\t<div class=\"elementor-widget-container\">\n\t\t\t\t\t\t\t\t<div class=\"elementor-text-editor elementor-clearfix\">\n\t\t\t\t\t<p>\u00a9 Foto do arquivo de Jo\u00e3o Nunes<br \/>*Mukaji significa mulher em quimbundo.<\/p>\t\t\t\t\t<\/div>\n\t\t\t\t\t\t<\/div>\n\t\t\t\t<\/div>\n\t\t\t\t\t\t<\/div>\n\t\t\t\t\t<\/div>\n\t\t<\/div>\n\t\t\t\t<div class=\"elementor-column elementor-col-50 elementor-top-column elementor-element elementor-element-55de85f sc_inner_width_none sc_content_align_inherit sc_layouts_column_icons_position_left\" data-id=\"55de85f\" data-element_type=\"column\">\n\t\t\t<div class=\"elementor-column-wrap\">\n\t\t\t\t\t\t\t<div class=\"elementor-widget-wrap\">\n\t\t\t\t\t\t\t\t<\/div>\n\t\t\t\t\t<\/div>\n\t\t<\/div>\n\t\t\t\t\t\t\t\t<\/div>\n\t\t\t\t\t<\/div>\n\t\t<\/section>\n\t\t\t\t<section class=\"elementor-section elementor-top-section elementor-element elementor-element-7bbc2e7 elementor-section-full_width elementor-section-stretched elementor-section-height-default elementor-section-height-default\" data-id=\"7bbc2e7\" data-element_type=\"section\" data-settings=\"{&quot;stretch_section&quot;:&quot;section-stretched&quot;}\">\n\t\t\t\t\t\t<div class=\"elementor-container elementor-column-gap-extended\">\n\t\t\t\t\t\t\t<div class=\"elementor-row\">\n\t\t\t\t\t<div class=\"elementor-column elementor-col-100 elementor-top-column elementor-element elementor-element-18679fc sc_inner_width_none sc_content_align_inherit sc_layouts_column_icons_position_left\" data-id=\"18679fc\" data-element_type=\"column\">\n\t\t\t<div class=\"elementor-column-wrap elementor-element-populated\">\n\t\t\t\t\t\t\t<div class=\"elementor-widget-wrap\">\n\t\t\t\t\t\t<div class=\"elementor-element elementor-element-736aca2 sc_fly_static elementor-widget elementor-widget-spacer\" data-id=\"736aca2\" data-element_type=\"widget\" data-widget_type=\"spacer.default\">\n\t\t\t\t<div class=\"elementor-widget-container\">\n\t\t\t\t\t<div class=\"elementor-spacer\">\n\t\t\t<div class=\"elementor-spacer-inner\"><\/div>\n\t\t<\/div>\n\t\t\t\t<\/div>\n\t\t\t\t<\/div>\n\t\t\t\t<div class=\"elementor-element elementor-element-69c5060 sc_fly_static elementor-widget elementor-widget-text-editor\" data-id=\"69c5060\" data-element_type=\"widget\" data-widget_type=\"text-editor.default\">\n\t\t\t\t<div class=\"elementor-widget-container\">\n\t\t\t\t\t\t\t\t<div class=\"elementor-text-editor elementor-clearfix\">\n\t\t\t\t\t<p style=\"font-weight: 400;\"><strong>11\/11\/2021 &#8211; 18h<\/strong><\/p><p style=\"font-weight: 400;\"><strong>EPIS\u00d3DIO 1 \u2013 HIST\u00d3RIAS E MEM\u00d3RIAS DE MULHERES DE CABO VERDE EM PORTUGAL<\/strong><\/p><p style=\"font-weight: 400;\">No rescaldo do processo colonial, uma grande comunidade de imigrantes oriundas das ex-col\u00f3nias instalou-se em Portugal. Destas comunidades salienta-se a cabo-verdiana por ser a mais expressiva em n\u00famero de imigrantes.<\/p><p style=\"font-weight: 400;\">Relativamente ao papel da mulher cabo-verdiana na sociedade portuguesa, somos levadas rapidamente associ\u00e1-las a trabalhadoras dom\u00e9sticas ou ao universo musical. Mas as mulheres cabo-verdianas s\u00e3o muito mais do isso. E, que caminhos trilham estas novas gera\u00e7\u00f5es?<\/p><p style=\"font-weight: 400;\"><strong>Yara Nakahanda Monteiro conversou com:\u00a0<\/strong><\/p><ul><li style=\"font-weight: 400;\"><strong>Ana Josefa Cardoso<\/strong>, professora de Portugu\u00eas- Franc\u00eas, ativista lingu\u00edstica, a viver em Portugal desde 1975<\/li><li style=\"font-weight: 400;\"><strong>Teresa Sales<\/strong>, membro da dire\u00e7\u00e3o da UMAR ( Uni\u00e3o de Mulheres Alternativa e Resposta)<\/li><\/ul>\t\t\t\t\t<\/div>\n\t\t\t\t\t\t<\/div>\n\t\t\t\t<\/div>\n\t\t\t\t<div class=\"elementor-element elementor-element-e6c897f elementor-widget-divider--view-line sc_fly_static elementor-widget elementor-widget-divider\" data-id=\"e6c897f\" data-element_type=\"widget\" data-widget_type=\"divider.default\">\n\t\t\t\t<div class=\"elementor-widget-container\">\n\t\t\t\t\t<div class=\"elementor-divider\">\n\t\t\t<span class=\"elementor-divider-separator\">\n\t\t\t\t\t\t<\/span>\n\t\t<\/div>\n\t\t\t\t<\/div>\n\t\t\t\t<\/div>\n\t\t\t\t<div class=\"elementor-element elementor-element-e1a7a4d sc_fly_static elementor-widget elementor-widget-text-editor\" data-id=\"e1a7a4d\" data-element_type=\"widget\" data-widget_type=\"text-editor.default\">\n\t\t\t\t<div class=\"elementor-widget-container\">\n\t\t\t\t\t\t\t\t<div class=\"elementor-text-editor elementor-clearfix\">\n\t\t\t\t\t<p style=\"font-weight: 400;\"><strong>18\/11\/2021 &#8211; 18h<\/strong><\/p>\n<p style=\"font-weight: 400;\"><strong>EPIS\u00d3DIO 2 \u2013 CRIAR UM FUTURO FEMINISTA E ANTI-RACISTA<\/strong><\/p>\n<p style=\"font-weight: 400;\">Como educar as crian\u00e7as na Igualdade e Diversidade? O que pensam e como reagem, as crian\u00e7as a casos racismo e discrimina\u00e7\u00e3o de g\u00e9nero?<\/p>\n<p style=\"font-weight: 400;\">A escola como local privilegiado de integra\u00e7\u00e3o e difus\u00e3o cultural.<\/p>\n<p style=\"font-weight: 400;\"><strong>Yara Nakahanda Monteiro conversou com:<\/strong><\/p>\n<ul>\n<li style=\"font-weight: 400;\"><strong>Ariana Furtado<\/strong>, professora do 1.\u00ba Ciclo na Escola do Castelo, Lisboa com forma\u00e7\u00e3o em Portugu\u00eas- Franc\u00eas, variante ensino, pela Escola Superior de Educa\u00e7\u00e3o de Set\u00fabal e pela Universidade de Rennes II (Fran\u00e7a).<\/li>\n<\/ul>\t\t\t\t\t<\/div>\n\t\t\t\t\t\t<\/div>\n\t\t\t\t<\/div>\n\t\t\t\t<div class=\"elementor-element elementor-element-558e4aa elementor-widget-divider--view-line sc_fly_static elementor-widget elementor-widget-divider\" data-id=\"558e4aa\" data-element_type=\"widget\" data-widget_type=\"divider.default\">\n\t\t\t\t<div class=\"elementor-widget-container\">\n\t\t\t\t\t<div class=\"elementor-divider\">\n\t\t\t<span class=\"elementor-divider-separator\">\n\t\t\t\t\t\t<\/span>\n\t\t<\/div>\n\t\t\t\t<\/div>\n\t\t\t\t<\/div>\n\t\t\t\t<div class=\"elementor-element elementor-element-4f68ebf sc_fly_static elementor-widget elementor-widget-text-editor\" data-id=\"4f68ebf\" data-element_type=\"widget\" data-widget_type=\"text-editor.default\">\n\t\t\t\t<div class=\"elementor-widget-container\">\n\t\t\t\t\t\t\t\t<div class=\"elementor-text-editor elementor-clearfix\">\n\t\t\t\t\t<p style=\"font-weight: 400;\"><strong>25\/11\/2021\u00a0<\/strong><strong>\u00a0&#8211; 18h<\/strong><\/p><p style=\"font-weight: 400;\"><strong>EPIS\u00d3DIO 3 \u2013 AUTOCUIDADO COMO ATO DE RESIST\u00caNCIA PARA A MULHER<\/strong><\/p><p style=\"font-weight: 400;\">A mulher \u00e9 vista como \u201ccuidadora\u201d da casa, dos filhos, dos idosos familiares.<\/p><p style=\"font-weight: 400;\">Como escreveu Audre Lorde, feminista negra e l\u00e9sbica \u201cCuidar de mim mesma n\u00e3o \u00e9 auto indulg\u00eancia, \u00e9 uma autopreserva\u00e7\u00e3o e isso \u00e9 um ato de guerra pol\u00edtica\u201d<\/p><p style=\"font-weight: 400;\"><strong>Yara Nakahanda Monteiro conversou com:<\/strong><\/p><ul><li style=\"font-weight: 400;\"><strong>Sofia Ara\u00fajo<\/strong>\u00a0\u2013 afrodescendente, mentora de Yoga para professores e praticante h\u00e1 mais de 20 anos. Fundadora da escola Swara Yoga<\/li><\/ul>\t\t\t\t\t<\/div>\n\t\t\t\t\t\t<\/div>\n\t\t\t\t<\/div>\n\t\t\t\t<div class=\"elementor-element elementor-element-05e7983 elementor-widget-divider--view-line sc_fly_static elementor-widget elementor-widget-divider\" data-id=\"05e7983\" data-element_type=\"widget\" data-widget_type=\"divider.default\">\n\t\t\t\t<div class=\"elementor-widget-container\">\n\t\t\t\t\t<div class=\"elementor-divider\">\n\t\t\t<span class=\"elementor-divider-separator\">\n\t\t\t\t\t\t<\/span>\n\t\t<\/div>\n\t\t\t\t<\/div>\n\t\t\t\t<\/div>\n\t\t\t\t<div class=\"elementor-element elementor-element-85392d9 sc_fly_static elementor-widget elementor-widget-text-editor\" data-id=\"85392d9\" data-element_type=\"widget\" data-widget_type=\"text-editor.default\">\n\t\t\t\t<div class=\"elementor-widget-container\">\n\t\t\t\t\t\t\t\t<div class=\"elementor-text-editor elementor-clearfix\">\n\t\t\t\t\t<p style=\"font-weight: 400;\"><strong>02\/12\/2021<\/strong><strong>\u00a0&#8211; 18h<\/strong><\/p><p style=\"font-weight: 400;\"><strong>EPIS\u00d3DIO 4 \u2013 A IMPORT\u00c3NCIA DA DAN\u00c7A AFRICANA PARA O EMPODERAMENTO DAS MULHERES AFRODESCENDENTES NA DI\u00c1SPORA<\/strong><\/p><p style=\"font-weight: 400;\">O corpo e o ritmo como meio de conex\u00e3o com a ancestralidade e ganho de consci\u00eancia corporal.\u00a0<\/p><p style=\"font-weight: 400;\"><strong>Yara Nakahanda Monteiro conversou com:<\/strong><\/p><ul><li style=\"font-weight: 400;\"><strong>Irina Leite Velho \u2013<\/strong>\u00a0professora\/bailarina, nascida em Angola. Idealizadora do projeto Afrakan Dance Workout<\/li><\/ul>\t\t\t\t\t<\/div>\n\t\t\t\t\t\t<\/div>\n\t\t\t\t<\/div>\n\t\t\t\t\t\t<\/div>\n\t\t\t\t\t<\/div>\n\t\t<\/div>\n\t\t\t\t\t\t\t\t<\/div>\n\t\t\t\t\t<\/div>\n\t\t<\/section>\n\t\t\t\t<section class=\"elementor-section elementor-top-section elementor-element elementor-element-0fb4b3c elementor-section-full_width elementor-section-stretched elementor-section-height-default elementor-section-height-default\" data-id=\"0fb4b3c\" data-element_type=\"section\" data-settings=\"{&quot;stretch_section&quot;:&quot;section-stretched&quot;}\">\n\t\t\t\t\t\t<div class=\"elementor-container elementor-column-gap-extended\">\n\t\t\t\t\t\t\t<div class=\"elementor-row\">\n\t\t\t\t\t<div class=\"elementor-column elementor-col-100 elementor-top-column elementor-element elementor-element-c1e94af sc_inner_width_none sc_content_align_inherit sc_layouts_column_icons_position_left\" data-id=\"c1e94af\" data-element_type=\"column\">\n\t\t\t<div class=\"elementor-column-wrap elementor-element-populated\">\n\t\t\t\t\t\t\t<div class=\"elementor-widget-wrap\">\n\t\t\t\t\t\t<div class=\"elementor-element elementor-element-cbb9249 elementor-widget-divider--view-line sc_fly_static elementor-widget elementor-widget-divider\" data-id=\"cbb9249\" data-element_type=\"widget\" data-widget_type=\"divider.default\">\n\t\t\t\t<div class=\"elementor-widget-container\">\n\t\t\t\t\t<div class=\"elementor-divider\">\n\t\t\t<span class=\"elementor-divider-separator\">\n\t\t\t\t\t\t<\/span>\n\t\t<\/div>\n\t\t\t\t<\/div>\n\t\t\t\t<\/div>\n\t\t\t\t<div class=\"elementor-element elementor-element-1152f57 sc_fly_static elementor-widget elementor-widget-text-editor\" data-id=\"1152f57\" data-element_type=\"widget\" data-widget_type=\"text-editor.default\">\n\t\t\t\t<div class=\"elementor-widget-container\">\n\t\t\t\t\t\t\t\t<div class=\"elementor-text-editor elementor-clearfix\">\n\t\t\t\t\t<p style=\"font-weight: 400;\"><b><span lang=\"PT\">Yara\u00a0Nakahanda Monteiro\u00a0<\/span><\/b><span lang=\"PT\">nasceu em Angola, na prov\u00edncia do Huambo, em 1979, e cresceu na periferia de Lisboa.\u00a0Estudou Gest\u00e3o de Recursos Humanos, \u00e1rea em que trabalhou durante quinze anos.<\/span>\u00a0O seu primeiro romance,\u00a0Essa Dama Bate Bu\u00e9!\u00a0(2018), aborda quest\u00f5es de identidade, p\u00f3s-mem\u00f3ria, g\u00e9nero, colonialismo e di\u00e1spora.\u00a0Mem\u00f3rias Apari\u00e7\u00f5es Arritmias\u00a0(2021) \u00e9 o seu primeiro livro de poesia.\u00a0Tem colaborado na escrita de argumentos e gui\u00f5es para artes audiovisuais. J\u00e1 foi comentadora de r\u00e1dio na RDP \u00c1frica.<\/p>\t\t\t\t\t<\/div>\n\t\t\t\t\t\t<\/div>\n\t\t\t\t<\/div>\n\t\t\t\t\t\t<\/div>\n\t\t\t\t\t<\/div>\n\t\t<\/div>\n\t\t\t\t\t\t\t\t<\/div>\n\t\t\t\t\t<\/div>\n\t\t<\/section>\n\t\t\t\t\t\t<\/div>\n\t\t\t\t\t\t<\/div>\n\t\t\t\t\t<\/div>\n\t\t","protected":false},"excerpt":{"rendered":"<p>MUKAJI Num formato de 4 epis\u00f3dios, Mukaji explora e reflete sobre quest\u00f5es de cidadania e mobiliza\u00e7\u00e3o social da mulher em \u00c1frica e na di\u00e1spora. Em cada um dos epis\u00f3dios a curadora Yara Monteiro e convidada abordam o passado, presente e futuro das lutas&hellip;<\/p>\n","protected":false},"author":990006,"featured_media":0,"parent":0,"menu_order":0,"comment_status":"closed","ping_status":"closed","template":"","meta":{"footnotes":""},"class_list":["post-4236","page","type-page","status-publish","hentry"],"_links":{"self":[{"href":"https:\/\/hangar.com.pt\/online\/radio\/wp-json\/wp\/v2\/pages\/4236","targetHints":{"allow":["GET"]}}],"collection":[{"href":"https:\/\/hangar.com.pt\/online\/radio\/wp-json\/wp\/v2\/pages"}],"about":[{"href":"https:\/\/hangar.com.pt\/online\/radio\/wp-json\/wp\/v2\/types\/page"}],"author":[{"embeddable":true,"href":"https:\/\/hangar.com.pt\/online\/radio\/wp-json\/wp\/v2\/users\/990006"}],"replies":[{"embeddable":true,"href":"https:\/\/hangar.com.pt\/online\/radio\/wp-json\/wp\/v2\/comments?post=4236"}],"version-history":[{"count":88,"href":"https:\/\/hangar.com.pt\/online\/radio\/wp-json\/wp\/v2\/pages\/4236\/revisions"}],"predecessor-version":[{"id":7830,"href":"https:\/\/hangar.com.pt\/online\/radio\/wp-json\/wp\/v2\/pages\/4236\/revisions\/7830"}],"wp:attachment":[{"href":"https:\/\/hangar.com.pt\/online\/radio\/wp-json\/wp\/v2\/media?parent=4236"}],"curies":[{"name":"wp","href":"https:\/\/api.w.org\/{rel}","templated":true}]}}