{"id":24484,"date":"2023-11-20T17:53:56","date_gmt":"2023-11-20T17:53:56","guid":{"rendered":"https:\/\/hangar.com.pt\/?post_type=product&#038;p=24484"},"modified":"2023-12-22T14:26:33","modified_gmt":"2023-12-22T14:26:33","slug":"irma-marginal-audre-lorde","status":"publish","type":"product","link":"https:\/\/hangar.com.pt\/en\/loja\/irma-marginal-audre-lorde\/","title":{"rendered":"Irm\u00e3 Marginal &#8211; Audre Lorde"},"content":{"rendered":"","protected":false},"excerpt":{"rendered":"<p>Irm\u00e3 Marginal, obra can\u00f3nica dos estudos feministas, re\u00fane \u2014entre ensaios, discursos, cartas e entrevistas \u2014alguns dos textos mais significativos de Audre Lorde, de 1976 a 1984. Profundamente enraizada na experi\u00eancia de viver \u00e0 margem de uma \u00abnorma m\u00edtica\u00bb branca, magra, masculina, jovem e heterossexual, Irm\u00e3 Marginal centra-se na ressignifica\u00e7\u00e3o da no\u00e7\u00e3o de diferen\u00e7a, n\u00e3o como algo a tolerar, mas a reconhecer plenamente enquanto for\u00e7a humana din\u00e2mica, criativa e enriquecedora. Ao expressar esta diferen\u00e7a articulando ascategorias de ra\u00e7a, classe, idade, g\u00e9nero e sexualidade, Lorde instiga-nos a quebrar sil\u00eancios, transformando-os em linguagem e ac\u00e7\u00e3o. Deixa uma marca profunda no pensamento feminista e um legado hoje mais relevante que nunca, servindo-se da pot\u00eancia que h\u00e1 na raiva, do poder do erotismo e da poesia como territ\u00f3rio de resist\u00eancia.<\/p>\n<p><strong>T\u00cdTULO ORIGINAL<\/strong> Sister Outsider<br \/>\n<strong>TRADU\u00c7\u00c3O<\/strong> Gisela Casimiro<br \/>\n<strong>CONCEP\u00c7\u00c3O GR\u00c1FICA<\/strong> Rui Silva<br \/>\n<strong>1.\u00aa EDI\u00c7\u00c3O<\/strong>: 2023<br \/>\n<strong>N.\u00ba PP.<\/strong> 312<br \/>\n<strong>FORMATO<\/strong> 12,8 x 18 cm<br \/>\n<strong>EAN<\/strong> 9789899071827<\/p>\n","protected":false},"featured_media":24485,"template":"","meta":[],"product_cat":[193],"product_tag":[],"class_list":{"0":"post-24484","1":"product","2":"type-product","3":"status-publish","4":"has-post-thumbnail","6":"product_cat-livros","8":"first","9":"onbackorder","10":"taxable","11":"shipping-taxable","12":"purchasable","13":"product-type-simple"},"_links":{"self":[{"href":"https:\/\/hangar.com.pt\/en\/wp-json\/wp\/v2\/product\/24484","targetHints":{"allow":["GET"]}}],"collection":[{"href":"https:\/\/hangar.com.pt\/en\/wp-json\/wp\/v2\/product"}],"about":[{"href":"https:\/\/hangar.com.pt\/en\/wp-json\/wp\/v2\/types\/product"}],"wp:featuredmedia":[{"embeddable":true,"href":"https:\/\/hangar.com.pt\/en\/wp-json\/wp\/v2\/media\/24485"}],"wp:attachment":[{"href":"https:\/\/hangar.com.pt\/en\/wp-json\/wp\/v2\/media?parent=24484"}],"wp:term":[{"taxonomy":"product_cat","embeddable":true,"href":"https:\/\/hangar.com.pt\/en\/wp-json\/wp\/v2\/product_cat?post=24484"},{"taxonomy":"product_tag","embeddable":true,"href":"https:\/\/hangar.com.pt\/en\/wp-json\/wp\/v2\/product_tag?post=24484"}],"curies":[{"name":"wp","href":"https:\/\/api.w.org\/{rel}","templated":true}]}}