{"id":24294,"date":"2023-10-20T14:37:49","date_gmt":"2023-10-20T13:37:49","guid":{"rendered":"https:\/\/hangar.com.pt\/?post_type=product&#038;p=24294"},"modified":"2023-12-22T14:26:33","modified_gmt":"2023-12-22T14:26:33","slug":"o-quilombismo-album","status":"publish","type":"product","link":"https:\/\/hangar.com.pt\/en\/loja\/o-quilombismo-album\/","title":{"rendered":"O Quilombismo Album"},"content":{"rendered":"","protected":false},"excerpt":{"rendered":"<p>Aligning with the onset of the new year in the Yoruba calendar, HKW\u2019s reopening from 2\u20134 June 2023 featured concerts, lectures, performances, processions, readings, and rituals, as well as the launch of the exhibition O Quilombismo: Of Resisting and Insisting. Of Flight as Fight. Of Other Democratic Egalitarian Political Philosophies. Artists, activists, scholars, neighbours, and guests from far and wide gathered to imagine new forms of cultural and political resistance.<\/p>\n<p>Beyond thinking with quilombismo as a metaphor, this project deliberated on the intellectual and political implications of a philosophy and ideology based on the quilombos, mapping the spaces that they have made and continue to make possible today. Featuring over 100 full colour images and installation views, the O Quilombismo Album is a visual record of these acts of opening again, a celebration of conviviality.<\/p>\n<p>Featuring: Lae\u00efla Adjovi, Amina Agueznay, Ana Beatriz Almeida (in collaboration with \/ in Zusammenarbeit mit Cici de Oxal\u00e1), Archive Ensemble, Albert Artwell, Barby Asante, Leo Asemota, Maria Auxiliadora, Carol Barreto, Farid Belkahia, Chef Fatmata Binta, Everald Brown, Mar\u00eda Magdalena Campos-Pons, Baba Murah &#038; Ensemble, Forum Brasil and Il\u00ea Ob\u00e1 Silek\u00e9, Candombl\u00e9 House in Berlin, and Rasiel Almanza Cairo, nora chipaumire and Germaine Acogny, Ange Dakouo, Bastin Santan Diggekar, Diana Ejaita, Rotimi Fani-Kayode, Adama Delphine Fawundu, Tanka Fonta, Saliou Cissokho<br \/>\nand Eden Meier, Gwladys Gambie, vanessa german, Assaf Gruber, Bibijan Babushab Gunjavathi, Badimabi Gafarsab Ugrani, Saidambi Imamasab Naik, Shakirambi Ganishab Tattongi, Hattarabi Maulasab Gunjavati, Antonio Jose Guzm\u00e1n &#038; Iva Jankovic, Houngan Jean-Daniel Lafontant (with Claude Saturne), Hermosa Intervenci\u00f3n, Lisa Hilli, Nikau Hindin, Masimba Hwati and friends (Laura Anh Thu Dang, Luka Mukhavele, Leteris Krysalis), Hayv Kahraman, Grada Kilomba, Li Jiun-Yang, Awilo Longomba, Aristote Mago, Ibrahim Mahama, Edna Martinez, Georgina Maxim, Tuli Mekondjo, Demond Melancon, Marie-Claire Messouma Manlanbien, Oscar Murillo, Museu de Arte Negra, Nontsikelelo Mutiti, Abdias Nascimento, Eust\u00e1quio Neves, Lizette Nin, Olu Oguibe, Temitayo Ogunbiyi, Owusu-Ankomah, Bernardo Oyarz\u00fan, Mois\u00e9s Patr\u00edcio, Anand Patwardhan, Zica Pires, Alberto Pitta, Mallica \u2018Kapo\u2019 Reynolds, Oumou Sangar\u00e9, Joshua Serafin, Snowfuks, Taller Portobelo, Jasmine Thomas-Girvan, Truong Cong Tung, Glic\u00e9ria Tupinamb\u00e1, Rubem Valentim, Celia Vasquez Yui (with \/ mit Diana Ruiz Vasquez), Charmaine Watkiss, Hajra Waheed, Kaylene Whiskey, Sawangwongse Yawnghwe, Bruno Zhu<\/p>\n<p><strong>AUTOR:<\/strong><br \/>\nBonaventure Soh Bejeng Ndikung<\/p>\n<p><strong>T\u00cdTULO ORIGINAL<\/strong> | O Quilombismo Album<br \/>\n<strong>N\u00ba PP<\/strong> | 224<br \/>\n<strong>FORMATO<\/strong> | 13 x 22 cm<br \/>\n<strong>EAN<\/strong> | 978-3-949973-39-0<br \/>\n<strong>PVP<\/strong> | 21\u20ac<\/p>\n","protected":false},"featured_media":24295,"template":"","meta":[],"product_cat":[193],"product_tag":[],"class_list":{"0":"post-24294","1":"product","2":"type-product","3":"status-publish","4":"has-post-thumbnail","6":"product_cat-livros","8":"first","9":"onbackorder","10":"taxable","11":"shipping-taxable","12":"purchasable","13":"product-type-simple"},"_links":{"self":[{"href":"https:\/\/hangar.com.pt\/en\/wp-json\/wp\/v2\/product\/24294","targetHints":{"allow":["GET"]}}],"collection":[{"href":"https:\/\/hangar.com.pt\/en\/wp-json\/wp\/v2\/product"}],"about":[{"href":"https:\/\/hangar.com.pt\/en\/wp-json\/wp\/v2\/types\/product"}],"wp:featuredmedia":[{"embeddable":true,"href":"https:\/\/hangar.com.pt\/en\/wp-json\/wp\/v2\/media\/24295"}],"wp:attachment":[{"href":"https:\/\/hangar.com.pt\/en\/wp-json\/wp\/v2\/media?parent=24294"}],"wp:term":[{"taxonomy":"product_cat","embeddable":true,"href":"https:\/\/hangar.com.pt\/en\/wp-json\/wp\/v2\/product_cat?post=24294"},{"taxonomy":"product_tag","embeddable":true,"href":"https:\/\/hangar.com.pt\/en\/wp-json\/wp\/v2\/product_tag?post=24294"}],"curies":[{"name":"wp","href":"https:\/\/api.w.org\/{rel}","templated":true}]}}