{"id":23523,"date":"2023-07-09T12:23:37","date_gmt":"2023-07-09T11:23:37","guid":{"rendered":"https:\/\/hangar.com.pt\/?post_type=product&#038;p=23523"},"modified":"2023-12-22T14:26:34","modified_gmt":"2023-12-22T14:26:34","slug":"teoria-feminista-gloria-jean","status":"publish","type":"product","link":"https:\/\/hangar.com.pt\/en\/loja\/teoria-feminista-gloria-jean\/","title":{"rendered":"Teoria feminista <br>Gloria Jean Watkins"},"content":{"rendered":"","protected":false},"excerpt":{"rendered":"<p>As edi\u00e7\u00f5es Orfeu Negro continuam a publica\u00e7\u00e3o da obra de bell hooks, uma refer\u00eancia incontorn\u00e1vel na hist\u00f3ria do feminismo. <strong>TEORIA FEMINISTA \u2013 DA MARGEM AO CENTRO<\/strong> examina quest\u00f5es como a sororidade, a viol\u00eancia, a periferiza\u00e7\u00e3o e a parentalidade, defendendo que o movimento feminista tem de reconhecer a complexidade das rela\u00e7\u00f5es sociais e o contributo inestim\u00e1vel das mulheres negras ao longo da hist\u00f3ria. Publicado em 1984, permanece um texto actual e provocador, mantendo o registo cr\u00edtico e directo da autora.<\/p>\n<p><strong>Gloria Jean Watkins<\/strong> (1952-2021), conhecida pelo pseud\u00f3nimo bell hooks, formou-se em literatura inglesa na Universidade de Stanford e doutorou-se na Universidade da Calif\u00f3rnia com uma tese dedicada \u00e0 obra da escritora norte-americana Toni Morrison. Acad\u00e9mica, feminista e activista social, \u00e9 hoje uma autora incontorn\u00e1vel, com mais de trinta t\u00edtulos publicados. O seu trabalho incide na interseccionalidade da ra\u00e7a, da classe social e do g\u00e9nero, e nos modos como estas categorias produzem e perpetuam sistemas de opress\u00e3o e domina\u00e7\u00e3o, refor\u00e7ando a estrutura capitalista patriarcal. J\u00e1 publicados na Orfeu Negro N\u00c3O SEREI EU MULHER? e TEORIA FEMINISTA.<\/p>\n<p><strong>T\u00cdTULO ORIGINAL<\/strong> Feminist Theory: From Margin to Center<br \/>\n<strong>TRADU\u00c7\u00c3O<\/strong> Helena Silveira<br \/>\n<strong>EDITORA<\/strong> Orfeu Negro<br \/>\n<strong>ANO DE EDI\u00c7\u00c3O<\/strong> 2022<br \/>\n<strong>N.\u00ba PP<\/strong>. 328<br \/>\n<strong>FORMATO<\/strong> 12,3 x 18 cm<br \/>\n<strong>EAN<\/strong> 978 &#8211; 989 &#8211; 9071 &#8211; 42 &#8211; 1<\/p>\n","protected":false},"featured_media":23524,"template":"","meta":[],"product_cat":[193],"product_tag":[],"class_list":{"0":"post-23523","1":"product","2":"type-product","3":"status-publish","4":"has-post-thumbnail","6":"product_cat-livros","8":"first","9":"onbackorder","10":"taxable","11":"shipping-taxable","12":"purchasable","13":"product-type-simple"},"_links":{"self":[{"href":"https:\/\/hangar.com.pt\/en\/wp-json\/wp\/v2\/product\/23523","targetHints":{"allow":["GET"]}}],"collection":[{"href":"https:\/\/hangar.com.pt\/en\/wp-json\/wp\/v2\/product"}],"about":[{"href":"https:\/\/hangar.com.pt\/en\/wp-json\/wp\/v2\/types\/product"}],"wp:featuredmedia":[{"embeddable":true,"href":"https:\/\/hangar.com.pt\/en\/wp-json\/wp\/v2\/media\/23524"}],"wp:attachment":[{"href":"https:\/\/hangar.com.pt\/en\/wp-json\/wp\/v2\/media?parent=23523"}],"wp:term":[{"taxonomy":"product_cat","embeddable":true,"href":"https:\/\/hangar.com.pt\/en\/wp-json\/wp\/v2\/product_cat?post=23523"},{"taxonomy":"product_tag","embeddable":true,"href":"https:\/\/hangar.com.pt\/en\/wp-json\/wp\/v2\/product_tag?post=23523"}],"curies":[{"name":"wp","href":"https:\/\/api.w.org\/{rel}","templated":true}]}}