{"id":23419,"date":"2023-06-18T21:50:19","date_gmt":"2023-06-18T20:50:19","guid":{"rendered":"https:\/\/hangar.com.pt\/?post_type=product&#038;p=23419"},"modified":"2023-12-22T14:26:34","modified_gmt":"2023-12-22T14:26:34","slug":"tudo-do-amor-bell-hooks","status":"publish","type":"product","link":"https:\/\/hangar.com.pt\/en\/loja\/tudo-do-amor-bell-hooks\/","title":{"rendered":"TUDO DO AMOR <br>bell hooks"},"content":{"rendered":"","protected":false},"excerpt":{"rendered":"<p><strong>A procura pelo amor continua mesmo perante as maiores improbabilidades.<\/strong><br \/>\n<strong>TUDO DO AMOR<\/strong>, ensaio marcadamente pessoal e uma das obras mais populares de bell hooks, indaga o significado do amor na cultura ocidental, empenhando-se em desconstruir lugares-comuns e representa\u00e7\u00f5es que mascaram rela\u00e7\u00f5es de poder e de domina\u00e7\u00e3o. Contrariando o pensamento corrente, que tantas vezes julga o amor como fraqueza ou atributo do que n\u00e3o \u00e9 racional, bell hooks defende que, mais do que um sentimento, o amor \u00e9 uma ac\u00e7\u00e3o poderosa, capaz de transformar o cinismo, o materialismo e a gan\u00e2ncia que norteiam as sociedades contempor\u00e2neas. Tudo do Amor prop\u00f5e uma outra vis\u00e3o do mundo sob uma nova \u00e9tica amorosa, determinada a edificar uma sociedade verdadeiramente igualit\u00e1ria, honesta e comprometida com o bem-estar colectivo.<\/p>\n<p><strong>Gloria Jean Watkins<\/strong> (1952-2021), conhecida pelo pseud\u00f3nimo bell hooks, formou-se em Literatura Inglesa na Universidade de Stanford e doutorou-se na Universidade da Calif\u00f3rnia com uma tese dedicada \u00e0 obra da escritora norte-americana Toni Morrison. Acad\u00e9mica, feminista e activista social, \u00e9 hoje uma autora incontorn\u00e1vel, com mais de trinta t\u00edtulos publicados. O seu trabalho incide na interseccionalidade da ra\u00e7a, da classe social e do g\u00e9nero, e nos modos como estas categorias produzem e perpetuam sistemas de opress\u00e3o e domina\u00e7\u00e3o, refor\u00e7ando a estrutura capitalista patriarcal. N\u00e3o Serei Eu Mulher? As Mulheres Negras e o Feminismo e Teoria Feminista \u2013 Da Margem ao Centro est\u00e3o j\u00e1 publicados na Orfeu Negro.<\/p>\n<p><strong>EDI\u00c7\u00c3O: <\/strong><br \/>\nOrfeu Negro<\/p>\n<p><strong>TRADU\u00c7\u00c3O: <\/strong><br \/>\nStephanie Borges<\/p>\n<p><strong>T\u00cdTULO ORIGINAL<\/strong> | All about Love \u2014 New Visions<br \/>\n<strong>ANO DE EDI\u00c7\u00c3O<\/strong> | 2023 |<strong> N\u00ba PP<\/strong> | 280<br \/>\n<strong>Formato<\/strong> | 12,3 x 18 cm | <strong>ISBN<\/strong>: 978-989-9071-75-9<br \/>\n<strong>PVP<\/strong> 18\u20ac<\/p>\n","protected":false},"featured_media":23420,"template":"","meta":[],"product_cat":[193],"product_tag":[],"class_list":{"0":"post-23419","1":"product","2":"type-product","3":"status-publish","4":"has-post-thumbnail","6":"product_cat-livros","8":"first","9":"onbackorder","10":"taxable","11":"shipping-taxable","12":"purchasable","13":"product-type-simple"},"_links":{"self":[{"href":"https:\/\/hangar.com.pt\/en\/wp-json\/wp\/v2\/product\/23419","targetHints":{"allow":["GET"]}}],"collection":[{"href":"https:\/\/hangar.com.pt\/en\/wp-json\/wp\/v2\/product"}],"about":[{"href":"https:\/\/hangar.com.pt\/en\/wp-json\/wp\/v2\/types\/product"}],"wp:featuredmedia":[{"embeddable":true,"href":"https:\/\/hangar.com.pt\/en\/wp-json\/wp\/v2\/media\/23420"}],"wp:attachment":[{"href":"https:\/\/hangar.com.pt\/en\/wp-json\/wp\/v2\/media?parent=23419"}],"wp:term":[{"taxonomy":"product_cat","embeddable":true,"href":"https:\/\/hangar.com.pt\/en\/wp-json\/wp\/v2\/product_cat?post=23419"},{"taxonomy":"product_tag","embeddable":true,"href":"https:\/\/hangar.com.pt\/en\/wp-json\/wp\/v2\/product_tag?post=23419"}],"curies":[{"name":"wp","href":"https:\/\/api.w.org\/{rel}","templated":true}]}}