{"id":23416,"date":"2023-06-18T21:43:20","date_gmt":"2023-06-18T20:43:20","guid":{"rendered":"https:\/\/hangar.com.pt\/?post_type=product&#038;p=23416"},"modified":"2023-12-22T14:26:34","modified_gmt":"2023-12-22T14:26:34","slug":"corpos-que-contam-judith-butler","status":"publish","type":"product","link":"https:\/\/hangar.com.pt\/en\/loja\/corpos-que-contam-judith-butler\/","title":{"rendered":"Corpos que Contam <br>Judith Butler"},"content":{"rendered":"","protected":false},"excerpt":{"rendered":"<p><strong>CORPOS QUE CONTAM<\/strong>, obra fulcral na renova\u00e7\u00e3o dos estudos de g\u00e9nero, prop\u00f5e uma abrangente reformula\u00e7\u00e3o cr\u00edtica em torno da materialidade dos corpos. Aprofundando a reflex\u00e3o iniciada em Problemas de G\u00e9nero, Judith Butler demonstra como operam as rela\u00e7\u00f5es de poder na forma\u00e7\u00e3o do \u00absexo\u00bb e da sua \u00abmaterialidade\u00bb, e clarifica a no\u00e7\u00e3o de performatividade, n\u00e3o como \u00abacto\u00bb singular ou deliberado, mas pr\u00e1tica na qual o discurso produz os efeitos que nomeia. A partir de leituras de diversas tradi\u00e7\u00f5es escritas, da filosofia \u00e0 psican\u00e1lise, da literatura ao filme documental, da teoria pol\u00edtica e sexual \u00e0 democracia radical, Butler investiga o funcionamento da hegemonia heterossexual no forjar de mat\u00e9rias sexuais e pol\u00edticas, esbatendo decisivamente as fronteiras entre a teoria queer e o feminismo.<\/p>\n<p><strong>JUDITH BUTLER<\/strong> lecciona na Universidade da Calif\u00f3rnia, em Berkeley, e \u00e9 uma das mais influentes te\u00f3ricas contempor\u00e2neas do feminismo e da teoria queer. Autora de trabalhos pioneiros como Problemas de G\u00e9nero: Feminismo e Subvers\u00e3o da Identidade e Corpos que Contam: Limites Discursivos do \u00abSexo\u00bb, Butler tem contribu\u00eddo amplamente para a renova\u00e7\u00e3o dos estudos de g\u00e9nero. \u00c9 tamb\u00e9m uma das vozes mais activas no debate actual de quest\u00f5es \u00e9ticas e pol\u00edticas e as suas reflex\u00f5es filos\u00f3ficas s\u00e3o indissoci\u00e1veis de uma postura activista. Nas suas obras mais recentes, Butler tem-se centrado no estudo de uma \u00e9tica da n\u00e3o-viol\u00eancia no contexto de colectivos pol\u00edticos e de movimentos de transforma\u00e7\u00e3o social.<\/p>\n<p><strong>EDI\u00c7\u00c3O: <\/strong><br \/>\nOrfeu Negro<\/p>\n<p><strong>TRADU\u00c7\u00c3O: <\/strong><br \/>\nNuno Quintas<\/p>\n<p><strong>T\u00cdTULO ORIGINAL<\/strong> | Bodies that matter<br \/>\n<strong>ANO DE EDI\u00c7\u00c3O<\/strong> | 2023 |<strong> N\u00ba PP<\/strong> | 392<br \/>\n<strong>Formato<\/strong> | 12,3 x 18 cm | <strong>ISBN<\/strong>: 978-989-9071-71-1<br \/>\n<strong>PVP<\/strong> 22\u20ac<\/p>\n","protected":false},"featured_media":23417,"template":"","meta":[],"product_cat":[193],"product_tag":[],"class_list":{"0":"post-23416","1":"product","2":"type-product","3":"status-publish","4":"has-post-thumbnail","6":"product_cat-livros","8":"first","9":"onbackorder","10":"taxable","11":"shipping-taxable","12":"purchasable","13":"product-type-simple"},"_links":{"self":[{"href":"https:\/\/hangar.com.pt\/en\/wp-json\/wp\/v2\/product\/23416","targetHints":{"allow":["GET"]}}],"collection":[{"href":"https:\/\/hangar.com.pt\/en\/wp-json\/wp\/v2\/product"}],"about":[{"href":"https:\/\/hangar.com.pt\/en\/wp-json\/wp\/v2\/types\/product"}],"wp:featuredmedia":[{"embeddable":true,"href":"https:\/\/hangar.com.pt\/en\/wp-json\/wp\/v2\/media\/23417"}],"wp:attachment":[{"href":"https:\/\/hangar.com.pt\/en\/wp-json\/wp\/v2\/media?parent=23416"}],"wp:term":[{"taxonomy":"product_cat","embeddable":true,"href":"https:\/\/hangar.com.pt\/en\/wp-json\/wp\/v2\/product_cat?post=23416"},{"taxonomy":"product_tag","embeddable":true,"href":"https:\/\/hangar.com.pt\/en\/wp-json\/wp\/v2\/product_tag?post=23416"}],"curies":[{"name":"wp","href":"https:\/\/api.w.org\/{rel}","templated":true}]}}