{"id":17097,"date":"2020-12-07T14:02:44","date_gmt":"2020-12-07T14:02:44","guid":{"rendered":"https:\/\/hangar.com.pt\/?post_type=product&#038;p=17097"},"modified":"2022-11-16T13:20:45","modified_gmt":"2022-11-16T13:20:45","slug":"atlantica-contemporary-art-from-mozambique-and-its-diaspora","status":"publish","type":"product","link":"https:\/\/hangar.com.pt\/en\/loja\/atlantica-contemporary-art-from-mozambique-and-its-diaspora\/","title":{"rendered":"Atlantica: Contemporary Art from Mozambique and its Diaspora"},"content":{"rendered":"","protected":false},"excerpt":{"rendered":"<p>ATLANTICA: CONTEMPORARY ART FROM MOZAMBIQUE AND ITS DIASPORA<\/p>\n<p>Atlantica is a book about contemporary art from Mozambique and its diaspora, The book brings together fourteen visual artists and theoretical essays from curators and academics. Considering the art production of the new millennium in Mozambique, the book reflects the diversity of histories and artistic visions, bringing together a variety of formats and writing genres within the book, which reflects the diversity of the authors&#8217; backgrounds.<\/p>\n<p>Contemporary art practices that have emerged in, or engaged with this region, are in themselves tools of resistance and rebellion, and are, as such, central to the decolonisation strategies that artists have used to understand, analyse and resist the socio-economic impact of everyday events and their own personal realities.<\/p>\n<p>Artistas: Maimuna Adam, Filipe Branquinho, Jorge Dias, \u00c2ngela Ferreira, Gemuce, Eur\u00eddice Kala, Camila Maissune, Gon\u00e7alo Mabunda, M\u00e1rio Macilau, Celestino Mudaulane, F\u00e9lix Mula, Eug\u00e9nia Mussa, Maril\u00fa N\u00e1moda, Mauro Pinto<\/p>\n<p>Ensaios: Storm Janse Van Rensburg, Raquel Schefer, \u00c1lvaro Luis Lima, Alda Costa, Drew Thompson, Ant\u00f3nio Pinto Ribeiro, Ana Balona de Oliveira, Afonso Dias Ramos, Nomusa Makhubu, Jo\u00e3o Silv\u00e9rio, Maria do Mar Fazenda, Rui Assubuji, Nkule Mabaso, Paula Nascimento, Dellinda Collier, Azu Nwagbogu, Sihle Motsa<\/p>\n<p>ATLANTICA: CONTEMPORARY ART FROM MOZAMBIQUE AND ITS DIASPORA<\/p>\n<p>Coordinated by HANGAR \u2013 Centro de Investiga\u00e7\u00e3o Art\u00edstica, this book is a co-edition by Hangar \u2013 CEC and has the support of FCT, PLMJ Foundation, CIEBA, Centro de Investiga\u00e7\u00e3o e de Estudos em Belas-Artes<\/p>\n","protected":false},"featured_media":17093,"template":"","meta":[],"product_cat":[193],"product_tag":[],"class_list":{"0":"post-17097","1":"product","2":"type-product","3":"status-publish","4":"has-post-thumbnail","6":"product_cat-livros","7":"product_shipping_class-atlantica","9":"first","10":"onbackorder","11":"taxable","12":"shipping-taxable","13":"purchasable","14":"product-type-simple"},"_links":{"self":[{"href":"https:\/\/hangar.com.pt\/en\/wp-json\/wp\/v2\/product\/17097","targetHints":{"allow":["GET"]}}],"collection":[{"href":"https:\/\/hangar.com.pt\/en\/wp-json\/wp\/v2\/product"}],"about":[{"href":"https:\/\/hangar.com.pt\/en\/wp-json\/wp\/v2\/types\/product"}],"wp:featuredmedia":[{"embeddable":true,"href":"https:\/\/hangar.com.pt\/en\/wp-json\/wp\/v2\/media\/17093"}],"wp:attachment":[{"href":"https:\/\/hangar.com.pt\/en\/wp-json\/wp\/v2\/media?parent=17097"}],"wp:term":[{"taxonomy":"product_cat","embeddable":true,"href":"https:\/\/hangar.com.pt\/en\/wp-json\/wp\/v2\/product_cat?post=17097"},{"taxonomy":"product_tag","embeddable":true,"href":"https:\/\/hangar.com.pt\/en\/wp-json\/wp\/v2\/product_tag?post=17097"}],"curies":[{"name":"wp","href":"https:\/\/api.w.org\/{rel}","templated":true}]}}