{"id":13177,"date":"2019-06-06T10:16:12","date_gmt":"2019-06-06T09:16:12","guid":{"rendered":"https:\/\/hangar.com.pt\/?post_type=product&#038;p=13177"},"modified":"2022-11-16T13:20:46","modified_gmt":"2022-11-16T13:20:46","slug":"memorias-da-plantacao-episodios-de-racismo-quotidiano","status":"publish","type":"product","link":"https:\/\/hangar.com.pt\/en\/loja\/memorias-da-plantacao-episodios-de-racismo-quotidiano\/","title":{"rendered":"Mem\u00f3rias da Planta\u00e7\u00e3o Epis\u00f3dios de Racismo Quotidiano"},"content":{"rendered":"","protected":false},"excerpt":{"rendered":"","protected":false},"featured_media":13176,"template":"","meta":[],"product_cat":[193],"product_tag":[],"class_list":{"0":"post-13177","1":"product","2":"type-product","3":"status-publish","4":"has-post-thumbnail","6":"product_cat-livros","8":"first","9":"onbackorder","10":"taxable","11":"shipping-taxable","12":"product-type-simple"},"_links":{"self":[{"href":"https:\/\/hangar.com.pt\/en\/wp-json\/wp\/v2\/product\/13177","targetHints":{"allow":["GET"]}}],"collection":[{"href":"https:\/\/hangar.com.pt\/en\/wp-json\/wp\/v2\/product"}],"about":[{"href":"https:\/\/hangar.com.pt\/en\/wp-json\/wp\/v2\/types\/product"}],"wp:featuredmedia":[{"embeddable":true,"href":"https:\/\/hangar.com.pt\/en\/wp-json\/wp\/v2\/media\/13176"}],"wp:attachment":[{"href":"https:\/\/hangar.com.pt\/en\/wp-json\/wp\/v2\/media?parent=13177"}],"wp:term":[{"taxonomy":"product_cat","embeddable":true,"href":"https:\/\/hangar.com.pt\/en\/wp-json\/wp\/v2\/product_cat?post=13177"},{"taxonomy":"product_tag","embeddable":true,"href":"https:\/\/hangar.com.pt\/en\/wp-json\/wp\/v2\/product_tag?post=13177"}],"curies":[{"name":"wp","href":"https:\/\/api.w.org\/{rel}","templated":true}]}}