{"id":13572,"date":"2019-07-06T22:08:23","date_gmt":"2019-07-06T21:08:23","guid":{"rendered":"https:\/\/hangar.com.pt\/music\/residencias-2\/"},"modified":"2019-08-21T17:13:30","modified_gmt":"2019-08-21T16:13:30","slug":"residencias-2","status":"publish","type":"page","link":"https:\/\/hangar.com.pt\/en\/music\/residencias-2\/","title":{"rendered":"PARTICIPA\u00c7\u00c3O"},"content":{"rendered":"<div class=\"wpb-content-wrapper\"><p>[vc_row][vc_column][vc_custom_heading text=&#8221;PARTICIPA\u00c7\u00c3O&#8221; use_theme_fonts=&#8221;yes&#8221;][vc_separator color=&#8221;black&#8221; align=&#8221;align_left&#8221;][\/vc_column][\/vc_row][vc_row][vc_column][vc_column_text]O Programa de Participa\u00e7\u00e3o do Hangar Music &#8211; COMPASSO, \u00e9 um programa de forma\u00e7\u00e3o informal para Jovens atrav\u00e9s da m\u00fasica, focando na criatividade (muitas vezes no que respeita \u00e0 sua import\u00e2ncia na inova\u00e7\u00e3o) e na educa\u00e7\u00e3o cultural (no que respeita \u00e0 identidade individual e \u00e0 promo\u00e7\u00e3o da compreens\u00e3o intercultural) nos objectivos da educa\u00e7\u00e3o art\u00edstica .<br \/>\nO programa t\u00eam integrado jovens com compet\u00eancias na \u00e1rea da m\u00fasica, promovendo a aquisi\u00e7\u00e3o de diferentes m\u00e9todos de trabalho e dando-lhes merecida visibilidade e reconhecimento, alterando a paisagem urbana com a presen\u00e7a de novos protagonistas e novas performances.Contudo, mais do que criar consumidores de Arte, pretende-se criar criadores de arte, assumindo assim as val\u00eancias do processo criativo como m\u00e9todos para a cidadania activa cr\u00edtica e a auto-sustentabilidade que da\u00ed adv\u00e9m.[\/vc_column_text][\/vc_column][\/vc_row][vc_row][vc_column width=&#8221;1\/4&#8243;][vc_single_image image=&#8221;13524&#8243; img_size=&#8221;280&#215;200&#8243; alignment=&#8221;center&#8221; onclick=&#8221;custom_link&#8221; link=&#8221;https:\/\/hangar.com.pt\/en\/sette\/&#8221;][vc_column_text]<\/p>\n<h4 style=\"text-align: center;\"><a class=\"vc_gitem-link\" title=\"Sette\" href=\"https:\/\/hangar.com.pt\/en\/sette\/\">Sette<\/a><\/h4>\n<p>[\/vc_column_text][\/vc_column][vc_column width=&#8221;1\/4&#8243;][vc_single_image image=&#8221;13533&#8243; img_size=&#8221;280&#215;200&#8243; alignment=&#8221;center&#8221; onclick=&#8221;custom_link&#8221; link=&#8221;https:\/\/hangar.com.pt\/en\/maurrice\/&#8221;][vc_column_text]<\/p>\n<h4 style=\"text-align: center;\"><a class=\"vc_gitem-link\" title=\"Maurrice\" href=\"https:\/\/hangar.com.pt\/en\/maurrice\/\">MaurRice<\/a><\/h4>\n<p>[\/vc_column_text][\/vc_column][vc_column width=&#8221;1\/4&#8243;][vc_single_image image=&#8221;13555&#8243; img_size=&#8221;280&#215;200&#8243; alignment=&#8221;center&#8221; onclick=&#8221;custom_link&#8221; link=&#8221;https:\/\/hangar.com.pt\/en\/yg-mil\/&#8221;][vc_column_text]<\/p>\n<h4 style=\"text-align: center;\"><a class=\"vc_gitem-link\" title=\"Yg Mil\" href=\"https:\/\/hangar.com.pt\/en\/yg-mil\/\">Yg Mil<\/a><\/h4>\n<p>[\/vc_column_text][\/vc_column][vc_column width=&#8221;1\/4&#8243;][vc_single_image image=&#8221;13564&#8243; img_size=&#8221;280&#215;200&#8243; alignment=&#8221;center&#8221; onclick=&#8221;custom_link&#8221; link=&#8221;https:\/\/hangar.com.pt\/en\/moa-mauer\/&#8221;][vc_column_text]<\/p>\n<h4 style=\"text-align: center;\"><a class=\"vc_gitem-link\" title=\"Moa Mauer\" href=\"https:\/\/hangar.com.pt\/en\/moa-mauer\/\">Moa Mauer<\/a><\/h4>\n<p>[\/vc_column_text][\/vc_column][\/vc_row][vc_row][vc_column width=&#8221;1\/4&#8243;][vc_single_image image=&#8221;13718&#8243; img_size=&#8221;280&#215;200&#8243; alignment=&#8221;center&#8221; onclick=&#8221;custom_link&#8221; link=&#8221;https:\/\/hangar.com.pt\/en\/lala-lima\/&#8221;][vc_column_text]<\/p>\n<h4 style=\"text-align: center;\"><a class=\"vc_gitem-link\" title=\"Lala Lima\" href=\"https:\/\/hangar.com.pt\/en\/lala-lima\/\">Lala Limar<\/a><\/h4>\n<p>[\/vc_column_text][\/vc_column][vc_column width=&#8221;1\/4&#8243;][\/vc_column][vc_column width=&#8221;1\/4&#8243;][\/vc_column][vc_column width=&#8221;1\/4&#8243;][\/vc_column][\/vc_row]<\/p>\n<\/div>","protected":false},"excerpt":{"rendered":"<p>[vc_row][vc_column][vc_custom_heading text=&#8221;PARTICIPA\u00c7\u00c3O&#8221; use_theme_fonts=&#8221;yes&#8221;][vc_separator color=&#8221;black&#8221; align=&#8221;align_left&#8221;][\/vc_column][\/vc_row][vc_row][vc_column][vc_column_text]O Programa de Participa\u00e7\u00e3o do Hangar Music &#8211; COMPASSO, \u00e9 um programa de forma\u00e7\u00e3o informal para Jovens atrav\u00e9s da m\u00fasica, focando na criatividade (muitas vezes no&hellip;<\/p>\n","protected":false},"author":8,"featured_media":0,"parent":13383,"menu_order":0,"comment_status":"closed","ping_status":"closed","template":"","meta":{"footnotes":""},"class_list":["post-13572","page","type-page","status-publish","hentry"],"_links":{"self":[{"href":"https:\/\/hangar.com.pt\/en\/wp-json\/wp\/v2\/pages\/13572","targetHints":{"allow":["GET"]}}],"collection":[{"href":"https:\/\/hangar.com.pt\/en\/wp-json\/wp\/v2\/pages"}],"about":[{"href":"https:\/\/hangar.com.pt\/en\/wp-json\/wp\/v2\/types\/page"}],"author":[{"embeddable":true,"href":"https:\/\/hangar.com.pt\/en\/wp-json\/wp\/v2\/users\/8"}],"replies":[{"embeddable":true,"href":"https:\/\/hangar.com.pt\/en\/wp-json\/wp\/v2\/comments?post=13572"}],"version-history":[{"count":0,"href":"https:\/\/hangar.com.pt\/en\/wp-json\/wp\/v2\/pages\/13572\/revisions"}],"up":[{"embeddable":true,"href":"https:\/\/hangar.com.pt\/en\/wp-json\/wp\/v2\/pages\/13383"}],"wp:attachment":[{"href":"https:\/\/hangar.com.pt\/en\/wp-json\/wp\/v2\/media?parent=13572"}],"curies":[{"name":"wp","href":"https:\/\/api.w.org\/{rel}","templated":true}]}}