{"id":27720,"date":"2025-06-20T18:17:56","date_gmt":"2025-06-20T17:17:56","guid":{"rendered":"http:\/\/hangar.com.pt\/?post_type=product&#038;p=27720"},"modified":"2025-06-20T18:28:25","modified_gmt":"2025-06-20T17:28:25","slug":"atlantica-arte-contemporanea-de-cabo-verde-guine-bissau-sao-tome-e-principe-e-a-sua-diaspora","status":"publish","type":"product","link":"http:\/\/hangar.com.pt\/en\/loja\/atlantica-arte-contemporanea-de-cabo-verde-guine-bissau-sao-tome-e-principe-e-a-sua-diaspora\/","title":{"rendered":"Atl\u00e2ntica: Arte Contempor\u00e2nea de Cabo Verde, Guin\u00e9-Bissau, S\u00e3o Tom\u00e9 e Pr\u00edncipe e a sua Di\u00e1spora"},"content":{"rendered":"","protected":false},"excerpt":{"rendered":"<p class=\"p1\">ATL\u00c2NTICA : Arte Contempor\u00e2nea de Cabo Verde, Guin\u00e9-Bissau, S\u00e3o Tom\u00e9 e Pr\u00edncipe e a sua Di\u00e1spora \u00e9 a mais recente edi\u00e7\u00e3o em portugu\u00eas do cl\u00e1ssico do Hangar Books <i>Atlantica: Contemporary Art from Cabo Verde, Guinea Bissau, S\u00e3o Tom\u00e9 e Pr\u00edncipe and their Diaspora<\/i>.<\/p>\n<p>Na seque\u0302ncia das duas obras anteriores dedicadas, respectivamente, a Angola e a Moc\u0327ambique, este novo livro da se\u0301rie \u201cAtl\u00e2ntica\u201d centra-se na arte de Cabo Verde, da Guine\u0301-Bissau e de Sa\u0303o Tome\u0301 e Pri\u0301ncipe, bem como nas suas dia\u0301sporas. E\u0301 editado pelo artista Ce\u0301sar Schofield Cardoso, em conjunto com Mo\u0301nica de Miranda, que assina tambe\u0301m a coordenac\u0327a\u0303o.Nos diferentes ensaios, encontramos grande variedade de formatos e ge\u0301neros de escrita no livro, o que reflecte a diversidade de origens dos autores. O livro reu\u0301ne ensaios te\u00f3ricos sobre a pr\u00e1tica de doze artistas nascidos po\u0301s-independe\u0302ncia, com distintas histo\u0301rias, perspectivas e viso\u0303es arti\u0301sticas. As pra\u0301ticas de arte contempora\u0302nea que surgiram, ou se desenvolveram nos pai\u0301s, sa\u0303o em si ferramentas de resiste\u0302ncia e rebelia\u0303o e, como tal, sa\u0303o centrais para as estrate\u0301gias de descolonizac\u0327a\u0303o que os artistas usaram para entender, analisar e resistir ao impacto socioecono\u0301mico dos eventos quotidianos e das suas pro\u0301prias realidades pessoais.<\/p>\n<p><strong>Edi\u00e7\u00e3o: <\/strong>C\u00e9sar Schofield Cardoso e M\u00f3nica de Miranda<\/p>\n<p><strong>Coordena\u00e7\u00e3o: <\/strong>M\u00f3nica de Miranda<\/p>\n<p class=\"p1\"><b>Artistas: <\/b>Olavo Amado, N\u00fa Barreto, Welket Bung\u00e9, C\u00e9sar Schofield Cardoso, Irineu Destourelles, Vanessa Fernandes, ngelo Lopes, Sandim Mendes, Melissa Rodrigues, Herberto Smith, Abdel Queta Tavares, Ren\u00e9 Tavares.<\/p>\n<p class=\"p1\"><b>Ensaios: <\/b>Azu Nwagbogu, M\u00f3nica de Miranda, C\u00e9sar Schofield Cardoso, Ana Cristina Pereira, In\u00eas Beleza Barreiros, Raquel Schefer, Ana Nolasco, \u00c1lvaro Lu\u00eds de Lima, Michelle Salles, Paula Nascimento, Mariana Aboim, Raquel Lima, Vald\u00edvia Delgado Tolentino, Cristiana Tejo, Lu\u00edsa Santos, Inoc\u00eancia Mata, Joacine Katar Moreira, Ana Balona de Oliveira.<\/p>\n<p class=\"p1\"><b>T\u00cdTULO ORIGINAL<\/b> Atl\u00e2ntica: Arte Contempor\u00e2nea de Cabo Verde, Guin\u00e9-Bissau, S\u00e3o Tom\u00e9 e Pr\u00edncipe e a sua Di\u00e1spora<br \/>\n<b>ANO DE EDI\u00c7\u00c3O<\/b>\u00a02025\u00a0<b>N.\u00ba PP<\/b>. 176<br \/>\n<b>FORMATO<\/b>\u00a017 x 24,5 cm\u00a0<b>ISBN<\/b> 978-989-53353-9-8<\/p>\n","protected":false},"featured_media":27721,"template":"","meta":[],"product_cat":[193],"product_tag":[],"class_list":{"0":"post-27720","1":"product","2":"type-product","3":"status-publish","4":"has-post-thumbnail","6":"product_cat-livros","8":"first","9":"instock","10":"taxable","11":"shipping-taxable","12":"purchasable","13":"product-type-simple"},"_links":{"self":[{"href":"http:\/\/hangar.com.pt\/en\/wp-json\/wp\/v2\/product\/27720","targetHints":{"allow":["GET"]}}],"collection":[{"href":"http:\/\/hangar.com.pt\/en\/wp-json\/wp\/v2\/product"}],"about":[{"href":"http:\/\/hangar.com.pt\/en\/wp-json\/wp\/v2\/types\/product"}],"wp:featuredmedia":[{"embeddable":true,"href":"http:\/\/hangar.com.pt\/en\/wp-json\/wp\/v2\/media\/27721"}],"wp:attachment":[{"href":"http:\/\/hangar.com.pt\/en\/wp-json\/wp\/v2\/media?parent=27720"}],"wp:term":[{"taxonomy":"product_cat","embeddable":true,"href":"http:\/\/hangar.com.pt\/en\/wp-json\/wp\/v2\/product_cat?post=27720"},{"taxonomy":"product_tag","embeddable":true,"href":"http:\/\/hangar.com.pt\/en\/wp-json\/wp\/v2\/product_tag?post=27720"}],"curies":[{"name":"wp","href":"https:\/\/api.w.org\/{rel}","templated":true}]}}