{"id":27707,"date":"2025-06-20T18:01:51","date_gmt":"2025-06-20T17:01:51","guid":{"rendered":"http:\/\/hangar.com.pt\/?post_type=product&#038;p=27707"},"modified":"2025-06-20T18:32:19","modified_gmt":"2025-06-20T17:32:19","slug":"atlantica-arte-contemporanea-de-angola-e-a-sua-diaspora","status":"publish","type":"product","link":"http:\/\/hangar.com.pt\/en\/loja\/atlantica-arte-contemporanea-de-angola-e-a-sua-diaspora\/","title":{"rendered":"Atl\u00e2ntica: Arte Contempor\u00e2nea de Angola e a sua Di\u00e1spora"},"content":{"rendered":"","protected":false},"excerpt":{"rendered":"<p class=\"p1\">ATL\u00c2NTICA : Arte Contempor\u00e2nea de Angola e a sua Di\u00e1spora \u00e9 a mais recente edi\u00e7\u00e3o em portugu\u00eas do cl\u00e1ssico do Hangar Books <i>Atlantica: Contemporary Art from Angola and its Diaspora<\/i>.<\/p>\n<p class=\"p1\">A publica\u00e7\u00e3o foi concebido e desenvolvido por artistas em conjunto com te\u00f3ricos, curadores e estudiosos, tendo em conta a produ\u00e7\u00e3o art\u00edstica do novo mil\u00e9nio em Angola.<\/p>\n<p class=\"p1\">Nos diferentes ensaios, encontramos grande variedade de formatos e g\u00e9neros de escrita no livro, o que reflecte a diversidade de origens dos autores. O livro re\u00fane catorze artistas nascidos p\u00f3s-independ\u00eancia, com distintas hist\u00f3rias, perspectivas e vis\u00f5es art\u00edsticas. As pr\u00e1ticas de arte contempor\u00e2nea que surgiram, ou se desenvolveram nos pa\u00eds, s\u00e3o em si ferramentas de resist\u00eancia e rebeli\u00e3o e, como tal, s\u00e3o centrais para as estrat\u00e9gias de descoloniza\u00e7\u00e3o que os artistas usaram para entender, analisar e resistir ao impacto socioecon\u00f3mico dos eventos quotidianos e das suas pr\u00f3prias realidades pessoais.<\/p>\n<p><strong>Edi\u00e7\u00e3o:<\/strong> M\u00f3nica de Miranda<\/p>\n<p class=\"p1\"><b>Artistas:\u00a0<\/b>Alice Marcelino, Alida Rodrigues, Ana Silva, Binelde Hyrcan, D\u00e9lio Jasse, Edson Chagas, Francisco Vidal, Grada Kilomba, Ihosvanny, Janu\u00e1rio Jano, Keyezua, Kiluanji Kia Henda, M\u00f3nica de Miranda e Yonamine<\/p>\n<p class=\"p1\"><b>Ensaios:\u00a0<\/b>Adriano Mixinge, Afonso Dias Ramos, Ana Balona de Oliveira, Ana Cristina Cachola, Ashleigh M. Barice, Bruno Leit\u00e3o, Delinda Collier, Denise Ferreira da Silva, Gabi Ngcobo, Maria-Gracia Ladajou, Marissa J. Moorman, Marta Jecu, Nancy Dantas, Nadine Siegert, Negarra A. Kudumu, Paul Goodwin, Paula Nascimento, Pontus Kyander e Raquel Schefer<\/p>\n<p class=\"p1\"><b>T\u00cdTULO ORIGINAL<\/b>\u00a0Atl\u00e2ntica: Arte Contempor\u00e2nea de Angola e a sua Di\u00e1spora<br \/>\n<b>ANO DE EDI\u00c7\u00c3O<\/b>\u00a02025\u00a0<b>N.\u00ba PP<\/b>.\u00a0204<br \/>\n<b>FORMATO<\/b>\u00a017 x 24,5 cm\u00a0<b>ISBN<\/b>\u00a0978-989-36280-0-3<\/p>\n","protected":false},"featured_media":27712,"template":"","meta":[],"product_cat":[193],"product_tag":[],"class_list":{"0":"post-27707","1":"product","2":"type-product","3":"status-publish","4":"has-post-thumbnail","6":"product_cat-livros","8":"first","9":"instock","10":"taxable","11":"shipping-taxable","12":"purchasable","13":"product-type-simple"},"_links":{"self":[{"href":"http:\/\/hangar.com.pt\/en\/wp-json\/wp\/v2\/product\/27707","targetHints":{"allow":["GET"]}}],"collection":[{"href":"http:\/\/hangar.com.pt\/en\/wp-json\/wp\/v2\/product"}],"about":[{"href":"http:\/\/hangar.com.pt\/en\/wp-json\/wp\/v2\/types\/product"}],"wp:featuredmedia":[{"embeddable":true,"href":"http:\/\/hangar.com.pt\/en\/wp-json\/wp\/v2\/media\/27712"}],"wp:attachment":[{"href":"http:\/\/hangar.com.pt\/en\/wp-json\/wp\/v2\/media?parent=27707"}],"wp:term":[{"taxonomy":"product_cat","embeddable":true,"href":"http:\/\/hangar.com.pt\/en\/wp-json\/wp\/v2\/product_cat?post=27707"},{"taxonomy":"product_tag","embeddable":true,"href":"http:\/\/hangar.com.pt\/en\/wp-json\/wp\/v2\/product_tag?post=27707"}],"curies":[{"name":"wp","href":"https:\/\/api.w.org\/{rel}","templated":true}]}}