{"id":23471,"date":"2023-07-03T19:21:39","date_gmt":"2023-07-03T18:21:39","guid":{"rendered":"https:\/\/hangar.com.pt\/?post_type=product&#038;p=23471"},"modified":"2023-12-22T14:26:34","modified_gmt":"2023-12-22T14:26:34","slug":"k-como-kolonia-kafka-e-a-descolonizacao-do-imaginario","status":"publish","type":"product","link":"http:\/\/hangar.com.pt\/en\/loja\/k-como-kolonia-kafka-e-a-descolonizacao-do-imaginario\/","title":{"rendered":"K como Kol\u00f3nia <br>Kafka e a descoloniza\u00e7\u00e3o do imagin\u00e1rio"},"content":{"rendered":"","protected":false},"excerpt":{"rendered":"<p><strong>K COMO KOL\u00d3NIA<\/strong> parte das narrativas vision\u00e1rias de Franz Kafka para reflectir sobre o poder pol\u00edtico do imagin\u00e1rio colonial. Ao desconstruir os esquemas e representa\u00e7\u00f5es sociais de hoje, herdeiros de um passado de viol\u00eancia e explora\u00e7\u00e3o, Marie-Jos\u00e9 Mondzain devolve \u00e0 fic\u00e7\u00e3o o seu dom pol\u00edtico por excel\u00eancia. Imaginar \u00e9 fragilizar o real, fazendo entrar nas palavras, nas imagens e nos gestos uma outra categoria do poss\u00edvel. Descolonizar o imagin\u00e1rio \u00e9, pois, este gesto de ruptura, emancipa\u00e7\u00e3o e resist\u00eancia: o \u00fanico capaz de combater a opress\u00e3o do real.<\/p>\n<p>Marie-Jos\u00e9 Mondzain \u00e9 fil\u00f3sofa e directora de investiga\u00e7\u00e3o em\u00e9rita do Centre National de la Recherche Scientifique, em Paris. Refer\u00eancia fundamental do pensamento contempor\u00e2neo, tem contribu\u00eddo para o debate vital acerca do poder persuasivo das imagens, articulando o campo da est\u00e9tica com as maiores preocupa\u00e7\u00f5es \u00e9ticas. Entre os seus t\u00edtulos, destacam-se A Imagem Pode Matar? e Homo Spectator \u2013 Ver, Fazer Ver (Orfeu Negro, 2015).<\/p>\n<p><strong>T\u00cdTULO ORIGINAL<\/strong> K comme Kolonia: Kafka et la d\u00e9colonisation de l&#8217;imaginaire<br \/>\n<strong>TRADU\u00c7\u00c3O<\/strong> Lu\u00eds Lima<br \/>\n<strong>EDITORA<\/strong> Orfeu Negro<br \/>\n<strong>ANO DE EDI\u00c7\u00c3O<\/strong> 2022<br \/>\n<strong>N.\u00ba PP<\/strong>. 232<br \/>\n<strong>FORMATO<\/strong> 12,3 x 18 cm<br \/>\n<strong>EAN<\/strong> 978-989-9071-32-2<\/p>\n","protected":false},"featured_media":23473,"template":"","meta":[],"product_cat":[193],"product_tag":[],"class_list":{"0":"post-23471","1":"product","2":"type-product","3":"status-publish","4":"has-post-thumbnail","6":"product_cat-livros","8":"first","9":"onbackorder","10":"taxable","11":"shipping-taxable","12":"purchasable","13":"product-type-simple"},"_links":{"self":[{"href":"http:\/\/hangar.com.pt\/en\/wp-json\/wp\/v2\/product\/23471","targetHints":{"allow":["GET"]}}],"collection":[{"href":"http:\/\/hangar.com.pt\/en\/wp-json\/wp\/v2\/product"}],"about":[{"href":"http:\/\/hangar.com.pt\/en\/wp-json\/wp\/v2\/types\/product"}],"wp:featuredmedia":[{"embeddable":true,"href":"http:\/\/hangar.com.pt\/en\/wp-json\/wp\/v2\/media\/23473"}],"wp:attachment":[{"href":"http:\/\/hangar.com.pt\/en\/wp-json\/wp\/v2\/media?parent=23471"}],"wp:term":[{"taxonomy":"product_cat","embeddable":true,"href":"http:\/\/hangar.com.pt\/en\/wp-json\/wp\/v2\/product_cat?post=23471"},{"taxonomy":"product_tag","embeddable":true,"href":"http:\/\/hangar.com.pt\/en\/wp-json\/wp\/v2\/product_tag?post=23471"}],"curies":[{"name":"wp","href":"https:\/\/api.w.org\/{rel}","templated":true}]}}