{"id":22605,"date":"2022-12-16T12:46:34","date_gmt":"2022-12-16T12:46:34","guid":{"rendered":"https:\/\/hangar.com.pt\/loja\/no-longer-with-the-memory-but-with-its-future\/"},"modified":"2022-12-16T12:53:39","modified_gmt":"2022-12-16T12:53:39","slug":"no-longer-with-the-memory-but-with-its-future","status":"publish","type":"product","link":"http:\/\/hangar.com.pt\/en\/loja\/no-longer-with-the-memory-but-with-its-future\/","title":{"rendered":"no longer with the memory but with its future"},"content":{"rendered":"","protected":false},"excerpt":{"rendered":"<p>\u201cNo longer with the memory but with its future\u201d refere-se \u00e0 exposi\u00e7\u00e3o hom\u00f3nima apresentada por M\u00f3nica de Miranda, artista visual e investigadora portuguesa e angolana, durante a Bienal de Veneza de 2022 sob a curadoria de Paula Nasci- mento. \u00c9 um livro fotogr\u00e1fico que inclui reflex\u00f5es te\u00f3ricas e po\u00e9ticas sobre o filme \u201cCaminho para as estrelas\u201d (2022) e o universo simb\u00f3lico que encarna. Lidando com quest\u00f5es de identidade, mem\u00f3ria e di\u00e1spora, em rela\u00e7\u00e3o a diferentes dimens\u00f5es do tempo (do passado ancestral ao presente e fu- turo), o livro re\u00fane v\u00e1rias vis\u00f5es sobre as complexas rela\u00e7\u00f5es abordadas por M\u00f3nica de Miranda neste novo conjunto de obras. O livro conta tamb\u00e9m com uma entrevista com a artis- ta e a curadora.<\/p>\n<p><strong>EDI\u00c7\u00c3O: <\/strong><br \/>\nM\u00f3nica de Miranda, Paula Nascimento, Marissa Moorman<\/p>\n<p><strong>AUTORES:<\/strong><br \/>\nPaula Nascimento, Ana Nolasco, Marissa Moorman, Yara Nakahanda Monteiro, Negarra A. Kudumu, Ana Sophie Salazar e Vittorio Urbani<\/p>\n<p><strong>T\u00cdTULO ORIGINAL<\/strong> | no longer with the memory but with its future<br \/>\n<strong>ANO DE EDI\u00c7\u00c3O<\/strong> | 2022<br \/>\n<strong>N\u00ba PP<\/strong> | 89<br \/>\n<strong>FORMATO<\/strong> | Capa dura &#8211; 14,8 x 21 cm<br \/>\n<strong>EAN<\/strong> | 9789895335312<br \/>\n<strong>PVP<\/strong> | 25\u20ac<\/p>\n","protected":false},"featured_media":22603,"template":"","meta":[],"product_cat":[193],"product_tag":[],"class_list":{"0":"post-22605","1":"product","2":"type-product","3":"status-publish","4":"has-post-thumbnail","6":"product_cat-livros","8":"first","9":"onbackorder","10":"taxable","11":"shipping-taxable","12":"purchasable","13":"product-type-simple"},"_links":{"self":[{"href":"http:\/\/hangar.com.pt\/en\/wp-json\/wp\/v2\/product\/22605","targetHints":{"allow":["GET"]}}],"collection":[{"href":"http:\/\/hangar.com.pt\/en\/wp-json\/wp\/v2\/product"}],"about":[{"href":"http:\/\/hangar.com.pt\/en\/wp-json\/wp\/v2\/types\/product"}],"wp:featuredmedia":[{"embeddable":true,"href":"http:\/\/hangar.com.pt\/en\/wp-json\/wp\/v2\/media\/22603"}],"wp:attachment":[{"href":"http:\/\/hangar.com.pt\/en\/wp-json\/wp\/v2\/media?parent=22605"}],"wp:term":[{"taxonomy":"product_cat","embeddable":true,"href":"http:\/\/hangar.com.pt\/en\/wp-json\/wp\/v2\/product_cat?post=22605"},{"taxonomy":"product_tag","embeddable":true,"href":"http:\/\/hangar.com.pt\/en\/wp-json\/wp\/v2\/product_tag?post=22605"}],"curies":[{"name":"wp","href":"https:\/\/api.w.org\/{rel}","templated":true}]}}