{"id":19941,"date":"2021-12-21T13:28:44","date_gmt":"2021-12-21T13:28:44","guid":{"rendered":"https:\/\/hangar.com.pt\/loja\/colecao-completa-atlantica-books\/"},"modified":"2022-10-31T18:32:28","modified_gmt":"2022-10-31T18:32:28","slug":"colecao-completa-atlantica-books","status":"publish","type":"product","link":"http:\/\/hangar.com.pt\/en\/loja\/colecao-completa-atlantica-books\/","title":{"rendered":"Cole\u00e7\u00e3o Completa &#8211; Atlantica Books"},"content":{"rendered":"","protected":false},"excerpt":{"rendered":"<p><strong>(20% OFF)<\/strong><\/p>\n<p>Cole\u00e7\u00e3o completa da s\u00e9rie ATLANTICA, com os livros:<\/p>\n<p>\u2022 <a href=\"https:\/\/hangar.com.pt\/loja\/atlantica\/\">ATLANTICA: Contemporary Art from Angola and its Diaspora<\/a><\/p>\n<p>\u2022 <a href=\"https:\/\/hangar.com.pt\/loja\/atlantica-contemporary-art-from-mozambique-and-its-diaspora\/\">ATLANTICA: Contemporary Art from Mozambique and its Diaspora<\/a><\/p>\n<p>\u2022 <a href=\"https:\/\/hangar.com.pt\/loja\/atlantica-contemporary-art-from-cabo-verde-guinea-bissau-sao-tome-and-principe-and-their-diasporas\/\">ATLANTICA: Contemporary Art from Cabo Verde, Guinea Bissau, Sa\u0303o Tome\u0301 and Pri\u0301ncipe and their Diasporas<\/a><\/p>\n","protected":false},"featured_media":19939,"template":"","meta":[],"product_cat":[193],"product_tag":[],"class_list":{"0":"post-19941","1":"product","2":"type-product","3":"status-publish","4":"has-post-thumbnail","6":"product_cat-livros","8":"first","9":"outofstock","10":"sale","11":"taxable","12":"shipping-taxable","13":"purchasable","14":"product-type-simple"},"_links":{"self":[{"href":"http:\/\/hangar.com.pt\/en\/wp-json\/wp\/v2\/product\/19941","targetHints":{"allow":["GET"]}}],"collection":[{"href":"http:\/\/hangar.com.pt\/en\/wp-json\/wp\/v2\/product"}],"about":[{"href":"http:\/\/hangar.com.pt\/en\/wp-json\/wp\/v2\/types\/product"}],"wp:featuredmedia":[{"embeddable":true,"href":"http:\/\/hangar.com.pt\/en\/wp-json\/wp\/v2\/media\/19939"}],"wp:attachment":[{"href":"http:\/\/hangar.com.pt\/en\/wp-json\/wp\/v2\/media?parent=19941"}],"wp:term":[{"taxonomy":"product_cat","embeddable":true,"href":"http:\/\/hangar.com.pt\/en\/wp-json\/wp\/v2\/product_cat?post=19941"},{"taxonomy":"product_tag","embeddable":true,"href":"http:\/\/hangar.com.pt\/en\/wp-json\/wp\/v2\/product_tag?post=19941"}],"curies":[{"name":"wp","href":"https:\/\/api.w.org\/{rel}","templated":true}]}}