{"id":18125,"date":"2021-04-15T19:43:41","date_gmt":"2021-04-15T18:43:41","guid":{"rendered":"https:\/\/hangar.com.pt\/?post_type=product&#038;p=18125"},"modified":"2022-11-16T13:20:45","modified_gmt":"2022-11-16T13:20:45","slug":"qnotes-marissa-monica","status":"publish","type":"product","link":"http:\/\/hangar.com.pt\/en\/loja\/qnotes-marissa-monica\/","title":{"rendered":"Q-notes <br>Marissa J. Moorman &#038; M\u00f3nica de Miranda (EDS)"},"content":{"rendered":"","protected":false},"excerpt":{"rendered":"<p><strong>Q-notesis<\/strong> a series of publications that gathers transcribed seminars and artists\u2019 talks given at Hangar &#8211; Centro de Investiga\u00e7\u00e3o Art\u00edstica as part of its research, exhibition, publication and public programme. In this series we also publish artists\u2019 thoughts and the papers they have shared with Hangar. The neologism \u2018Q-notes\u2019 is a riff on the idea of <strong>keynote<\/strong>. Keynotes are talks that underscore a conference or meeting theme. Keynote also signifies the main idea. Both these meanings derive from the role of keynote in music. The keynote is the first note in a diatonic scale, the one that anchors the melody and the harmony. The \u2018Q\u2019 in \u2018Q-notes\u2019 is short for question and the interrogative. For us, questions are key. These talks ask questions and interrogate what have become the common sense of the art world and artistic practice.<\/p>\n<p>This first Q-note publication offers innovative and interrogative thinking from the artists, curators, and cultural theorists that presented their work at Hangar between 2016 and 2019. With Q-notes,we are creating a platform that brings actors in various areas such as art theory, curating, anthropology and political science together in conversation. We hope that this new series deepens critical analysis in cultural studies of artistic practices and the art world by asking questions that center the geographic, gendered, and sociopolitical stakes that trouble our current moment. This inaugural Q-note publication includes thoughts and reflections by Irit Rogoff, Grada Kilomba, Bonaventure Soh Bejeng Ndikung, Paul Goodwin, Filip de Boeck, Sammy Baloji and Luis Camnitzer.<\/p>\n<p><strong>ORIGINAL TITLE<\/strong>\u00a0Q-notes. Questions in Theory and Art Practices #1<br \/>\n<strong>LANGUAGE<\/strong> English<br \/>\n<strong>PUBLISHER<\/strong> Hangar Books<br \/>\n<strong>YEAR OF EDITION<\/strong> 2020<br \/>\n<strong>PAGES<\/strong> 103<br \/>\n<strong>FORMAT<\/strong> 22 x 16,5 cm<br \/>\n<strong>EAN<\/strong>\u00a0978-989-33-1066-3<\/p>\n","protected":false},"featured_media":18126,"template":"","meta":[],"product_cat":[193],"product_tag":[],"class_list":{"0":"post-18125","1":"product","2":"type-product","3":"status-publish","4":"has-post-thumbnail","6":"product_cat-livros","8":"first","9":"onbackorder","10":"taxable","11":"shipping-taxable","12":"purchasable","13":"product-type-simple"},"_links":{"self":[{"href":"http:\/\/hangar.com.pt\/en\/wp-json\/wp\/v2\/product\/18125","targetHints":{"allow":["GET"]}}],"collection":[{"href":"http:\/\/hangar.com.pt\/en\/wp-json\/wp\/v2\/product"}],"about":[{"href":"http:\/\/hangar.com.pt\/en\/wp-json\/wp\/v2\/types\/product"}],"wp:featuredmedia":[{"embeddable":true,"href":"http:\/\/hangar.com.pt\/en\/wp-json\/wp\/v2\/media\/18126"}],"wp:attachment":[{"href":"http:\/\/hangar.com.pt\/en\/wp-json\/wp\/v2\/media?parent=18125"}],"wp:term":[{"taxonomy":"product_cat","embeddable":true,"href":"http:\/\/hangar.com.pt\/en\/wp-json\/wp\/v2\/product_cat?post=18125"},{"taxonomy":"product_tag","embeddable":true,"href":"http:\/\/hangar.com.pt\/en\/wp-json\/wp\/v2\/product_tag?post=18125"}],"curies":[{"name":"wp","href":"https:\/\/api.w.org\/{rel}","templated":true}]}}