{"id":18009,"date":"2021-04-08T16:37:08","date_gmt":"2021-04-08T15:37:08","guid":{"rendered":"https:\/\/hangar.com.pt\/?post_type=product&#038;p=18009"},"modified":"2022-08-14T10:03:24","modified_gmt":"2022-08-14T09:03:24","slug":"no-90-jabulani-maseko","status":"publish","type":"product","link":"http:\/\/hangar.com.pt\/en\/loja\/no-90-jabulani-maseko\/","title":{"rendered":"No. 90 <br>Jabulani Maseko"},"content":{"rendered":"<p>Para mais informa\u00e7\u00f5es sobre esta obra por favor preencha o formul\u00e1rio abaixo.<\/p>\n\n<div class=\"wpcf7 no-js\" id=\"wpcf7-f17185-o1\" lang=\"pt-PT\" dir=\"ltr\" data-wpcf7-id=\"17185\">\n<div class=\"screen-reader-response\"><p role=\"status\" aria-live=\"polite\" aria-atomic=\"true\"><\/p> <ul><\/ul><\/div>\n<form action=\"\/en\/wp-json\/wp\/v2\/product\/18009#wpcf7-f17185-o1\" method=\"post\" class=\"wpcf7-form init\" aria-label=\"Formul\u00e1rio de contacto\" novalidate=\"novalidate\" data-status=\"init\">\n<div style=\"display: none;\">\n<input type=\"hidden\" name=\"_wpcf7\" value=\"17185\" \/>\n<input type=\"hidden\" name=\"_wpcf7_version\" value=\"6.0.1\" \/>\n<input type=\"hidden\" name=\"_wpcf7_locale\" value=\"pt_PT\" \/>\n<input type=\"hidden\" name=\"_wpcf7_unit_tag\" value=\"wpcf7-f17185-o1\" \/>\n<input type=\"hidden\" name=\"_wpcf7_container_post\" value=\"0\" \/>\n<input type=\"hidden\" name=\"_wpcf7_posted_data_hash\" value=\"\" \/>\n<\/div>\n<p><label> O seu nome (obrigat\u00f3rio)<br \/>\n<span class=\"wpcf7-form-control-wrap\" data-name=\"your-name\"><input size=\"40\" maxlength=\"400\" class=\"wpcf7-form-control wpcf7-text wpcf7-validates-as-required\" aria-required=\"true\" aria-invalid=\"false\" value=\"\" type=\"text\" name=\"your-name\" \/><\/span> <\/label>\n<\/p>\n<p><label> O seu email (obrigat\u00f3rio)<br \/>\n<span class=\"wpcf7-form-control-wrap\" data-name=\"your-email\"><input size=\"40\" maxlength=\"400\" class=\"wpcf7-form-control wpcf7-email wpcf7-validates-as-required wpcf7-text wpcf7-validates-as-email\" aria-required=\"true\" aria-invalid=\"false\" value=\"\" type=\"email\" name=\"your-email\" \/><\/span> <\/label>\n<\/p>\n<p><label> Obra<br \/>\n<span class=\"wpcf7-form-control-wrap\" data-name=\"your-subject\"><input size=\"40\" maxlength=\"400\" class=\"wpcf7-form-control wpcf7-text\" aria-invalid=\"false\" value=\"\" type=\"text\" name=\"your-subject\" \/><\/span> <\/label>\n<\/p>\n<p><label> A sua mensagem<br \/>\n<span class=\"wpcf7-form-control-wrap\" data-name=\"your-message\"><textarea cols=\"40\" rows=\"10\" maxlength=\"2000\" class=\"wpcf7-form-control wpcf7-textarea\" aria-invalid=\"false\" name=\"your-message\"><\/textarea><\/span> <\/label>\n<\/p>\n<p><input class=\"wpcf7-form-control wpcf7-submit has-spinner\" type=\"submit\" value=\"Enviar\" \/>\n<\/p><div class=\"wpcf7-response-output\" aria-hidden=\"true\"><\/div>\n<\/form>\n<\/div>\n\n","protected":false},"excerpt":{"rendered":"<p>Jabulani Maseko<br \/>\nNo. 90 (from the series &#8216;Serie Day and Night&#8217;)<br \/>\nDimensions: 29.5 x 20.5cm<br \/>\nEditions: Unique piece<br \/>\nYear: 2021<\/p>\n<p><strong>Price:<\/strong><br \/>\ncontact us \/ does not include shipping<\/p>\n<p><strong>Bio:<\/strong><br \/>\nThe body as a weapon, the body as a tool, the body as a receptor and translator.<\/p>\n<p>My practice is concerned with the body as the site of contradictory emotions and states. Reflecting upon both personal and collective memory I am interested in examining how the body is a conduit for relating narratives both past and present. Narratives and realities lived and imagined become owned, internalized and or rejected as a self-preservation mechanism.<\/p>\n<p>Where do I begin and where do you end? Thinking through the norms and conditions which we have to embody in order to belong to the collective. Thinking through the roles we have to adopt in order not to disrupt the order of things and therefore render ourselves an enemy to the collective body.<\/p>\n<p>Working with sculpture, drawing, painting, installation and performance I gravitate to materials which are inscribed with meaning from my childhood in apartheid South Africa, and more broadly reference the black experience as lived by the black diaspora throughout history. A history based on the black body in conflict with society and ultimately in conflict with itself.<\/p>\n","protected":false},"featured_media":17989,"template":"","meta":[],"product_cat":[194],"product_tag":[203],"class_list":{"0":"post-18009","1":"product","2":"type-product","3":"status-publish","4":"has-post-thumbnail","6":"product_cat-obras","7":"product_tag-jabulani-maseko","9":"first","10":"onbackorder","11":"taxable","12":"shipping-taxable","13":"product-type-simple"},"_links":{"self":[{"href":"http:\/\/hangar.com.pt\/en\/wp-json\/wp\/v2\/product\/18009","targetHints":{"allow":["GET"]}}],"collection":[{"href":"http:\/\/hangar.com.pt\/en\/wp-json\/wp\/v2\/product"}],"about":[{"href":"http:\/\/hangar.com.pt\/en\/wp-json\/wp\/v2\/types\/product"}],"wp:featuredmedia":[{"embeddable":true,"href":"http:\/\/hangar.com.pt\/en\/wp-json\/wp\/v2\/media\/17989"}],"wp:attachment":[{"href":"http:\/\/hangar.com.pt\/en\/wp-json\/wp\/v2\/media?parent=18009"}],"wp:term":[{"taxonomy":"product_cat","embeddable":true,"href":"http:\/\/hangar.com.pt\/en\/wp-json\/wp\/v2\/product_cat?post=18009"},{"taxonomy":"product_tag","embeddable":true,"href":"http:\/\/hangar.com.pt\/en\/wp-json\/wp\/v2\/product_tag?post=18009"}],"curies":[{"name":"wp","href":"https:\/\/api.w.org\/{rel}","templated":true}]}}