{"id":17388,"date":"2020-12-26T19:01:04","date_gmt":"2020-12-26T19:01:04","guid":{"rendered":"https:\/\/hangar.com.pt\/?post_type=product&#038;p=17388"},"modified":"2022-08-14T10:03:44","modified_gmt":"2022-08-14T09:03:44","slug":"dream-worldsalome-lamas","status":"publish","type":"product","link":"http:\/\/hangar.com.pt\/en\/loja\/dream-worldsalome-lamas\/","title":{"rendered":"Dream World<br>Salom\u00e9 Lamas"},"content":{"rendered":"<p>For more information about this work please fill the form below<\/p>\n\n<div class=\"wpcf7 no-js\" id=\"wpcf7-f17185-o1\" lang=\"pt-PT\" dir=\"ltr\" data-wpcf7-id=\"17185\">\n<div class=\"screen-reader-response\"><p role=\"status\" aria-live=\"polite\" aria-atomic=\"true\"><\/p> <ul><\/ul><\/div>\n<form action=\"\/en\/wp-json\/wp\/v2\/product\/17388#wpcf7-f17185-o1\" method=\"post\" class=\"wpcf7-form init\" aria-label=\"Formul\u00e1rio de contacto\" novalidate=\"novalidate\" data-status=\"init\">\n<div style=\"display: none;\">\n<input type=\"hidden\" name=\"_wpcf7\" value=\"17185\" \/>\n<input type=\"hidden\" name=\"_wpcf7_version\" value=\"6.0.1\" \/>\n<input type=\"hidden\" name=\"_wpcf7_locale\" value=\"pt_PT\" \/>\n<input type=\"hidden\" name=\"_wpcf7_unit_tag\" value=\"wpcf7-f17185-o1\" \/>\n<input type=\"hidden\" name=\"_wpcf7_container_post\" value=\"0\" \/>\n<input type=\"hidden\" name=\"_wpcf7_posted_data_hash\" value=\"\" \/>\n<\/div>\n<p><label> O seu nome (obrigat\u00f3rio)<br \/>\n<span class=\"wpcf7-form-control-wrap\" data-name=\"your-name\"><input size=\"40\" maxlength=\"400\" class=\"wpcf7-form-control wpcf7-text wpcf7-validates-as-required\" aria-required=\"true\" aria-invalid=\"false\" value=\"\" type=\"text\" name=\"your-name\" \/><\/span> <\/label>\n<\/p>\n<p><label> O seu email (obrigat\u00f3rio)<br \/>\n<span class=\"wpcf7-form-control-wrap\" data-name=\"your-email\"><input size=\"40\" maxlength=\"400\" class=\"wpcf7-form-control wpcf7-email wpcf7-validates-as-required wpcf7-text wpcf7-validates-as-email\" aria-required=\"true\" aria-invalid=\"false\" value=\"\" type=\"email\" name=\"your-email\" \/><\/span> <\/label>\n<\/p>\n<p><label> Obra<br \/>\n<span class=\"wpcf7-form-control-wrap\" data-name=\"your-subject\"><input size=\"40\" maxlength=\"400\" class=\"wpcf7-form-control wpcf7-text\" aria-invalid=\"false\" value=\"\" type=\"text\" name=\"your-subject\" \/><\/span> <\/label>\n<\/p>\n<p><label> A sua mensagem<br \/>\n<span class=\"wpcf7-form-control-wrap\" data-name=\"your-message\"><textarea cols=\"40\" rows=\"10\" maxlength=\"2000\" class=\"wpcf7-form-control wpcf7-textarea\" aria-invalid=\"false\" name=\"your-message\"><\/textarea><\/span> <\/label>\n<\/p>\n<p><input class=\"wpcf7-form-control wpcf7-submit has-spinner\" type=\"submit\" value=\"Enviar\" \/>\n<\/p><div class=\"wpcf7-response-output\" aria-hidden=\"true\"><\/div>\n<\/form>\n<\/div>\n\n","protected":false},"excerpt":{"rendered":"<p>Salom\u00e9 Lamas<br \/>\nTitle: Dream World<br \/>\nDimensions: 56 x 76cm<br \/>\n3 photographs, inkjet print in fine art archival baryta paper 315g<br \/>\nYear: 2018<\/p>\n<p><strong>Price:<\/strong><br \/>\ncontact us \/ does not include shipping<\/p>\n<p><strong>Artist Bio<\/strong><br \/>\n<strong>Salom\u00e9 Lamas<\/strong> (Lisbon) studied cinema in Lisbon and Prague, visual arts in Amsterdam and is a Ph. D candidate in contemporary art studies in Coimbra.<br \/>\nHer work has been screened both in art venues and film festivals such as Berlinale, BAFICI, Museo Arte Reina Sofia, FIAC, MNAC \u2013 Museu do Chiado, DocLisboa, Cinema du R\u00e9el, Visions du R\u00e9el, MoMA \u2013 Museum of Modern Art, Museo Guggenheim Bilbao, Harvard Film Archive, Museum of Moving Images NY, Jewish Museum NY, Fid Marseille, Arsenal Institut fur film und videokunst, Viennale, Culturgest, CCB &#8211; Centro Cultural de Bel\u00e9m, Hong Kong FF, Museu Serralves, Tate Modern, CPH: DOX, Centre d\u2019Art Contemporain de Gen\u00e8ve, Bozar , Tabakalera, ICA London, TBA 21 Foundation, Mostra de S\u00e3o Paulo, CAC Vilnius, MALBA, FAEMA, SESC S\u00e3o Paulo, MAAT, La Biennale di Venezia Architettura, among others.<br \/>\nLamas was granted several fellowships such as the Gardner Film Study Center Fellowship \u2013 Harvard University, Film Study Center-Harvard Fellowship, The Rockefeller Foundation \u2013 Bellagio Center, Brown Foundation \u2013 Dora Maar House, Fundaci\u00f3n Bot\u00edn, Funda\u00e7\u00e3o Calouste Gulbenkian, Sundance, Bogliasco Foundation, The MacDowell Colony, Yaddo, Camargo Foundation, Berliner K\u00fcnstlerprogramm des DAAD.<br \/>\nShe collaborates with Universidade Cat\u00f3lica Portuguesa and Elias Querejeta Zine Eskola. She collaborates with the production company O Som e a F\u00faria and is represented by Galeria Miguel Nabinho and Kubikgallery.<\/p>\n","protected":false},"featured_media":17396,"template":"","meta":[],"product_cat":[194],"product_tag":[207],"class_list":{"0":"post-17388","1":"product","2":"type-product","3":"status-publish","4":"has-post-thumbnail","6":"product_cat-obras","7":"product_tag-salome-lamas","9":"first","10":"onbackorder","11":"taxable","12":"shipping-taxable","13":"product-type-simple"},"_links":{"self":[{"href":"http:\/\/hangar.com.pt\/en\/wp-json\/wp\/v2\/product\/17388","targetHints":{"allow":["GET"]}}],"collection":[{"href":"http:\/\/hangar.com.pt\/en\/wp-json\/wp\/v2\/product"}],"about":[{"href":"http:\/\/hangar.com.pt\/en\/wp-json\/wp\/v2\/types\/product"}],"wp:featuredmedia":[{"embeddable":true,"href":"http:\/\/hangar.com.pt\/en\/wp-json\/wp\/v2\/media\/17396"}],"wp:attachment":[{"href":"http:\/\/hangar.com.pt\/en\/wp-json\/wp\/v2\/media?parent=17388"}],"wp:term":[{"taxonomy":"product_cat","embeddable":true,"href":"http:\/\/hangar.com.pt\/en\/wp-json\/wp\/v2\/product_cat?post=17388"},{"taxonomy":"product_tag","embeddable":true,"href":"http:\/\/hangar.com.pt\/en\/wp-json\/wp\/v2\/product_tag?post=17388"}],"curies":[{"name":"wp","href":"https:\/\/api.w.org\/{rel}","templated":true}]}}