{"id":17336,"date":"2020-12-22T21:59:22","date_gmt":"2020-12-22T21:59:22","guid":{"rendered":"https:\/\/hangar.com.pt\/loja\/horizontesfilipe-branquinho\/"},"modified":"2022-08-14T10:03:44","modified_gmt":"2022-08-14T09:03:44","slug":"horizontesfilipe-branquinho","status":"publish","type":"product","link":"http:\/\/hangar.com.pt\/en\/loja\/horizontesfilipe-branquinho\/","title":{"rendered":"Horizontes<br>Filipe Branquinho"},"content":{"rendered":"<p>Para mais informa\u00e7\u00f5es sobre esta obra por favor preencha o formul\u00e1rio abaixo.<\/p>\n\n<div class=\"wpcf7 no-js\" id=\"wpcf7-f17185-o1\" lang=\"pt-PT\" dir=\"ltr\" data-wpcf7-id=\"17185\">\n<div class=\"screen-reader-response\"><p role=\"status\" aria-live=\"polite\" aria-atomic=\"true\"><\/p> <ul><\/ul><\/div>\n<form action=\"\/en\/wp-json\/wp\/v2\/product\/17336#wpcf7-f17185-o1\" method=\"post\" class=\"wpcf7-form init\" aria-label=\"Formul\u00e1rio de contacto\" novalidate=\"novalidate\" data-status=\"init\">\n<div style=\"display: none;\">\n<input type=\"hidden\" name=\"_wpcf7\" value=\"17185\" \/>\n<input type=\"hidden\" name=\"_wpcf7_version\" value=\"6.0.1\" \/>\n<input type=\"hidden\" name=\"_wpcf7_locale\" value=\"pt_PT\" \/>\n<input type=\"hidden\" name=\"_wpcf7_unit_tag\" value=\"wpcf7-f17185-o1\" \/>\n<input type=\"hidden\" name=\"_wpcf7_container_post\" value=\"0\" \/>\n<input type=\"hidden\" name=\"_wpcf7_posted_data_hash\" value=\"\" \/>\n<\/div>\n<p><label> O seu nome (obrigat\u00f3rio)<br \/>\n<span class=\"wpcf7-form-control-wrap\" data-name=\"your-name\"><input size=\"40\" maxlength=\"400\" class=\"wpcf7-form-control wpcf7-text wpcf7-validates-as-required\" aria-required=\"true\" aria-invalid=\"false\" value=\"\" type=\"text\" name=\"your-name\" \/><\/span> <\/label>\n<\/p>\n<p><label> O seu email (obrigat\u00f3rio)<br \/>\n<span class=\"wpcf7-form-control-wrap\" data-name=\"your-email\"><input size=\"40\" maxlength=\"400\" class=\"wpcf7-form-control wpcf7-email wpcf7-validates-as-required wpcf7-text wpcf7-validates-as-email\" aria-required=\"true\" aria-invalid=\"false\" value=\"\" type=\"email\" name=\"your-email\" \/><\/span> <\/label>\n<\/p>\n<p><label> Obra<br \/>\n<span class=\"wpcf7-form-control-wrap\" data-name=\"your-subject\"><input size=\"40\" maxlength=\"400\" class=\"wpcf7-form-control wpcf7-text\" aria-invalid=\"false\" value=\"\" type=\"text\" name=\"your-subject\" \/><\/span> <\/label>\n<\/p>\n<p><label> A sua mensagem<br \/>\n<span class=\"wpcf7-form-control-wrap\" data-name=\"your-message\"><textarea cols=\"40\" rows=\"10\" maxlength=\"2000\" class=\"wpcf7-form-control wpcf7-textarea\" aria-invalid=\"false\" name=\"your-message\"><\/textarea><\/span> <\/label>\n<\/p>\n<p><input class=\"wpcf7-form-control wpcf7-submit has-spinner\" type=\"submit\" value=\"Enviar\" \/>\n<\/p><div class=\"wpcf7-response-output\" aria-hidden=\"true\"><\/div>\n<\/form>\n<\/div>\n\n","protected":false},"excerpt":{"rendered":"<p>Filipe Branquinho<br \/>\nTitle: Horizons (from the series Guru\u00e9)<br \/>\nInkjet print on cotton rag<br \/>\nYear :2014 <\/p>\n<p><strong>Pre\u00e7o:<\/strong><br \/>\nsob consulta \/ n\u00e3o inclui envio<\/p>\n<p><strong>Biografia<\/strong><br \/>\n<strong>Filipe Branquinho<\/strong> (1977) was born in Maputo, Mozambique, where he currently lives and works. He studied architecture first in Mozambique and then in Brazil, where he began a self-taught process exploring photography and art. Branquinho\u2019s work addresses social issues in the reality of Mozambique, in particular the peoples\u2019 ways of life, the mythologies and the urban dynamics. In his practice, he explores topics such as the difference of class, culture, politics, collective memory and labour conditions. In 2013, he was selected as a finalist for the BES Photo award with his Showtime series, and with the series Interior Landscapes (2011-2014), he won the Popcap\u201915 \u2013 International Prize for Contemporary African Photography.<\/p>\n<p>Branquinho\u2019s work is regularly showcased in galleries, museums, art fairs and festivals. Some of his solo exhibitions include: Guru\u00e9 at Kulungwana Gallery (Mozambique: 2017); Bot\u00e2nica at FFLC (Mozambique: 2016\u20132017); Interior Landscapes at Galeria Av, das \u00cdndias (Portugal: 2017); Showtime at the Jack Bell Gallery (United Kingdom: 2013) and Ocupa\u00e7\u00f5es at Galeria Bozart (Portugal: 2013). Some highlights of group exhibitions he has partaken in are African Passions at Pal\u00e1cio de Cadaval and(Portugal: 2018); Trek. at SMAC Gallery (South Africa: 2015); PiB \u2013 Photography in Berlin (Germany: 2015); Image Afrique. (Switzerland: 2015); ICI L\u2019AFRIQUE \u2013 L\u2019Afrique contemporaine par le regard de ses artistes at Mus\u00e9e des Suisses dans le Monde (Switzerland: 2014); Regarde-moi. at Photoquai in Mus\u00e9e du Quai Branly (France: 2013); Present Tense at Calouste Gulbenkian Foundation (France: 2013); and, finally, BES Photo at Instituto Tomie Ohtake and at the Berardo Collection Museum (Brazil and Portugal: 2013). His work has also been shown at the Venice Biennale in the Mozambique Pavilion (Italy: 2019) and at the following art fairs: Paris Photo, Magnin-A (France: 2012, 2013, 2014 and 2018) and Joburg Art Fair, Kulungwana Gallery, Art d\u2019Gema (South Africa: 2013 and 2018).<\/p>\n","protected":false},"featured_media":17333,"template":"","meta":[],"product_cat":[194],"product_tag":[209],"class_list":{"0":"post-17336","1":"product","2":"type-product","3":"status-publish","4":"has-post-thumbnail","6":"product_cat-obras","7":"product_tag-filipe-branquinho","9":"first","10":"onbackorder","11":"taxable","12":"shipping-taxable","13":"product-type-simple"},"_links":{"self":[{"href":"http:\/\/hangar.com.pt\/en\/wp-json\/wp\/v2\/product\/17336","targetHints":{"allow":["GET"]}}],"collection":[{"href":"http:\/\/hangar.com.pt\/en\/wp-json\/wp\/v2\/product"}],"about":[{"href":"http:\/\/hangar.com.pt\/en\/wp-json\/wp\/v2\/types\/product"}],"wp:featuredmedia":[{"embeddable":true,"href":"http:\/\/hangar.com.pt\/en\/wp-json\/wp\/v2\/media\/17333"}],"wp:attachment":[{"href":"http:\/\/hangar.com.pt\/en\/wp-json\/wp\/v2\/media?parent=17336"}],"wp:term":[{"taxonomy":"product_cat","embeddable":true,"href":"http:\/\/hangar.com.pt\/en\/wp-json\/wp\/v2\/product_cat?post=17336"},{"taxonomy":"product_tag","embeddable":true,"href":"http:\/\/hangar.com.pt\/en\/wp-json\/wp\/v2\/product_tag?post=17336"}],"curies":[{"name":"wp","href":"https:\/\/api.w.org\/{rel}","templated":true}]}}