{"id":17257,"date":"2020-12-18T20:08:39","date_gmt":"2020-12-18T20:08:39","guid":{"rendered":"https:\/\/hangar.com.pt\/loja\/carbonos-5-susana-anagua\/"},"modified":"2022-08-14T10:03:45","modified_gmt":"2022-08-14T09:03:45","slug":"carbonos-5-susana-anagua","status":"publish","type":"product","link":"http:\/\/hangar.com.pt\/en\/loja\/carbonos-5-susana-anagua\/","title":{"rendered":"Carbonos #5<br>Susana Anagua"},"content":{"rendered":"<p>For more information about this work please fill the form below<\/p>\n\n<div class=\"wpcf7 no-js\" id=\"wpcf7-f17185-o1\" lang=\"pt-PT\" dir=\"ltr\" data-wpcf7-id=\"17185\">\n<div class=\"screen-reader-response\"><p role=\"status\" aria-live=\"polite\" aria-atomic=\"true\"><\/p> <ul><\/ul><\/div>\n<form action=\"\/en\/wp-json\/wp\/v2\/product\/17257#wpcf7-f17185-o1\" method=\"post\" class=\"wpcf7-form init\" aria-label=\"Formul\u00e1rio de contacto\" novalidate=\"novalidate\" data-status=\"init\">\n<div style=\"display: none;\">\n<input type=\"hidden\" name=\"_wpcf7\" value=\"17185\" \/>\n<input type=\"hidden\" name=\"_wpcf7_version\" value=\"6.0.1\" \/>\n<input type=\"hidden\" name=\"_wpcf7_locale\" value=\"pt_PT\" \/>\n<input type=\"hidden\" name=\"_wpcf7_unit_tag\" value=\"wpcf7-f17185-o1\" \/>\n<input type=\"hidden\" name=\"_wpcf7_container_post\" value=\"0\" \/>\n<input type=\"hidden\" name=\"_wpcf7_posted_data_hash\" value=\"\" \/>\n<\/div>\n<p><label> O seu nome (obrigat\u00f3rio)<br \/>\n<span class=\"wpcf7-form-control-wrap\" data-name=\"your-name\"><input size=\"40\" maxlength=\"400\" class=\"wpcf7-form-control wpcf7-text wpcf7-validates-as-required\" aria-required=\"true\" aria-invalid=\"false\" value=\"\" type=\"text\" name=\"your-name\" \/><\/span> <\/label>\n<\/p>\n<p><label> O seu email (obrigat\u00f3rio)<br \/>\n<span class=\"wpcf7-form-control-wrap\" data-name=\"your-email\"><input size=\"40\" maxlength=\"400\" class=\"wpcf7-form-control wpcf7-email wpcf7-validates-as-required wpcf7-text wpcf7-validates-as-email\" aria-required=\"true\" aria-invalid=\"false\" value=\"\" type=\"email\" name=\"your-email\" \/><\/span> <\/label>\n<\/p>\n<p><label> Obra<br \/>\n<span class=\"wpcf7-form-control-wrap\" data-name=\"your-subject\"><input size=\"40\" maxlength=\"400\" class=\"wpcf7-form-control wpcf7-text\" aria-invalid=\"false\" value=\"\" type=\"text\" name=\"your-subject\" \/><\/span> <\/label>\n<\/p>\n<p><label> A sua mensagem<br \/>\n<span class=\"wpcf7-form-control-wrap\" data-name=\"your-message\"><textarea cols=\"40\" rows=\"10\" maxlength=\"2000\" class=\"wpcf7-form-control wpcf7-textarea\" aria-invalid=\"false\" name=\"your-message\"><\/textarea><\/span> <\/label>\n<\/p>\n<p><input class=\"wpcf7-form-control wpcf7-submit has-spinner\" type=\"submit\" value=\"Enviar\" \/>\n<\/p><div class=\"wpcf7-response-output\" aria-hidden=\"true\"><\/div>\n<\/form>\n<\/div>\n\n","protected":false},"excerpt":{"rendered":"<p>Susana Anagua<br \/>\nTitle: Carbonos #5 from\u00a0Science is fiction<br \/>\nDimensions: 85x70cm<br \/>\nDrawing on chemical paper on cotton paper<br \/>\nYear: 2016<\/p>\n<p><strong>Price:<\/strong><br \/>\ncontact us \/ does not include shipping<\/p>\n<p><strong>Artist Bio<\/strong><br \/>\nSusana Anagua (1976) lives and works in Lisbon and Rio de Janeiro. Holding a PhD in Contemporary Artistic Processes from UERJ-Rio de Janeiro, she finished her MA in Digital Arts in London Arts University (Camberwell College of Arts). She also holds a Bachelor degree in Fine Arts from Escola Superior de Artes e Design (ESAD) in Caldas da Rainha, where she also teaches since 2009. <\/p>\n<p>Her solo exhibitions which stand out are &#8220;Olhar Radar&#8221; (2012, Rio de Janeiro) or &#8220;Desnorte\/ Northless&#8221; in the project room of the Center of Modern Art of the Calouste Gulbenkian Foundation (2008, Lisbon). Also, she did installations and public interventions like &#8220;Carris Arte em Movimento&#8221; an installation project in the Gl\u00f3ria Elevator in Lisbon 2019, and the project held as part of the commemoration of the election of the &#8220;7 Wonders of Portugal&#8221;, Batalha Monastery, in 2008<\/p>\n<p>From the artistic residencies and biennials the most important are &#8220;Invisible Trips&#8221; (2013) with the support of DGARTES for the Biennial of S\u00e3o Tom\u00e9 and Pr\u00edncipe, the artistic coordination of the international residency &#8220;OFFLINE&#8221;, at LARGO residences in Lisbon and participation in &#8220;Transient&#8221; &#8211; &#8220;Between albums and archives&#8221; &#8211; &#8220;Xerem and Triangle Networks&#8221; &#8211; in 2012 &#8211; &#8220;Largo Residences&#8221; &#8211; Lisbon.<br \/>\nCollective exhibitions include &#8220;LinkFest&#8221;, Ireland, &#8220;Arround A Volta&#8221;, Marseille, in 2005, &#8220;Seven artists to the tenth month&#8221;, Calouste Gulbenkian Foundation, Lisbon; &#8220;E=mc2&#8221;, National Museum of Science and Technology, Coimbra; &#8220;AntecipArte 2005&#8221;, Greenhouse Cold, Lisbon; in 2004 &#8220;City Desk Award&#8221;, Centro Cultural de Cascais, Cascais; in 2005 &#8220;Perpetual Movements, Art for Carlos Paredes&#8221;,<br \/>\nShe is an artist represented by Galeria Graphos, in Brazil, Rio de Janeiro.<\/p>\n","protected":false},"featured_media":17254,"template":"","meta":[],"product_cat":[194],"product_tag":[211],"class_list":{"0":"post-17257","1":"product","2":"type-product","3":"status-publish","4":"has-post-thumbnail","6":"product_cat-obras","7":"product_tag-susana-anagua","9":"first","10":"onbackorder","11":"taxable","12":"shipping-taxable","13":"product-type-simple"},"_links":{"self":[{"href":"http:\/\/hangar.com.pt\/en\/wp-json\/wp\/v2\/product\/17257","targetHints":{"allow":["GET"]}}],"collection":[{"href":"http:\/\/hangar.com.pt\/en\/wp-json\/wp\/v2\/product"}],"about":[{"href":"http:\/\/hangar.com.pt\/en\/wp-json\/wp\/v2\/types\/product"}],"wp:featuredmedia":[{"embeddable":true,"href":"http:\/\/hangar.com.pt\/en\/wp-json\/wp\/v2\/media\/17254"}],"wp:attachment":[{"href":"http:\/\/hangar.com.pt\/en\/wp-json\/wp\/v2\/media?parent=17257"}],"wp:term":[{"taxonomy":"product_cat","embeddable":true,"href":"http:\/\/hangar.com.pt\/en\/wp-json\/wp\/v2\/product_cat?post=17257"},{"taxonomy":"product_tag","embeddable":true,"href":"http:\/\/hangar.com.pt\/en\/wp-json\/wp\/v2\/product_tag?post=17257"}],"curies":[{"name":"wp","href":"https:\/\/api.w.org\/{rel}","templated":true}]}}