{"id":17204,"date":"2020-12-14T22:32:09","date_gmt":"2020-12-14T22:32:09","guid":{"rendered":"https:\/\/hangar.com.pt\/loja\/untitled-3\/"},"modified":"2022-08-14T10:03:45","modified_gmt":"2022-08-14T09:03:45","slug":"untitled-3","status":"publish","type":"product","link":"http:\/\/hangar.com.pt\/en\/loja\/untitled-3\/","title":{"rendered":"Untitled #3<br>D\u00e9lio Jasse"},"content":{"rendered":"<p>For more information about this work please fill the form below<\/p>\n\n<div class=\"wpcf7 no-js\" id=\"wpcf7-f17185-o1\" lang=\"pt-PT\" dir=\"ltr\" data-wpcf7-id=\"17185\">\n<div class=\"screen-reader-response\"><p role=\"status\" aria-live=\"polite\" aria-atomic=\"true\"><\/p> <ul><\/ul><\/div>\n<form action=\"\/en\/wp-json\/wp\/v2\/product\/17204#wpcf7-f17185-o1\" method=\"post\" class=\"wpcf7-form init\" aria-label=\"Formul\u00e1rio de contacto\" novalidate=\"novalidate\" data-status=\"init\">\n<div style=\"display: none;\">\n<input type=\"hidden\" name=\"_wpcf7\" value=\"17185\" \/>\n<input type=\"hidden\" name=\"_wpcf7_version\" value=\"6.0.1\" \/>\n<input type=\"hidden\" name=\"_wpcf7_locale\" value=\"pt_PT\" \/>\n<input type=\"hidden\" name=\"_wpcf7_unit_tag\" value=\"wpcf7-f17185-o1\" \/>\n<input type=\"hidden\" name=\"_wpcf7_container_post\" value=\"0\" \/>\n<input type=\"hidden\" name=\"_wpcf7_posted_data_hash\" value=\"\" \/>\n<\/div>\n<p><label> O seu nome (obrigat\u00f3rio)<br \/>\n<span class=\"wpcf7-form-control-wrap\" data-name=\"your-name\"><input size=\"40\" maxlength=\"400\" class=\"wpcf7-form-control wpcf7-text wpcf7-validates-as-required\" aria-required=\"true\" aria-invalid=\"false\" value=\"\" type=\"text\" name=\"your-name\" \/><\/span> <\/label>\n<\/p>\n<p><label> O seu email (obrigat\u00f3rio)<br \/>\n<span class=\"wpcf7-form-control-wrap\" data-name=\"your-email\"><input size=\"40\" maxlength=\"400\" class=\"wpcf7-form-control wpcf7-email wpcf7-validates-as-required wpcf7-text wpcf7-validates-as-email\" aria-required=\"true\" aria-invalid=\"false\" value=\"\" type=\"email\" name=\"your-email\" \/><\/span> <\/label>\n<\/p>\n<p><label> Obra<br \/>\n<span class=\"wpcf7-form-control-wrap\" data-name=\"your-subject\"><input size=\"40\" maxlength=\"400\" class=\"wpcf7-form-control wpcf7-text\" aria-invalid=\"false\" value=\"\" type=\"text\" name=\"your-subject\" \/><\/span> <\/label>\n<\/p>\n<p><label> A sua mensagem<br \/>\n<span class=\"wpcf7-form-control-wrap\" data-name=\"your-message\"><textarea cols=\"40\" rows=\"10\" maxlength=\"2000\" class=\"wpcf7-form-control wpcf7-textarea\" aria-invalid=\"false\" name=\"your-message\"><\/textarea><\/span> <\/label>\n<\/p>\n<p><input class=\"wpcf7-form-control wpcf7-submit has-spinner\" type=\"submit\" value=\"Enviar\" \/>\n<\/p><div class=\"wpcf7-response-output\" aria-hidden=\"true\"><\/div>\n<\/form>\n<\/div>\n\n","protected":false},"excerpt":{"rendered":"<p>D\u00e9lio Jasse<br \/>\nTitle: S\u00e9rie Untitled #1 #2 #3 #4<br \/>\nPhotographic emulsion on wood<br \/>\nDimension: 70x70cm<br \/>\nEdi\u00e7\u00e3o: 1+1 A.P 1<br \/>\nAno: 2010<\/p>\n<p><strong>Price:<\/strong><br \/>\ncontact us \/ does not include shipping<\/p>\n<p><strong>Artist Bio<\/strong><br \/>\nD\u00e9lio Jasse. Nascido em 1980 em Luanda, Angola. Vive e trabalha em Mil\u00e3o, It\u00e1lia<\/p>\n<p>Em seu trabalho fotogr\u00e1fico, D\u00e9lio Jasse frequentemente entrela\u00e7a imagens encontradas com pistas de outras vidas (fotos de passaportes, \u00e1lbuns de fam\u00edlia) para estabelecer elos entre a fotografia &#8211; em particular o conceito de &#8216;imagem latente&#8217; &#8211; e a mem\u00f3ria. Jasse \u00e9 conhecido por experimentar processos de impress\u00e3o fotogr\u00e1fica anal\u00f3gica, incluindo cianotipia, platina e processos de impress\u00e3o inicial, como &#8216;Van Dyke Brown&#8217;, al\u00e9m de desenvolver suas pr\u00f3prias t\u00e9cnicas de impress\u00e3o. Ele usa processos anal\u00f3gicos para subverter a reprodutibilidade do meio fotogr\u00e1fico, criando variantes e interven\u00e7\u00f5es sutis usando pintura, folheado a ouro e colagem.<\/p>\n<p>As exposi\u00e7\u00f5es recentes de Jasse incluem Arquivo Urbano, Tiwani Contemporary, Londres (2019); O Outro Cap\u00edtulo, PHotoESPA\u00d1A (2019); Uma cidade imagin\u00e1ria, MAXXI, Roma (2018); Schengen, Villa Romana, Floren\u00e7a (2018); La Cit\u00e9 no Jour Bleu, Bienal de Dak&#8217;art (2018); Hist\u00f3rias Recentes, Cole\u00e7\u00e3o Walther, Neu-Ulm e Nova York (2017); Isso, em torno do qual o universo gira, SAVVY Contemporary, Berlim (2017); Afrotopia, Bamako Encounters, Bamako (2017) e On Ways of Travel, pavilh\u00e3o angolano na 56\u00aa Bienal de Veneza (2015).<\/p>\n","protected":false},"featured_media":17128,"template":"","meta":[],"product_cat":[194],"product_tag":[213],"class_list":{"0":"post-17204","1":"product","2":"type-product","3":"status-publish","4":"has-post-thumbnail","6":"product_cat-obras","7":"product_tag-delio-jasse","9":"first","10":"onbackorder","11":"taxable","12":"shipping-taxable","13":"product-type-simple"},"_links":{"self":[{"href":"http:\/\/hangar.com.pt\/en\/wp-json\/wp\/v2\/product\/17204","targetHints":{"allow":["GET"]}}],"collection":[{"href":"http:\/\/hangar.com.pt\/en\/wp-json\/wp\/v2\/product"}],"about":[{"href":"http:\/\/hangar.com.pt\/en\/wp-json\/wp\/v2\/types\/product"}],"wp:featuredmedia":[{"embeddable":true,"href":"http:\/\/hangar.com.pt\/en\/wp-json\/wp\/v2\/media\/17128"}],"wp:attachment":[{"href":"http:\/\/hangar.com.pt\/en\/wp-json\/wp\/v2\/media?parent=17204"}],"wp:term":[{"taxonomy":"product_cat","embeddable":true,"href":"http:\/\/hangar.com.pt\/en\/wp-json\/wp\/v2\/product_cat?post=17204"},{"taxonomy":"product_tag","embeddable":true,"href":"http:\/\/hangar.com.pt\/en\/wp-json\/wp\/v2\/product_tag?post=17204"}],"curies":[{"name":"wp","href":"https:\/\/api.w.org\/{rel}","templated":true}]}}