{"id":12615,"date":"2018-08-02T17:50:57","date_gmt":"2018-08-02T16:50:57","guid":{"rendered":"https:\/\/hangar.com.pt\/loja\/pensao-iberica\/"},"modified":"2022-11-16T13:20:46","modified_gmt":"2022-11-16T13:20:46","slug":"pensao-iberica","status":"publish","type":"product","link":"http:\/\/hangar.com.pt\/en\/loja\/pensao-iberica\/","title":{"rendered":"Pens\u00e3o Ib\u00e9rica"},"content":{"rendered":"","protected":false},"excerpt":{"rendered":"<p>The Pens\u00e3o Ib\u00e9rica artistic residence consisted of a set of interventions by four artists in rooms of Pens\u00e3o Ib\u00e9rica, in the center of Lisbon. This 3 star guesthouse, situated between Martim Moniz and Pra\u00e7a da Figueira, is usually frequented by tourists, prostitutes, people in temporary accommodation, including immigrants and occasional workers.<\/p>\n<p><strong>ORIGINAL TITLE<\/strong>\u00a0Pens\u00e3o Ib\u00e9rica<br \/>\n<strong>PREF\u00c1CIO E REVIS\u00c3O CIENT\u00cdFICA<\/strong>\u00a0Dani Soter e M\u00f3nica de Miranda (Paula Roush\u00bf)<br \/>\n<strong>TRANSLATION<\/strong> Nuno Ferreira | <strong>YEAR OF EDITION<\/strong> 2010 | <strong>PAGES<\/strong> 78<br \/>\n<strong>FORMAT<\/strong> 16,5 x 23,5 cm | <strong>EAN<\/strong>\u00a0N\/a<\/p>\n","protected":false},"featured_media":12616,"template":"","meta":[],"product_cat":[193],"product_tag":[],"class_list":{"0":"post-12615","1":"product","2":"type-product","3":"status-publish","4":"has-post-thumbnail","6":"product_cat-livros","7":"product_shipping_class-outros","9":"first","10":"onbackorder","11":"taxable","12":"shipping-taxable","13":"purchasable","14":"product-type-simple"},"_links":{"self":[{"href":"http:\/\/hangar.com.pt\/en\/wp-json\/wp\/v2\/product\/12615","targetHints":{"allow":["GET"]}}],"collection":[{"href":"http:\/\/hangar.com.pt\/en\/wp-json\/wp\/v2\/product"}],"about":[{"href":"http:\/\/hangar.com.pt\/en\/wp-json\/wp\/v2\/types\/product"}],"wp:featuredmedia":[{"embeddable":true,"href":"http:\/\/hangar.com.pt\/en\/wp-json\/wp\/v2\/media\/12616"}],"wp:attachment":[{"href":"http:\/\/hangar.com.pt\/en\/wp-json\/wp\/v2\/media?parent=12615"}],"wp:term":[{"taxonomy":"product_cat","embeddable":true,"href":"http:\/\/hangar.com.pt\/en\/wp-json\/wp\/v2\/product_cat?post=12615"},{"taxonomy":"product_tag","embeddable":true,"href":"http:\/\/hangar.com.pt\/en\/wp-json\/wp\/v2\/product_tag?post=12615"}],"curies":[{"name":"wp","href":"https:\/\/api.w.org\/{rel}","templated":true}]}}