{"id":12607,"date":"2019-03-01T22:33:33","date_gmt":"2019-03-01T22:33:33","guid":{"rendered":"https:\/\/hangar.com.pt\/loja\/atlantica\/"},"modified":"2022-11-16T13:20:46","modified_gmt":"2022-11-16T13:20:46","slug":"atlantica","status":"publish","type":"product","link":"http:\/\/hangar.com.pt\/en\/loja\/atlantica\/","title":{"rendered":"Atlantica: Contemporary art from Angola and its diaspora"},"content":{"rendered":"","protected":false},"excerpt":{"rendered":"<p>The book Atlantica: Contemporary Art from Angola and its Diaspora marks the start of publisher Hangar\u00a0Books, specialising in publications within the context of contemporary arts, with particular incidence on southern\u00a0epistemology.<\/p>\n<p><strong>Artists<\/strong>: Alice Marcelino, Alida Rodrigues, Ana Silva, Binelde Hyrcan, D\u00e9lio Jasse, Edson Chagas, Francisco Vidal,\u00a0Grada Kilomba, Ihosvanny, Janu\u00e1rio Jano, Keyezua, Kiluanji Kia Henda, M\u00f3nica de Miranda and Yonamine<\/p>\n<p><strong>Essays:<\/strong> Adriano Mixinge, Afonso Dias Ramos, Ana Balona de Oliveira, Ana Cristina Cachola, Ashleigh M. Barice,\u00a0Bruno Leit\u00e3o, Delinda Collier, Denise Ferreira da Silva, Gabi Ngcobo, Maria-Gracia Latedjou, Marissa J. Moorman,\u00a0Marta Jecu, Nancy Dantas, Nadine Siegert, Negarra A. Kudumu, Paul Goodwin, Paula Nascimento, Pontus Kyander\u00a0and Raquel Schefer<\/p>\n<p>Coordinated by HANGAR \u2013 Centro de Investiga\u00e7\u00e3o Art\u00edstica, this book is a co-edition by Hangar \u2013 CEC and has\u00a0the support of FCT, Orfeu Negro and FAS.<\/p>\n<p>Atlantica is a book about contemporary art from Angola and its diaspora, conceived and developed by artists\u00a0in tandem with theorists, curators and scholars to consider the art production of the new millennium in Angola.<\/p>\n<p>There is a great variety of formats and writing genres within the book, and this reflects the diversity of the\u00a0authors\u2019 backgrounds. The book brings together fourteen artists born after Independence, with distinct personal\u00a0histories, perspectives, and artistic visions. Contemporary art practices that have emerged in, or engaged with<br \/>\nthis region, are in themselves tools of resistance and rebellion, and are, as such, central to the decolonisation\u00a0strategies that artists have used to understand, analyse and resist the socio-economic impact of everyday events\u00a0and their own personal realities.<\/p>\n","protected":false},"featured_media":12596,"template":"","meta":[],"product_cat":[193],"product_tag":[],"class_list":{"0":"post-12607","1":"product","2":"type-product","3":"status-publish","4":"has-post-thumbnail","6":"product_cat-livros","7":"product_shipping_class-atlantica","9":"first","10":"onbackorder","11":"taxable","12":"shipping-taxable","13":"purchasable","14":"product-type-simple"},"_links":{"self":[{"href":"http:\/\/hangar.com.pt\/en\/wp-json\/wp\/v2\/product\/12607","targetHints":{"allow":["GET"]}}],"collection":[{"href":"http:\/\/hangar.com.pt\/en\/wp-json\/wp\/v2\/product"}],"about":[{"href":"http:\/\/hangar.com.pt\/en\/wp-json\/wp\/v2\/types\/product"}],"wp:featuredmedia":[{"embeddable":true,"href":"http:\/\/hangar.com.pt\/en\/wp-json\/wp\/v2\/media\/12596"}],"wp:attachment":[{"href":"http:\/\/hangar.com.pt\/en\/wp-json\/wp\/v2\/media?parent=12607"}],"wp:term":[{"taxonomy":"product_cat","embeddable":true,"href":"http:\/\/hangar.com.pt\/en\/wp-json\/wp\/v2\/product_cat?post=12607"},{"taxonomy":"product_tag","embeddable":true,"href":"http:\/\/hangar.com.pt\/en\/wp-json\/wp\/v2\/product_tag?post=12607"}],"curies":[{"name":"wp","href":"https:\/\/api.w.org\/{rel}","templated":true}]}}