{"id":3539,"date":"2014-10-08T16:41:06","date_gmt":"2014-10-08T16:41:06","guid":{"rendered":"http:\/\/ricardoreisdasilva.org\/hangar\/en\/?page_id=3539"},"modified":"2016-01-25T10:27:16","modified_gmt":"2016-01-25T10:27:16","slug":"nos-media","status":"publish","type":"page","link":"http:\/\/hangar.com.pt\/en\/nos-media\/","title":{"rendered":"In the media"},"content":{"rendered":"<div class=\"wpb-content-wrapper\"><p>[vc_row][vc_column][vc_empty_space height=&#8221;5px&#8221;][vc_separator color=&#8221;black&#8221;][\/vc_column][\/vc_row][vc_row][vc_column width=&#8221;1\/3&#8243;][vc_empty_space][vc_custom_heading text=&#8221;Revista Contempor\u00e2nea&#8221; font_container=&#8221;tag:h4|text_align:left&#8221; google_fonts=&#8221;font_family:Raleway%3A100%2C200%2C300%2Cregular%2C500%2C600%2C700%2C800%2C900|font_style:400%20regular%3A400%3Anormal&#8221;][vc_separator color=&#8221;black&#8221;][vc_single_image image=&#8221;3945&#8243; img_size=&#8221;360&#215;220&#8243; alignment=&#8221;center&#8221; onclick=&#8221;custom_link&#8221; img_link_target=&#8221;_blank&#8221; link=&#8221;http:\/\/contemporanea.pt\/JANEIRO2016\/plagiarofuturo\/?utm_source=newsletter&amp;utm_medium=email&amp;utm_campaign=contemporanea_janeiro_2016&#8243;][vc_column_text]<\/p>\n<p style=\"text-align: center;\">(click the image to see the full news)<\/p>\n<p>[\/vc_column_text][\/vc_column][vc_column width=&#8221;1\/3&#8243;][vc_empty_space][vc_custom_heading text=&#8221;Time out&#8221; font_container=&#8221;tag:h4|text_align:left&#8221; google_fonts=&#8221;font_family:Raleway%3A100%2C200%2C300%2Cregular%2C500%2C600%2C700%2C800%2C900|font_style:400%20regular%3A400%3Anormal&#8221;][vc_separator color=&#8221;black&#8221;][vc_single_image image=&#8221;3958&#8243; img_size=&#8221;360&#215;220&#8243; alignment=&#8221;center&#8221; onclick=&#8221;img_link_large&#8221; img_link_target=&#8221;_blank&#8221;][vc_column_text]<\/p>\n<p style=\"text-align: center;\">(click the image to see the full news)<\/p>\n<p>[\/vc_column_text][\/vc_column][vc_column width=&#8221;1\/3&#8243;][vc_empty_space][vc_custom_heading text=&#8221;Vis\u00e3o&#8221; font_container=&#8221;tag:h4|text_align:left&#8221; google_fonts=&#8221;font_family:Raleway%3A100%2C200%2C300%2Cregular%2C500%2C600%2C700%2C800%2C900|font_style:400%20regular%3A400%3Anormal&#8221;][vc_separator color=&#8221;black&#8221;][vc_single_image image=&#8221;4096&#8243; img_size=&#8221;360&#215;220&#8243; alignment=&#8221;center&#8221; onclick=&#8221;img_link_large&#8221; img_link_target=&#8221;_blank&#8221;][vc_column_text]<\/p>\n<p style=\"text-align: center;\">(click the image to see the full news)<\/p>\n<p>[\/vc_column_text][\/vc_column][\/vc_row][vc_row][vc_column width=&#8221;1\/3&#8243;][vc_empty_space][vc_custom_heading text=&#8221;Revista Magn\u00e9tica&#8221; font_container=&#8221;tag:h4|text_align:left&#8221; google_fonts=&#8221;font_family:Raleway%3A100%2C200%2C300%2Cregular%2C500%2C600%2C700%2C800%2C900|font_style:400%20regular%3A400%3Anormal&#8221;][vc_separator color=&#8221;black&#8221;][vc_single_image image=&#8221;3951&#8243; img_size=&#8221;360&#215;220&#8243; alignment=&#8221;center&#8221; onclick=&#8221;custom_link&#8221; img_link_target=&#8221;_blank&#8221; link=&#8221;http:\/\/magneticamagazine.com\/hangar-plagiar-o-futuro\/&#8221;][vc_column_text]<\/p>\n<p style=\"text-align: center;\">(click the image to see the full news)<\/p>\n<p>[\/vc_column_text][\/vc_column][vc_column width=&#8221;1\/3&#8243;][vc_empty_space][\/vc_column][vc_column width=&#8221;1\/3&#8243;][vc_empty_space][\/vc_column][\/vc_row][vc_row][vc_column width=&#8221;1\/3&#8243;][vc_empty_space][vc_custom_heading text=&#8221;Vis\u00e3o&#8221; font_container=&#8221;tag:h4|text_align:left&#8221; google_fonts=&#8221;font_family:Raleway%3A100%2C200%2C300%2Cregular%2C500%2C600%2C700%2C800%2C900|font_style:400%20regular%3A400%3Anormal&#8221;][vc_separator color=&#8221;black&#8221;][vc_single_image image=&#8221;3961&#8243; img_size=&#8221;360&#215;300&#8243; alignment=&#8221;center&#8221; onclick=&#8221;img_link_large&#8221; img_link_target=&#8221;_blank&#8221;][vc_column_text]<\/p>\n<p style=\"text-align: center;\">(click the image to see the full news)<\/p>\n<p>[\/vc_column_text][\/vc_column][vc_column width=&#8221;1\/3&#8243;][vc_empty_space][vc_custom_heading text=&#8221;Revista Contempor\u00e2nea&#8221; font_container=&#8221;tag:h4|text_align:left&#8221; google_fonts=&#8221;font_family:Raleway%3A100%2C200%2C300%2Cregular%2C500%2C600%2C700%2C800%2C900|font_style:400%20regular%3A400%3Anormal&#8221;][vc_separator color=&#8221;black&#8221;][vc_single_image image=&#8221;3954&#8243; img_size=&#8221;360&#215;300&#8243; alignment=&#8221;center&#8221; onclick=&#8221;custom_link&#8221; img_link_target=&#8221;_blank&#8221; link=&#8221;http:\/\/contemporanea.pt\/JANEIRO2016\/plagiarofuturo\/?utm_source=newsletter&amp;utm_medium=email&amp;utm_campaign=contemporanea_janeiro_2016&#8243;][vc_column_text]<\/p>\n<p style=\"text-align: center;\">(click the image to see the full news)<\/p>\n<p>[\/vc_column_text][\/vc_column][vc_column width=&#8221;1\/3&#8243;][vc_empty_space][vc_custom_heading text=&#8221;P\u00fablico&#8221; font_container=&#8221;tag:h4|text_align:left&#8221; google_fonts=&#8221;font_family:Raleway%3A100%2C200%2C300%2Cregular%2C500%2C600%2C700%2C800%2C900|font_style:400%20regular%3A400%3Anormal&#8221;][vc_separator color=&#8221;black&#8221;][vc_single_image image=&#8221;3960&#8243; img_size=&#8221;360&#215;300&#8243; alignment=&#8221;center&#8221; onclick=&#8221;img_link_large&#8221; img_link_target=&#8221;_blank&#8221;][vc_column_text]<\/p>\n<p style=\"text-align: center;\">(click the image to see the full news)<\/p>\n<p>[\/vc_column_text][\/vc_column][\/vc_row][vc_row][vc_column width=&#8221;1\/3&#8243;][vc_empty_space][vc_custom_heading text=&#8221;M\u00fasica Total&#8221; font_container=&#8221;tag:h4|text_align:left&#8221; google_fonts=&#8221;font_family:Raleway%3A100%2C200%2C300%2Cregular%2C500%2C600%2C700%2C800%2C900|font_style:400%20regular%3A400%3Anormal&#8221;][vc_separator color=&#8221;black&#8221;][vc_single_image image=&#8221;4081&#8243; img_size=&#8221;360&#215;300&#8243; alignment=&#8221;center&#8221; onclick=&#8221;custom_link&#8221; img_link_target=&#8221;_blank&#8221; link=&#8221;http:\/\/musicatotal.net\/ghosts-inaugura-no-hangar-a-22-de-outubro\/&#8221;][vc_column_text]<\/p>\n<p style=\"text-align: center;\">(click the image to see the full news)<\/p>\n<p>[\/vc_column_text][\/vc_column][vc_column width=&#8221;1\/3&#8243;][vc_empty_space][vc_custom_heading text=&#8221;Di\u00e1rio Digital&#8221; font_container=&#8221;tag:h4|text_align:left&#8221; google_fonts=&#8221;font_family:Raleway%3A100%2C200%2C300%2Cregular%2C500%2C600%2C700%2C800%2C900|font_style:400%20regular%3A400%3Anormal&#8221;][vc_separator color=&#8221;black&#8221;][vc_single_image image=&#8221;4084&#8243; img_size=&#8221;360&#215;300&#8243; alignment=&#8221;center&#8221; onclick=&#8221;custom_link&#8221; img_link_target=&#8221;_blank&#8221; link=&#8221;http:\/\/diariodigital.sapo.pt\/news.asp?id_news=795116&#8243;][vc_column_text]<\/p>\n<p style=\"text-align: center;\">(click the image to see the full news)<\/p>\n<p>[\/vc_column_text][\/vc_column][vc_column width=&#8221;1\/3&#8243;][vc_empty_space][vc_custom_heading text=&#8221;Jornal Inside&#8221; font_container=&#8221;tag:h4|text_align:left&#8221; google_fonts=&#8221;font_family:Raleway%3A100%2C200%2C300%2Cregular%2C500%2C600%2C700%2C800%2C900|font_style:400%20regular%3A400%3Anormal&#8221;][vc_separator color=&#8221;black&#8221;][vc_single_image image=&#8221;4086&#8243; img_size=&#8221;360&#215;300&#8243; alignment=&#8221;center&#8221; onclick=&#8221;custom_link&#8221; img_link_target=&#8221;_blank&#8221; link=&#8221;http:\/\/www.jornalinside.com\/index.php?page=noticia&amp;nid=8813&#8243;][vc_column_text]<\/p>\n<p style=\"text-align: center;\">(click the image to see the full news)<\/p>\n<p>[\/vc_column_text][\/vc_column][\/vc_row][vc_row][vc_column width=&#8221;1\/3&#8243;][vc_empty_space][vc_custom_heading text=&#8221;Arte Capital&#8221; font_container=&#8221;tag:h4|text_align:left&#8221; google_fonts=&#8221;font_family:Raleway%3A100%2C200%2C300%2Cregular%2C500%2C600%2C700%2C800%2C900|font_style:400%20regular%3A400%3Anormal&#8221;][vc_separator color=&#8221;black&#8221;][vc_single_image image=&#8221;4088&#8243; img_size=&#8221;360&#215;300&#8243; alignment=&#8221;center&#8221; onclick=&#8221;custom_link&#8221; img_link_target=&#8221;_blank&#8221; link=&#8221;http:\/\/www.artecapital.net\/recomendacoes.php?ref=989&#8243;][vc_column_text]<\/p>\n<p style=\"text-align: center;\">(click the image to see the full news)<\/p>\n<p>[\/vc_column_text][\/vc_column][vc_column width=&#8221;1\/3&#8243;][vc_empty_space][vc_custom_heading text=&#8221;Le Cool&#8221; font_container=&#8221;tag:h4|text_align:left&#8221; google_fonts=&#8221;font_family:Raleway%3A100%2C200%2C300%2Cregular%2C500%2C600%2C700%2C800%2C900|font_style:400%20regular%3A400%3Anormal&#8221;][vc_separator color=&#8221;black&#8221;][vc_single_image image=&#8221;4089&#8243; img_size=&#8221;360&#215;300&#8243; alignment=&#8221;center&#8221; onclick=&#8221;custom_link&#8221; img_link_target=&#8221;_blank&#8221; link=&#8221;http:\/\/www.artecapital.net\/recomendacoes.php?ref=989&#8243;][vc_column_text]<\/p>\n<p style=\"text-align: center;\">(click the image to see the full news)<\/p>\n<p>[\/vc_column_text][\/vc_column][vc_column width=&#8221;1\/3&#8243;][vc_empty_space][\/vc_column][\/vc_row][vc_row][vc_column width=&#8221;1\/3&#8243;][vc_empty_space][vc_custom_heading text=&#8221;Dardo&#8221; font_container=&#8221;tag:h4|text_align:left&#8221; google_fonts=&#8221;font_family:Raleway%3A100%2C200%2C300%2Cregular%2C500%2C600%2C700%2C800%2C900|font_style:400%20regular%3A400%3Anormal&#8221;][vc_separator color=&#8221;black&#8221;][vc_single_image image=&#8221;1584&#8243; img_size=&#8221;full&#8221; onclick=&#8221;img_link_large&#8221; img_link_target=&#8221;_blank&#8221;][\/vc_column][vc_column width=&#8221;1\/3&#8243;][vc_empty_space height=&#8221;100px&#8221;][vc_single_image image=&#8221;1583&#8243; img_size=&#8221;full&#8221; onclick=&#8221;img_link_large&#8221; img_link_target=&#8221;_blank&#8221;][\/vc_column][vc_column width=&#8221;1\/3&#8243;][vc_empty_space height=&#8221;100px&#8221;][vc_single_image image=&#8221;1582&#8243; img_size=&#8221;full&#8221; onclick=&#8221;img_link_large&#8221; img_link_target=&#8221;_blank&#8221;][\/vc_column][\/vc_row][vc_row][vc_column width=&#8221;1\/3&#8243;][vc_empty_space][vc_custom_heading text=&#8221;ARTEINFORMADO&#8221; font_container=&#8221;tag:h4|text_align:left&#8221; google_fonts=&#8221;font_family:Raleway%3A100%2C200%2C300%2Cregular%2C500%2C600%2C700%2C800%2C900|font_style:400%20regular%3A400%3Anormal&#8221;][vc_separator color=&#8221;black&#8221;][vc_single_image image=&#8221;3369&#8243; img_size=&#8221;360&#215;220&#8243; alignment=&#8221;center&#8221; onclick=&#8221;custom_link&#8221; img_link_target=&#8221;_blank&#8221; link=&#8221;http:\/\/www.arteinformado.com\/magazine\/n\/todo-listo-para-la-apertura-de-hangar-centro-de-investigaao-artistica-en-lisboa-4629&#8243;][vc_column_text]<\/p>\n<p style=\"text-align: center;\">(click the image to see the full news)<\/p>\n<p>[\/vc_column_text][\/vc_column][vc_column width=&#8221;1\/3&#8243;][vc_empty_space][vc_custom_heading text=&#8221;Siglo 21&#8243; font_container=&#8221;tag:h4|text_align:left&#8221; google_fonts=&#8221;font_family:Raleway%3A100%2C200%2C300%2Cregular%2C500%2C600%2C700%2C800%2C900|font_style:400%20regular%3A400%3Anormal&#8221;][vc_separator color=&#8221;black&#8221;][vc_single_image image=&#8221;3946&#8243; img_size=&#8221;360&#215;220&#8243; alignment=&#8221;center&#8221; onclick=&#8221;custom_link&#8221; img_link_target=&#8221;_blank&#8221; link=&#8221;http:\/\/www.rtve.es\/alacarta\/audios\/siglo-21\/siglo-21-lapsley-19-01-16\/3448923\/&#8221;][vc_column_text]<\/p>\n<p style=\"text-align: justify;\">O Hangar na Radio 3 (RTVE) no programa Siglo 21. Entrevistas sobre a Exposi\u00e7\u00e3o Plagiar o Futuro a Bruno Leit\u00e3o, Andrea Rodriguez Novoa e Marlon de Azambuja. Come\u00e7o no minuto 39. (clique na imagem para mais informa\u00e7\u00e3o)<\/p>\n<p>[\/vc_column_text][\/vc_column][vc_column width=&#8221;1\/3&#8243;][vc_empty_space][vc_custom_heading text=&#8221;Latamuda&#8221; font_container=&#8221;tag:h4|text_align:left&#8221; google_fonts=&#8221;font_family:Raleway%3A100%2C200%2C300%2Cregular%2C500%2C600%2C700%2C800%2C900|font_style:400%20regular%3A400%3Anormal&#8221;][vc_separator color=&#8221;black&#8221;][vc_single_image image=&#8221;3953&#8243; img_size=&#8221;360&#215;220&#8243; alignment=&#8221;center&#8221; onclick=&#8221;custom_link&#8221; img_link_target=&#8221;_blank&#8221; link=&#8221;http:\/\/latamuda.com\/nuevos-espacios-para-el-arte-2015-hangar&#8221;][vc_column_text]<\/p>\n<p style=\"text-align: center;\">(click the image to see the full news)<\/p>\n<p>[\/vc_column_text][\/vc_column][\/vc_row][vc_row][vc_column width=&#8221;1\/3&#8243;][vc_empty_space][vc_custom_heading text=&#8221;Artecapital&#8221; font_container=&#8221;tag:h4|text_align:left&#8221; google_fonts=&#8221;font_family:Raleway%3A100%2C200%2C300%2Cregular%2C500%2C600%2C700%2C800%2C900|font_style:400%20regular%3A400%3Anormal&#8221;][vc_separator color=&#8221;black&#8221;][vc_single_image image=&#8221;3957&#8243; img_size=&#8221;360&#215;300&#8243; alignment=&#8221;center&#8221; onclick=&#8221;custom_link&#8221; img_link_target=&#8221;_blank&#8221; link=&#8221;http:\/\/www.artecapital.net\/preview-95-artecapital-inauguracao-hangar-centro-de-investigacao-artistica-22-maio&#8221;][vc_column_text]<\/p>\n<p style=\"text-align: center;\">(click the image to see the full news)<\/p>\n<p>[\/vc_column_text][\/vc_column][vc_column width=&#8221;1\/3&#8243;][vc_empty_space][vc_custom_heading text=&#8221;Agenda Cultural&#8221; font_container=&#8221;tag:h4|text_align:left&#8221; google_fonts=&#8221;font_family:Raleway%3A100%2C200%2C300%2Cregular%2C500%2C600%2C700%2C800%2C900|font_style:400%20regular%3A400%3Anormal&#8221;][vc_separator color=&#8221;black&#8221;][vc_single_image image=&#8221;3959&#8243; img_size=&#8221;360&#215;300&#8243; alignment=&#8221;center&#8221; onclick=&#8221;img_link_large&#8221; img_link_target=&#8221;_blank&#8221;][vc_column_text]<\/p>\n<p style=\"text-align: center;\">(click the image to see the full news)<\/p>\n<p>[\/vc_column_text][\/vc_column][vc_column width=&#8221;1\/3&#8243;][vc_empty_space][vc_custom_heading text=&#8221;RTP&#8221; font_container=&#8221;tag:h4|text_align:left&#8221; google_fonts=&#8221;font_family:Raleway%3A100%2C200%2C300%2Cregular%2C500%2C600%2C700%2C800%2C900|font_style:400%20regular%3A400%3Anormal&#8221;][vc_separator color=&#8221;black&#8221;][vc_single_image image=&#8221;4078&#8243; img_size=&#8221;360&#215;300&#8243; alignment=&#8221;center&#8221; onclick=&#8221;custom_link&#8221; img_link_target=&#8221;_blank&#8221; link=&#8221;http:\/\/www.rtp.pt\/noticias\/cultura\/processos-criativos-em-convergencia-no-hangar_v832247&#8243;][vc_column_text]<\/p>\n<p style=\"text-align: center;\">(click the image to see the full news)<\/p>\n<p>[\/vc_column_text][\/vc_column][\/vc_row][vc_row][vc_column width=&#8221;1\/3&#8243;][vc_empty_space][vc_custom_heading text=&#8221;Time Out&#8221; font_container=&#8221;tag:h4|text_align:left&#8221; google_fonts=&#8221;font_family:Raleway%3A100%2C200%2C300%2Cregular%2C500%2C600%2C700%2C800%2C900|font_style:400%20regular%3A400%3Anormal&#8221;][vc_separator color=&#8221;black&#8221;][vc_single_image image=&#8221;4100&#8243; img_size=&#8221;360&#215;300&#8243; alignment=&#8221;center&#8221; onclick=&#8221;custom_link&#8221; img_link_target=&#8221;_blank&#8221; link=&#8221;http:\/\/www.artecapital.net\/preview-95-artecapital-inauguracao-hangar-centro-de-investigacao-artistica-22-maio&#8221;][vc_column_text]<\/p>\n<p style=\"text-align: center;\">(click the image to see the full news)<\/p>\n<p>[\/vc_column_text][\/vc_column][vc_column width=&#8221;1\/3&#8243;][vc_empty_space][\/vc_column][vc_column width=&#8221;1\/3&#8243;][vc_empty_space][\/vc_column][\/vc_row]<\/p>\n<\/div>","protected":false},"excerpt":{"rendered":"<p>[vc_row][vc_column][vc_empty_space height=&#8221;5px&#8221;][vc_separator color=&#8221;black&#8221;][\/vc_column][\/vc_row][vc_row][vc_column width=&#8221;1\/3&#8243;][vc_empty_space][vc_custom_heading text=&#8221;Revista Contempor\u00e2nea&#8221; font_container=&#8221;tag:h4|text_align:left&#8221; google_fonts=&#8221;font_family:Raleway%3A100%2C200%2C300%2Cregular%2C500%2C600%2C700%2C800%2C900|font_style:400%20regular%3A400%3Anormal&#8221;][vc_separator color=&#8221;black&#8221;][vc_single_image image=&#8221;3945&#8243; img_size=&#8221;360&#215;220&#8243; alignment=&#8221;center&#8221; onclick=&#8221;custom_link&#8221; img_link_target=&#8221;_blank&#8221; link=&#8221;http:\/\/contemporanea.pt\/JANEIRO2016\/plagiarofuturo\/?utm_source=newsletter&amp;utm_medium=email&amp;utm_campaign=contemporanea_janeiro_2016&#8243;][vc_column_text] (click the image to see the full news) [\/vc_column_text][\/vc_column][vc_column width=&#8221;1\/3&#8243;][vc_empty_space][vc_custom_heading text=&#8221;Time out&#8221; font_container=&#8221;tag:h4|text_align:left&#8221; google_fonts=&#8221;font_family:Raleway%3A100%2C200%2C300%2Cregular%2C500%2C600%2C700%2C800%2C900|font_style:400%20regular%3A400%3Anormal&#8221;][vc_separator color=&#8221;black&#8221;][vc_single_image&hellip;<\/p>\n","protected":false},"author":2,"featured_media":0,"parent":0,"menu_order":0,"comment_status":"closed","ping_status":"closed","template":"","meta":{"footnotes":""},"class_list":["post-3539","page","type-page","status-publish","hentry"],"_links":{"self":[{"href":"http:\/\/hangar.com.pt\/en\/wp-json\/wp\/v2\/pages\/3539","targetHints":{"allow":["GET"]}}],"collection":[{"href":"http:\/\/hangar.com.pt\/en\/wp-json\/wp\/v2\/pages"}],"about":[{"href":"http:\/\/hangar.com.pt\/en\/wp-json\/wp\/v2\/types\/page"}],"author":[{"embeddable":true,"href":"http:\/\/hangar.com.pt\/en\/wp-json\/wp\/v2\/users\/2"}],"replies":[{"embeddable":true,"href":"http:\/\/hangar.com.pt\/en\/wp-json\/wp\/v2\/comments?post=3539"}],"version-history":[{"count":0,"href":"http:\/\/hangar.com.pt\/en\/wp-json\/wp\/v2\/pages\/3539\/revisions"}],"wp:attachment":[{"href":"http:\/\/hangar.com.pt\/en\/wp-json\/wp\/v2\/media?parent=3539"}],"curies":[{"name":"wp","href":"https:\/\/api.w.org\/{rel}","templated":true}]}}